{"id":38038,"date":"2025-02-20T23:34:52","date_gmt":"2025-02-20T22:34:52","guid":{"rendered":"http:\/\/olemosaic.com\/producto\/4-bols-de-coco-de-13-x-6-cm-isla-tenerife-5\/"},"modified":"2025-07-25T19:16:21","modified_gmt":"2025-07-25T17:16:21","slug":"4-tacas-de-coco-de-13-x-6-cm-ilha-tenerife-5-pt-pt","status":"publish","type":"product","link":"https:\/\/olemosaic.com\/pt-pt\/produto\/4-tacas-de-coco-de-13-x-6-cm-ilha-tenerife-5-pt-pt\/","title":{"rendered":"4 Ta\u00e7as de coco de 13 x 6 cm. Ilha. Tenerife. Can\u00e1rias."},"content":{"rendered":"<p>Estas requintadas ta\u00e7as de coco de 13 x 6 cm s\u00e3o um reflexo fiel da rica tradi\u00e7\u00e3o artesanal de Tenerife. Cada uma apresenta um design \u00fanico, adornado com motivos vibrantes em tons de azul, rosa, amarelo e mais, que evocam a diversidade e beleza da paisagem das Can\u00e1rias. O seu acabamento brilhante real\u00e7a os detalhes de cada pe\u00e7a, fazendo com que as cores ganhem vida e tragam um toque distintivo a qualquer lar. Com as suas formas arredondadas e um elegante mosaico que as adorna, estas ta\u00e7as s\u00e3o ideais para servir aperitivos e tamb\u00e9m perfeitas como elementos decorativos, proporcionando um ar de frescura e alegria.<\/p>\n<p>O uso de materiais naturais no seu fabrico sublinha o compromisso com a sustentabilidade e a autenticidade, convertendo estas ta\u00e7as num souvenir representativo da cultura das Can\u00e1rias. Cada ta\u00e7a, com o seu encanto artesanal, torna-se uma recorda\u00e7\u00e3o perfeita para quem visita Tenerife, capturando a ess\u00eancia da ilha numa pe\u00e7a funcional e decorativa. Na Ol\u00e9 Mosaic, como grossista de souvenirs de Tenerife, oferecemos estas ta\u00e7as de coco por grosso, ideais para lojas de presentes tur\u00edsticos que procuram artigos \u00fanicos e significativos. Estes souvenirs da ilha de Tenerife n\u00e3o s\u00e3o apenas um deleite visual, mas tamb\u00e9m um peda\u00e7o da alma das Can\u00e1rias que os turistas querer\u00e3o levar para casa.<\/p>\n","protected":false},"excerpt":{"rendered":"<p>Ta\u00e7as de coco de 13 x 6 cm, perfeitas como recorda\u00e7\u00e3o de Tenerife. Cada uma apresenta um design \u00fanico com motivos coloridos em tons de azul, rosa, amarelo e mais, destacando-se pelo seu acabamento brilhante que real\u00e7a os detalhes. Estas pe\u00e7as, elaboradas a partir de material natural, est\u00e3o decoradas com formas arredondadas e um elegante mosaico que evoca a vibrante paisagem das Can\u00e1rias. Ideais para servir aperitivos ou como elemento decorativo.<\/p>\n","protected":false},"featured_media":12119,"template":"","meta":{"_acf_changed":false},"product_brand":[],"product_cat":[513],"product_tag":[],"class_list":{"0":"post-38038","1":"product","2":"type-product","3":"status-publish","4":"has-post-thumbnail","6":"product_cat-bols","7":"pa_ciudad-tenerife","8":"pa_motivo-ilhas","9":"pa_pais-espana","11":"first","12":"instock","13":"shipping-taxable","14":"product-type-simple"},"acf":[],"_links":{"self":[{"href":"https:\/\/olemosaic.com\/pt-pt\/wp-json\/wp\/v2\/product\/38038","targetHints":{"allow":["GET"]}}],"collection":[{"href":"https:\/\/olemosaic.com\/pt-pt\/wp-json\/wp\/v2\/product"}],"about":[{"href":"https:\/\/olemosaic.com\/pt-pt\/wp-json\/wp\/v2\/types\/product"}],"wp:featuredmedia":[{"embeddable":true,"href":"https:\/\/olemosaic.com\/pt-pt\/wp-json\/wp\/v2\/media\/12119"}],"wp:attachment":[{"href":"https:\/\/olemosaic.com\/pt-pt\/wp-json\/wp\/v2\/media?parent=38038"}],"wp:term":[{"taxonomy":"product_brand","embeddable":true,"href":"https:\/\/olemosaic.com\/pt-pt\/wp-json\/wp\/v2\/product_brand?post=38038"},{"taxonomy":"product_cat","embeddable":true,"href":"https:\/\/olemosaic.com\/pt-pt\/wp-json\/wp\/v2\/product_cat?post=38038"},{"taxonomy":"product_tag","embeddable":true,"href":"https:\/\/olemosaic.com\/pt-pt\/wp-json\/wp\/v2\/product_tag?post=38038"}],"curies":[{"name":"wp","href":"https:\/\/api.w.org\/{rel}","templated":true}]}}