{"id":38037,"date":"2025-02-20T23:34:52","date_gmt":"2025-02-20T22:34:52","guid":{"rendered":"http:\/\/olemosaic.com\/producto\/4-bols-de-coco-de-13-x-6-cm-salamandra-barcelona-3\/"},"modified":"2025-07-25T19:27:50","modified_gmt":"2025-07-25T17:27:50","slug":"4-tacas-de-coco-de-13-x-6-cm-salamandra-barcelona-3","status":"publish","type":"product","link":"https:\/\/olemosaic.com\/pt-pt\/produto\/4-tacas-de-coco-de-13-x-6-cm-salamandra-barcelona-3\/","title":{"rendered":"4 Ta\u00e7as de coco de 13 x 6 cm. Salamandra. Gaud\u00ed. Barcelona."},"content":{"rendered":"<p>Estas encantadoras ta\u00e7as de coco decorativas, inspiradas na vibrante iconografia de Barcelona, s\u00e3o o complemento perfeito para qualquer casa ou evento social. Cada ta\u00e7a, de 13 x 6 cm, est\u00e1 dispon\u00edvel em quatro cores chamativas: azul, vermelho, laranja e f\u00facsia. A decora\u00e7\u00e3o apresenta um design \u00fanico com motivos de cora\u00e7\u00f5es e, como elemento de destaque, uma elegante salamandra, s\u00edmbolo emblem\u00e1tico da cultura catal\u00e3 que evoca a criatividade e a arte da cidade.<\/p>\n<p>A palavra &#8220;Barcelona&#8221; est\u00e1 gravada em cada pe\u00e7a, lo que refor\u00e7a a liga\u00e7\u00e3o cultural do produto e o torna um souvenir representativo da cidade. Fabricadas num material leve, estas ta\u00e7as s\u00e3o ideais para servir aperitivos, al\u00e9m de serem elementos decorativos cheios de cor para qualquer espa\u00e7o.<\/p>\n<p>Como distribuidor de souvenirs por grosso, a Ol\u00e9 Mosaic oferece estas originais ta\u00e7as de coco, perfeitas para lojas de presentes tur\u00edsticos que procuram produtos aut\u00eanticos que captem a ess\u00eancia de Barcelona. Com o seu design muito especial e a sua relev\u00e2ncia cultural, estas ta\u00e7as s\u00e3o uma excelente op\u00e7\u00e3o para os turistas que desejam levar para casa um toque da cultura catal\u00e3 e uma recorda\u00e7\u00e3o vibrante da sua visita a esta emblem\u00e1tica cidade.<\/p>\n","protected":false},"excerpt":{"rendered":"<p>Ta\u00e7as de coco decorativas de 13 x 6 cm, inspiradas na iconografia de Barcelona. Cada ta\u00e7a apresenta um acabamento vibrante em quatro cores: azul, vermelho, laranja e f\u00facsia, adornadas com motivos de cora\u00e7\u00f5es. O seu design muito especial inclui uma elegante salamandra, s\u00edmbolo da cultura catal\u00e3, e a palavra &#8220;Barcelona&#8221; gravada em cada pe\u00e7a. Fabricadas com um material leve, s\u00e3o perfeitas para servir aperitivos ou como elemento decorativo em qualquer casa.<\/p>\n","protected":false},"featured_media":10675,"template":"","meta":{"_acf_changed":false},"product_brand":[],"product_cat":[513],"product_tag":[516],"class_list":{"0":"post-38037","1":"product","2":"type-product","3":"status-publish","4":"has-post-thumbnail","6":"product_cat-bols","7":"product_tag-animais","8":"pa_ciudad-barcelona","9":"pa_motivo-salamandras","10":"pa_pais-espana","12":"first","13":"instock","14":"shipping-taxable","15":"product-type-simple"},"acf":[],"_links":{"self":[{"href":"https:\/\/olemosaic.com\/pt-pt\/wp-json\/wp\/v2\/product\/38037","targetHints":{"allow":["GET"]}}],"collection":[{"href":"https:\/\/olemosaic.com\/pt-pt\/wp-json\/wp\/v2\/product"}],"about":[{"href":"https:\/\/olemosaic.com\/pt-pt\/wp-json\/wp\/v2\/types\/product"}],"wp:featuredmedia":[{"embeddable":true,"href":"https:\/\/olemosaic.com\/pt-pt\/wp-json\/wp\/v2\/media\/10675"}],"wp:attachment":[{"href":"https:\/\/olemosaic.com\/pt-pt\/wp-json\/wp\/v2\/media?parent=38037"}],"wp:term":[{"taxonomy":"product_brand","embeddable":true,"href":"https:\/\/olemosaic.com\/pt-pt\/wp-json\/wp\/v2\/product_brand?post=38037"},{"taxonomy":"product_cat","embeddable":true,"href":"https:\/\/olemosaic.com\/pt-pt\/wp-json\/wp\/v2\/product_cat?post=38037"},{"taxonomy":"product_tag","embeddable":true,"href":"https:\/\/olemosaic.com\/pt-pt\/wp-json\/wp\/v2\/product_tag?post=38037"}],"curies":[{"name":"wp","href":"https:\/\/api.w.org\/{rel}","templated":true}]}}