{"id":38031,"date":"2025-02-20T23:34:43","date_gmt":"2025-02-20T22:34:43","guid":{"rendered":"http:\/\/olemosaic.com\/producto\/vaso-de-chupito-de-ceramica-flores-blanco\/"},"modified":"2025-07-25T19:46:30","modified_gmt":"2025-07-25T17:46:30","slug":"copo-de-shot-de-ceramica-flores-branco-pt-pt","status":"publish","type":"product","link":"https:\/\/olemosaic.com\/pt-pt\/produto\/copo-de-shot-de-ceramica-flores-branco-pt-pt\/","title":{"rendered":"Copo de shot de cer\u00e2mica. Flores. Branco."},"content":{"rendered":"<p>Este copo de shot de cer\u00e2mica decorada \u00e9 uma representa\u00e7\u00e3o vibrante da arte popular espanhola, desenhado para capturar a ess\u00eancia da tradi\u00e7\u00e3o. A sua base branca contrasta com um interior vermelho brilhante, conferindo um toque de calor e alegria. A superf\u00edcie do copo est\u00e1 adornada com um intrincado design floral em tons de azul, amarelo e vermelho, que evocam a beleza da flora mediterr\u00e2nica e o estilo mosaico caracter\u00edstico de muitas regi\u00f5es de Espanha, especialmente na Andaluzia. Cada flor \u00e9 delineada com um tra\u00e7o preto subtil, o que real\u00e7a as cores e lhes confere um ar de sofistica\u00e7\u00e3o art\u00edstica.<\/p>\n<p>Este copo n\u00e3o \u00e9 apenas perfeito para servir shots em celebra\u00e7\u00f5es, mas tamb\u00e9m funciona como um encantador elemento decorativo que traz um toque festivo a qualquer espa\u00e7o. A t\u00e9cnica de pintura \u00e0 m\u00e3o garante que cada pe\u00e7a seja \u00fanica, o que adiciona um valor especial e uma hist\u00f3ria a cada copo. Considerado uma lembran\u00e7a representativa do folclore espanhol, este copo de shot \u00e9 ideal para turistas que procuram levar uma recorda\u00e7\u00e3o aut\u00eantica da sua visita. Na Ol\u00e9 Mosaic, como distribuidor de lembran\u00e7as por grosso, oferecemos este produto como uma excelente op\u00e7\u00e3o para neg\u00f3cios que procuram artigos que se destaquem pela sua qualidade e rica heran\u00e7a cultural.<\/p>\n","protected":false},"excerpt":{"rendered":"<p>Copo de shot de cer\u00e2mica decorado com flores vibrantes num design colorido de mosaico. Este atraente copo, com fundo branco e interior vermelho, apresenta uma encantadora combina\u00e7\u00e3o de tons azuis, amarelos e vermelhos que evocam o estilo vibrante da arte popular espanhola. Perfeito para servir bebidas em celebra\u00e7\u00f5es ou como pe\u00e7a decorativa, este copo destaca-se pela sua t\u00e9cnica de design artesanal, pintado \u00e0 m\u00e3o, ideal para quem procura um toque alegre na sua casa.<\/p>\n","protected":false},"featured_media":8923,"template":"","meta":{"_acf_changed":false},"product_brand":[],"product_cat":[815],"product_tag":[515],"class_list":{"0":"post-38031","1":"product","2":"type-product","3":"status-publish","4":"has-post-thumbnail","6":"product_cat-copos-de-shot","7":"product_tag-ceramica","8":"pa_motivo-flores","10":"first","11":"instock","12":"shipping-taxable","13":"product-type-simple"},"acf":[],"_links":{"self":[{"href":"https:\/\/olemosaic.com\/pt-pt\/wp-json\/wp\/v2\/product\/38031","targetHints":{"allow":["GET"]}}],"collection":[{"href":"https:\/\/olemosaic.com\/pt-pt\/wp-json\/wp\/v2\/product"}],"about":[{"href":"https:\/\/olemosaic.com\/pt-pt\/wp-json\/wp\/v2\/types\/product"}],"wp:featuredmedia":[{"embeddable":true,"href":"https:\/\/olemosaic.com\/pt-pt\/wp-json\/wp\/v2\/media\/8923"}],"wp:attachment":[{"href":"https:\/\/olemosaic.com\/pt-pt\/wp-json\/wp\/v2\/media?parent=38031"}],"wp:term":[{"taxonomy":"product_brand","embeddable":true,"href":"https:\/\/olemosaic.com\/pt-pt\/wp-json\/wp\/v2\/product_brand?post=38031"},{"taxonomy":"product_cat","embeddable":true,"href":"https:\/\/olemosaic.com\/pt-pt\/wp-json\/wp\/v2\/product_cat?post=38031"},{"taxonomy":"product_tag","embeddable":true,"href":"https:\/\/olemosaic.com\/pt-pt\/wp-json\/wp\/v2\/product_tag?post=38031"}],"curies":[{"name":"wp","href":"https:\/\/api.w.org\/{rel}","templated":true}]}}