{"id":38029,"date":"2025-02-20T23:34:43","date_gmt":"2025-02-20T22:34:43","guid":{"rendered":"http:\/\/olemosaic.com\/producto\/vaso-de-chupito-de-ceramica-camino-de-santiago-beige\/"},"modified":"2025-07-25T19:03:46","modified_gmt":"2025-07-25T17:03:46","slug":"copo-de-shot-de-ceramica-caminho-de-santiago-bege-pt-pt","status":"publish","type":"product","link":"https:\/\/olemosaic.com\/pt-pt\/produto\/copo-de-shot-de-ceramica-caminho-de-santiago-bege-pt-pt\/","title":{"rendered":"Copo de shot de cer\u00e2mica. Caminho de Santiago. Bege."},"content":{"rendered":"<p>Este copo de shot de cer\u00e2mica decorada \u00e9 uma recorda\u00e7\u00e3o encantadora que celebra o esp\u00edrito do Caminho de Santiago. Com um design atraente em tom bege, o copo destaca-se pelas suas ilustra\u00e7\u00f5es coloridas que retratam o peregrino, a c\u00e9lebre catedral de Santiago e a ic\u00f3nica concha, s\u00edmbolo desta hist\u00f3rica rota de peregrina\u00e7\u00e3o. Os pormenores meticulosamente pintados \u00e0 m\u00e3o conferem-lhe um toque artesanal, transformando cada pe\u00e7a num artigo \u00fanico que reflete a riqueza cultural da Galiza.<\/p>\n<p>Numa face, aprecia-se a figura do peregrino, que convida os viajantes a juntarem-se a esta travessia espiritual, enquanto a imponente Catedral de Santiago, reconhecida como Patrim\u00f3nio da Humanidade, se ergue como s\u00edmbolo de devo\u00e7\u00e3o e comunidade. No verso, a concha, elemento distintivo dos caminhantes do caminho, recorda a liga\u00e7\u00e3o de cada viajante com esta tradi\u00e7\u00e3o centen\u00e1ria. O rebordo preto proporciona um contraste elegante que real\u00e7a ainda mais a vibrante paleta de cores.<\/p>\n<p>Ideal tanto para tomar um shot como para o exibir em qualquer espa\u00e7o, este copo \u00e9 uma lembran\u00e7a perfeita para quem procura uma pe\u00e7a aut\u00eantica que capture a ess\u00eancia do Caminho de Santiago. Na Ol\u00e9 Mosaic oferecemos esta e outras lembran\u00e7as decorativas que representam fielmente o patrim\u00f3nio espanhol, ideais para lojas de presentes tur\u00edsticos em busca de produtos memor\u00e1veis e cheios de hist\u00f3ria.<\/p>\n","protected":false},"excerpt":{"rendered":"<p>Copo de shot de cer\u00e2mica decorado, relacionado com o Caminho de Santiago. Este atraente copo bege apresenta ilustra\u00e7\u00f5es coloridas que representam o peregrino e a famosa catedral de Santiago, al\u00e9m da ic\u00f3nica concha do caminho. Com pormenores pintados \u00e0 m\u00e3o e um rebordo preto, \u00e9 uma lembran\u00e7a ideal para recordar esta rota hist\u00f3rica. Perfeito para tomar um shot ou como pe\u00e7a decorativa.<\/p>\n","protected":false},"featured_media":7357,"template":"","meta":{"_acf_changed":false},"product_brand":[],"product_cat":[815],"product_tag":[515],"class_list":{"0":"post-38029","1":"product","2":"type-product","3":"status-publish","4":"has-post-thumbnail","6":"product_cat-copos-de-shot","7":"product_tag-ceramica","8":"pa_ciudad-santiago","9":"pa_pais-espana","11":"first","12":"instock","13":"shipping-taxable","14":"product-type-simple"},"acf":[],"_links":{"self":[{"href":"https:\/\/olemosaic.com\/pt-pt\/wp-json\/wp\/v2\/product\/38029","targetHints":{"allow":["GET"]}}],"collection":[{"href":"https:\/\/olemosaic.com\/pt-pt\/wp-json\/wp\/v2\/product"}],"about":[{"href":"https:\/\/olemosaic.com\/pt-pt\/wp-json\/wp\/v2\/types\/product"}],"wp:featuredmedia":[{"embeddable":true,"href":"https:\/\/olemosaic.com\/pt-pt\/wp-json\/wp\/v2\/media\/7357"}],"wp:attachment":[{"href":"https:\/\/olemosaic.com\/pt-pt\/wp-json\/wp\/v2\/media?parent=38029"}],"wp:term":[{"taxonomy":"product_brand","embeddable":true,"href":"https:\/\/olemosaic.com\/pt-pt\/wp-json\/wp\/v2\/product_brand?post=38029"},{"taxonomy":"product_cat","embeddable":true,"href":"https:\/\/olemosaic.com\/pt-pt\/wp-json\/wp\/v2\/product_cat?post=38029"},{"taxonomy":"product_tag","embeddable":true,"href":"https:\/\/olemosaic.com\/pt-pt\/wp-json\/wp\/v2\/product_tag?post=38029"}],"curies":[{"name":"wp","href":"https:\/\/api.w.org\/{rel}","templated":true}]}}