{"id":38028,"date":"2025-02-20T22:34:43","date_gmt":"2025-02-20T22:34:43","guid":{"rendered":"http:\/\/olemosaic.com\/producto\/vaso-de-chupito-de-ceramica-valencia-blanco\/"},"modified":"2025-07-25T18:44:48","modified_gmt":"2025-07-25T16:44:48","slug":"copo-de-shot-de-ceramica-valencia-branco-pt-pt","status":"publish","type":"product","link":"https:\/\/olemosaic.com\/pt-pt\/produto\/copo-de-shot-de-ceramica-valencia-branco-pt-pt\/","title":{"rendered":"Copo de shot de cer\u00e2mica. Val\u00eancia. Branco."},"content":{"rendered":"<p>Este copo de shot de cer\u00e2mica decorada \u00e9 uma encantadora recorda\u00e7\u00e3o de Val\u00eancia, desenhado para capturar a ess\u00eancia vibrante desta bela cidade. Apresenta um elegante acabamento branco com um interior vermelho luminoso, que cria um contraste visual atraente. As ilustra\u00e7\u00f5es incluem a ic\u00f3nica Cidade das Artes e das Ci\u00eancias e a hist\u00f3rica Lota da Seda (Lonja de la Seda), ambas fundamentais na identidade cultural valenciana. Estes monumentos est\u00e3o rodeados de pormenores coloridos em mosaico que evocam a rica tradi\u00e7\u00e3o art\u00edstica da regi\u00e3o.<\/p>\n<p>Este copo, al\u00e9m de ser um objeto funcional, torna-se uma pe\u00e7a de cole\u00e7\u00e3o que recorda momentos memor\u00e1veis vividos em Val\u00eancia. A cer\u00e2mica utilizada n\u00e3o s\u00f3 garante durabilidade, como tamb\u00e9m reflete a autenticidade das recorda\u00e7\u00f5es t\u00edpicas da zona. \u00c9 ideal para os turistas que procuram uma forma especial de levar um peda\u00e7o de Val\u00eancia para casa, recordando as suas ruas e a sua cultura vibrante a cada gole.<\/p>\n<p>Ol\u00e9 Mosaic orgulha-se de distribuir recorda\u00e7\u00f5es de cer\u00e2mica de qualidade por grosso, perfeitas para lojas de presentes tur\u00edsticos que desejem oferecer produtos aut\u00eanticos de Val\u00eancia. Este copo de shot \u00e9, sem d\u00favida, uma excelente op\u00e7\u00e3o para quem aprecia a fus\u00e3o de funcionalidade e valor cultural numa recorda\u00e7\u00e3o.<\/p>\n","protected":false},"excerpt":{"rendered":"<p>Copo de shot de cer\u00e2mica decorado com representa\u00e7\u00f5es ic\u00f3nicas de Val\u00eancia. Este atraente copo apresenta um design branco com o interior vermelho, adornado com ilustra\u00e7\u00f5es de monumentos como a Cidade das Artes e das Ci\u00eancias e a Lota da Seda, rodeados de pormenores coloridos de mosaico. Perfeito para capturar a ess\u00eancia da cidade, \u00e9 a lembran\u00e7a ideal para recordar momentos especiais em Val\u00eancia.<\/p>\n","protected":false},"featured_media":9878,"template":"","meta":{"_acf_changed":false},"product_brand":[],"product_cat":[815],"product_tag":[515],"class_list":{"0":"post-38028","1":"product","2":"type-product","3":"status-publish","4":"has-post-thumbnail","6":"product_cat-copos-de-shot","7":"product_tag-ceramica","8":"pa_ciudad-valencia","9":"pa_pais-espana","11":"first","12":"instock","13":"shipping-taxable","14":"product-type-simple"},"acf":[],"_links":{"self":[{"href":"https:\/\/olemosaic.com\/pt-pt\/wp-json\/wp\/v2\/product\/38028","targetHints":{"allow":["GET"]}}],"collection":[{"href":"https:\/\/olemosaic.com\/pt-pt\/wp-json\/wp\/v2\/product"}],"about":[{"href":"https:\/\/olemosaic.com\/pt-pt\/wp-json\/wp\/v2\/types\/product"}],"wp:featuredmedia":[{"embeddable":true,"href":"https:\/\/olemosaic.com\/pt-pt\/wp-json\/wp\/v2\/media\/9878"}],"wp:attachment":[{"href":"https:\/\/olemosaic.com\/pt-pt\/wp-json\/wp\/v2\/media?parent=38028"}],"wp:term":[{"taxonomy":"product_brand","embeddable":true,"href":"https:\/\/olemosaic.com\/pt-pt\/wp-json\/wp\/v2\/product_brand?post=38028"},{"taxonomy":"product_cat","embeddable":true,"href":"https:\/\/olemosaic.com\/pt-pt\/wp-json\/wp\/v2\/product_cat?post=38028"},{"taxonomy":"product_tag","embeddable":true,"href":"https:\/\/olemosaic.com\/pt-pt\/wp-json\/wp\/v2\/product_tag?post=38028"}],"curies":[{"name":"wp","href":"https:\/\/api.w.org\/{rel}","templated":true}]}}