{"id":38027,"date":"2025-02-20T23:34:39","date_gmt":"2025-02-20T22:34:39","guid":{"rendered":"http:\/\/olemosaic.com\/producto\/vaso-de-chupito-de-ceramica-alicatado-blanco-2\/"},"modified":"2025-07-25T20:22:37","modified_gmt":"2025-07-25T18:22:37","slug":"copo-de-shot-de-ceramica-alicatado-branco-2-pt-pt","status":"publish","type":"product","link":"https:\/\/olemosaic.com\/pt-pt\/produto\/copo-de-shot-de-ceramica-alicatado-branco-2-pt-pt\/","title":{"rendered":"Copo de shot de cer\u00e2mica. Alicatado. Branco. Andaluzia."},"content":{"rendered":"<p>Este copo de shot de cer\u00e2mica alicatada \u00e9 uma bela representa\u00e7\u00e3o da arte tradicional andaluza, ideal para quem procura recorda\u00e7\u00f5es aut\u00eanticas de Espanha. Com um design vibrante em branco, vermelho, verde, azul, preto e laranja, este copo n\u00e3o s\u00f3 \u00e9 funcional, como tamb\u00e9m um objeto decorativo requintado que capta a ess\u00eancia cultural da Andaluzia. O exterior apresenta um intrincado motivo geom\u00e9trico inspirado nos azulejos alicatados, que se destacam pelas suas formas sim\u00e9tricas e coloridas, evocando a rica heran\u00e7a art\u00edstica das cidades andaluzas. O chamativo interior vermelho real\u00e7a ainda mais a riqueza crom\u00e1tica do copo, criando um contraste espetacular que o faz destacar em qualquer mesa.<\/p>\n<p>Este copo de shot \u00e9 perfeito para desfrutar de uma bebida em celebra\u00e7\u00f5es e ocasi\u00f5es especiais, tornando-se uma recorda\u00e7\u00e3o tang\u00edvel do calor da cultura espanhola. Na Ol\u00e9 Mosaic, somos especialistas na distribui\u00e7\u00e3o de recorda\u00e7\u00f5es por grosso, e este copo \u00e9 uma excelente op\u00e7\u00e3o para lojas de presentes tur\u00edsticos, oferecendo um peda\u00e7o da Andaluzia aos viajantes que procuram levar para casa algo aut\u00eantico e relevante. Uma recorda\u00e7\u00e3o que n\u00e3o s\u00f3 \u00e9 pr\u00e1tica, como tamb\u00e9m conta uma hist\u00f3ria. Descubra a beleza das recorda\u00e7\u00f5es de cer\u00e2mica e transforme cada celebra\u00e7\u00e3o numa experi\u00eancia \u00fanica.<\/p>\n","protected":false},"excerpt":{"rendered":"<p>Copo de shot de cer\u00e2mica alicatado com um design vibrante em branco, vermelho, verde, azul, preto e laranja. A pe\u00e7a apresenta um intrincado motivo geom\u00e9trico inspirado na arte do alicatado, pr\u00f3pria das tradi\u00e7\u00f5es artesanais andaluzas. O interior vermelho real\u00e7a a riqueza crom\u00e1tica do exterior, onde se alternam formas sim\u00e9tricas e coloridas, criando um objeto decorativo e funcional, ideal para desfrutar de uma bebida em celebra\u00e7\u00f5es e ocasi\u00f5es especiais.<\/p>\n","protected":false},"featured_media":8448,"template":"","meta":{"_acf_changed":false},"product_brand":[],"product_cat":[815],"product_tag":[515],"class_list":{"0":"post-38027","1":"product","2":"type-product","3":"status-publish","4":"has-post-thumbnail","6":"product_cat-copos-de-shot","7":"product_tag-ceramica","8":"pa_motivo-ladrilho","10":"first","11":"instock","12":"shipping-taxable","13":"product-type-simple"},"acf":[],"_links":{"self":[{"href":"https:\/\/olemosaic.com\/pt-pt\/wp-json\/wp\/v2\/product\/38027","targetHints":{"allow":["GET"]}}],"collection":[{"href":"https:\/\/olemosaic.com\/pt-pt\/wp-json\/wp\/v2\/product"}],"about":[{"href":"https:\/\/olemosaic.com\/pt-pt\/wp-json\/wp\/v2\/types\/product"}],"wp:featuredmedia":[{"embeddable":true,"href":"https:\/\/olemosaic.com\/pt-pt\/wp-json\/wp\/v2\/media\/8448"}],"wp:attachment":[{"href":"https:\/\/olemosaic.com\/pt-pt\/wp-json\/wp\/v2\/media?parent=38027"}],"wp:term":[{"taxonomy":"product_brand","embeddable":true,"href":"https:\/\/olemosaic.com\/pt-pt\/wp-json\/wp\/v2\/product_brand?post=38027"},{"taxonomy":"product_cat","embeddable":true,"href":"https:\/\/olemosaic.com\/pt-pt\/wp-json\/wp\/v2\/product_cat?post=38027"},{"taxonomy":"product_tag","embeddable":true,"href":"https:\/\/olemosaic.com\/pt-pt\/wp-json\/wp\/v2\/product_tag?post=38027"}],"curies":[{"name":"wp","href":"https:\/\/api.w.org\/{rel}","templated":true}]}}