{"id":38025,"date":"2025-02-20T23:34:39","date_gmt":"2025-02-20T22:34:39","guid":{"rendered":"http:\/\/olemosaic.com\/producto\/vaso-de-ceramica-valencia-blanco\/"},"modified":"2025-07-25T19:03:01","modified_gmt":"2025-07-25T17:03:01","slug":"copo-de-ceramica-valencia-branco-pt-pt","status":"publish","type":"product","link":"https:\/\/olemosaic.com\/pt-pt\/produto\/copo-de-ceramica-valencia-branco-pt-pt\/","title":{"rendered":"Copo de cer\u00e2mica. Val\u00eancia. Branco."},"content":{"rendered":"<p>Este copo de cer\u00e2mica, inspirado na vibrante cidade de Val\u00eancia, \u00e9 uma recorda\u00e7\u00e3o elegante que capta a ess\u00eancia desta emblem\u00e1tica regi\u00e3o espanhola. Decorado com um design colorido, este copo combina motivos representativos do Mercado Central e da futurista Cidade das Artes e das Ci\u00eancias, tornando-o um artigo distintivo que reflete a rica cultura valenciana. Com um fundo branco impoluto, os detalhes em mosaico pintados \u00e0 m\u00e3o real\u00e7am-se com uma paleta de cores brilhantes, desde os azuis e vermelhos intensos at\u00e9 aos amarelos e verdes que d\u00e3o vida \u00e0 c\u00e9lebre arquitetura local. Na parte superior do copo, a palavra \u201cVAL\u00caNCIA\u201d destaca-se com letras chamativas, acrescentando um toque de autenticidade e liga\u00e7\u00e3o cultural. Al\u00e9m disso, conta com uma tampa vermelha que n\u00e3o s\u00f3 confere um elemento pr\u00e1tico, como tamb\u00e9m complementa na perfei\u00e7\u00e3o o colorido design, tornando-o a escolha ideal para levar as suas bebidas para qualquer lugar. Este copo n\u00e3o \u00e9 apenas uma recorda\u00e7\u00e3o de Val\u00eancia, mas tamb\u00e9m uma excelente op\u00e7\u00e3o para turistas que procuram lembran\u00e7as aut\u00eanticas e representativas. Na Ol\u00e9 Mosaic, como distribuidores de recorda\u00e7\u00f5es por grosso, oferecemos produtos que celebram a riqueza cultural e a singularidade de cada regi\u00e3o, fazendo deste copo a recorda\u00e7\u00e3o perfeita para lojas de presentes tur\u00edsticos.<\/p>\n","protected":false},"excerpt":{"rendered":"<p>Copo de cer\u00e2mica inspirado na vibrante cidade de Val\u00eancia, decorado com um design colorido que funde motivos do Mercado Central e da Cidade das Artes e das Ci\u00eancias. Este atraente copo, num elegante branco, apresenta detalhes de mosaico pintados \u00e0 m\u00e3o numa paleta de cores brilhantes, destacando elementos arquitet\u00f3nicos e a palavra &#8220;VAL\u00caNCIA&#8221; na parte superior. A sua tampa vermelha acrescenta um toque pr\u00e1tico e moderno, ideal para desfrutar das suas bebidas em qualquer lugar.<\/p>\n","protected":false},"featured_media":9875,"template":"","meta":{"_acf_changed":false},"product_brand":[],"product_cat":[828],"product_tag":[515],"class_list":{"0":"post-38025","1":"product","2":"type-product","3":"status-publish","4":"has-post-thumbnail","6":"product_cat-copos","7":"product_tag-ceramica","8":"pa_ciudad-valencia","9":"pa_pais-espana","11":"first","12":"instock","13":"shipping-taxable","14":"product-type-simple"},"acf":[],"_links":{"self":[{"href":"https:\/\/olemosaic.com\/pt-pt\/wp-json\/wp\/v2\/product\/38025","targetHints":{"allow":["GET"]}}],"collection":[{"href":"https:\/\/olemosaic.com\/pt-pt\/wp-json\/wp\/v2\/product"}],"about":[{"href":"https:\/\/olemosaic.com\/pt-pt\/wp-json\/wp\/v2\/types\/product"}],"wp:featuredmedia":[{"embeddable":true,"href":"https:\/\/olemosaic.com\/pt-pt\/wp-json\/wp\/v2\/media\/9875"}],"wp:attachment":[{"href":"https:\/\/olemosaic.com\/pt-pt\/wp-json\/wp\/v2\/media?parent=38025"}],"wp:term":[{"taxonomy":"product_brand","embeddable":true,"href":"https:\/\/olemosaic.com\/pt-pt\/wp-json\/wp\/v2\/product_brand?post=38025"},{"taxonomy":"product_cat","embeddable":true,"href":"https:\/\/olemosaic.com\/pt-pt\/wp-json\/wp\/v2\/product_cat?post=38025"},{"taxonomy":"product_tag","embeddable":true,"href":"https:\/\/olemosaic.com\/pt-pt\/wp-json\/wp\/v2\/product_tag?post=38025"}],"curies":[{"name":"wp","href":"https:\/\/api.w.org\/{rel}","templated":true}]}}