{"id":38024,"date":"2025-02-20T23:34:39","date_gmt":"2025-02-20T22:34:39","guid":{"rendered":"http:\/\/olemosaic.com\/producto\/vaso-de-ceramica-barcelona-blanco-2\/"},"modified":"2025-07-25T18:52:44","modified_gmt":"2025-07-25T16:52:44","slug":"copo-de-ceramica-barcelona-branco-2-pt-pt","status":"publish","type":"product","link":"https:\/\/olemosaic.com\/pt-pt\/produto\/copo-de-ceramica-barcelona-branco-2-pt-pt\/","title":{"rendered":"Copo de cer\u00e2mica. Sagrada Fam\u00edlia. Barcelona. Branco."},"content":{"rendered":"<p>Este copo de cer\u00e2mica, inspirado na vibrante arquitetura de Barcelona, \u00e9 uma pe\u00e7a \u00fanica que capta a ess\u00eancia visual desta ic\u00f3nica cidade. O seu design pintado \u00e0 m\u00e3o apresenta uma explos\u00e3o de cor que destaca elementos emblem\u00e1ticos, como a Sagrada Fam\u00edlia, misturando tonalidades em mosaicos de vermelhos, verdes e amarelos que evocam a obra do c\u00e9lebre arquiteto Antoni Gaud\u00ed. O acabamento branco brilhante do copo proporciona um belo contraste, real\u00e7ando a vivacidade dos seus detalhes art\u00edsticos.<\/p>\n<p>Atrav\u00e9s da sua decora\u00e7\u00e3o, o copo n\u00e3o \u00e9 apenas um artigo funcional, mas tamb\u00e9m uma cativante pe\u00e7a decorativa que encantar\u00e1 os amantes da arte e da cultura barcelonesa. Esta recorda\u00e7\u00e3o destaca-se pela sua autenticidade, tornando-se uma lembran\u00e7a representativa da arquitetura modernista e do car\u00e1ter \u00fanico da cidade. Ideal para turistas que procuram captar a magia de Barcelona num objeto acess\u00edvel e belo.<\/p>\n<p>Na Ol\u00e9 Mosaic, como distribuidores de recorda\u00e7\u00f5es de cer\u00e2mica por grosso, oferecemos este copo de Barcelona, perfeito para lojas de presentes tur\u00edsticos que desejem oferecer aos seus clientes uma recorda\u00e7\u00e3o aut\u00eantica que celebre a rica heran\u00e7a cultural da cidade. Com a sua combina\u00e7\u00e3o de funcionalidade e est\u00e9tica, este copo \u00e9 uma excelente op\u00e7\u00e3o para qualquer apaixonado pela cultura catal\u00e3.<\/p>\n","protected":false},"excerpt":{"rendered":"<p>Copo de cer\u00e2mica inspirado na vibrante arquitetura barcelonesa. Este copo colorido apresenta um design artesanal, pintado \u00e0 m\u00e3o, que destaca elementos emblem\u00e1ticos da cidade, como a Sagrada Fam\u00edlia, entre mosaicos em tons de vermelho, verde e amarelo. Com um acabamento branco brilhante e detalhes cheios de vida, \u00e9 tanto um objeto funcional como uma bela pe\u00e7a decorativa. Ideal para os amantes da arte e da cultura desta ic\u00f3nica cidade.<\/p>\n","protected":false},"featured_media":9498,"template":"","meta":{"_acf_changed":false},"product_brand":[],"product_cat":[828],"product_tag":[515],"class_list":{"0":"post-38024","1":"product","2":"type-product","3":"status-publish","4":"has-post-thumbnail","6":"product_cat-copos","7":"product_tag-ceramica","8":"pa_ciudad-barcelona","9":"pa_pais-espana","11":"first","12":"instock","13":"shipping-taxable","14":"product-type-simple"},"acf":[],"_links":{"self":[{"href":"https:\/\/olemosaic.com\/pt-pt\/wp-json\/wp\/v2\/product\/38024","targetHints":{"allow":["GET"]}}],"collection":[{"href":"https:\/\/olemosaic.com\/pt-pt\/wp-json\/wp\/v2\/product"}],"about":[{"href":"https:\/\/olemosaic.com\/pt-pt\/wp-json\/wp\/v2\/types\/product"}],"wp:featuredmedia":[{"embeddable":true,"href":"https:\/\/olemosaic.com\/pt-pt\/wp-json\/wp\/v2\/media\/9498"}],"wp:attachment":[{"href":"https:\/\/olemosaic.com\/pt-pt\/wp-json\/wp\/v2\/media?parent=38024"}],"wp:term":[{"taxonomy":"product_brand","embeddable":true,"href":"https:\/\/olemosaic.com\/pt-pt\/wp-json\/wp\/v2\/product_brand?post=38024"},{"taxonomy":"product_cat","embeddable":true,"href":"https:\/\/olemosaic.com\/pt-pt\/wp-json\/wp\/v2\/product_cat?post=38024"},{"taxonomy":"product_tag","embeddable":true,"href":"https:\/\/olemosaic.com\/pt-pt\/wp-json\/wp\/v2\/product_tag?post=38024"}],"curies":[{"name":"wp","href":"https:\/\/api.w.org\/{rel}","templated":true}]}}