{"id":38022,"date":"2025-02-20T23:34:33","date_gmt":"2025-02-20T22:34:33","guid":{"rendered":"http:\/\/olemosaic.com\/producto\/tapon-de-ceramica-salamandra-y-flores-blanco\/"},"modified":"2025-07-25T18:38:40","modified_gmt":"2025-07-25T16:38:40","slug":"rolha-de-ceramica-salamandra-e-flores-branco-pt-pt","status":"publish","type":"product","link":"https:\/\/olemosaic.com\/pt-pt\/produto\/rolha-de-ceramica-salamandra-e-flores-branco-pt-pt\/","title":{"rendered":"Rolha de cer\u00e2mica. Salamandra e flores. Branco."},"content":{"rendered":"<p>Esta rolha de cer\u00e2mica, decorada com uma colorida salamandra e flores, \u00e9 um acess\u00f3rio \u00fanico que confere um toque artesanal \u00e0s suas garrafas, capturando a ess\u00eancia do legado cultural espanhol. A tampa branca contrasta na perfei\u00e7\u00e3o com o vibrante design em mosaico, com intensos tons de vermelho, azul e verde, criando uma pe\u00e7a atraente e original para qualquer casa. A salamandra, s\u00edmbolo de transforma\u00e7\u00e3o e renova\u00e7\u00e3o, est\u00e1 meticulosamente pintada \u00e0 m\u00e3o, acompanhada de encantadoras flores que conferem frescura e vitalidade ao conjunto. A base de corti\u00e7a garante uma selagem perfeita, mantendo frescos os conte\u00fados da garrafa, enquanto a tampa decorativa se torna um interessante detalhe est\u00e9tico.<\/p>\n<p>Esta rolha n\u00e3o \u00e9 apenas um elemento funcional, mas tamb\u00e9m uma recorda\u00e7\u00e3o representativa da rica cultura espanhola, popular em diversas regi\u00f5es pelo seu simbolismo e design. Ao escolher esta rolha como lembran\u00e7a, os turistas podem levar um peda\u00e7o da tradi\u00e7\u00e3o art\u00edstica e do colorido folclore que caracteriza Espanha. Na Ol\u00e9 Mosaic, somos especialistas na distribui\u00e7\u00e3o de lembran\u00e7as por grosso, oferecendo produtos aut\u00eanticos que combinam beleza e funcionalidade. Esta rolha de cer\u00e2mica \u00e9 ideal para lojas de presentes tur\u00edsticos que procuram artigos \u00fanicos e significativos para os seus clientes, posicionando-se como uma excelente op\u00e7\u00e3o no mercado.<\/p>\n","protected":false},"excerpt":{"rendered":"<p>Rolha de cer\u00e2mica decorada com uma colorida salamandra e flores, ideal para dar um toque artesanal \u00e0s suas garrafas. A sua base de corti\u00e7a assegura uma selagem perfeita, enquanto a tampa branca real\u00e7a o vibrante design, com mosaicos em tons de vermelho, azul e verde. Esta pe\u00e7a de design artesanal, pintada \u00e0 m\u00e3o, inspirada no legado cultural espanhol, combina funcionalidade e est\u00e9tica, oferecendo um detalhe decorativo interessante para qualquer casa.<\/p>\n","protected":false},"featured_media":8366,"template":"","meta":{"_acf_changed":false},"product_brand":[],"product_cat":[831],"product_tag":[516,515],"class_list":{"0":"post-38022","1":"product","2":"type-product","3":"status-publish","4":"has-post-thumbnail","6":"product_cat-rolhas","7":"product_tag-animais","8":"product_tag-ceramica","9":"pa_motivo-salamandras","11":"first","12":"instock","13":"shipping-taxable","14":"product-type-simple"},"acf":[],"_links":{"self":[{"href":"https:\/\/olemosaic.com\/pt-pt\/wp-json\/wp\/v2\/product\/38022","targetHints":{"allow":["GET"]}}],"collection":[{"href":"https:\/\/olemosaic.com\/pt-pt\/wp-json\/wp\/v2\/product"}],"about":[{"href":"https:\/\/olemosaic.com\/pt-pt\/wp-json\/wp\/v2\/types\/product"}],"wp:featuredmedia":[{"embeddable":true,"href":"https:\/\/olemosaic.com\/pt-pt\/wp-json\/wp\/v2\/media\/8366"}],"wp:attachment":[{"href":"https:\/\/olemosaic.com\/pt-pt\/wp-json\/wp\/v2\/media?parent=38022"}],"wp:term":[{"taxonomy":"product_brand","embeddable":true,"href":"https:\/\/olemosaic.com\/pt-pt\/wp-json\/wp\/v2\/product_brand?post=38022"},{"taxonomy":"product_cat","embeddable":true,"href":"https:\/\/olemosaic.com\/pt-pt\/wp-json\/wp\/v2\/product_cat?post=38022"},{"taxonomy":"product_tag","embeddable":true,"href":"https:\/\/olemosaic.com\/pt-pt\/wp-json\/wp\/v2\/product_tag?post=38022"}],"curies":[{"name":"wp","href":"https:\/\/api.w.org\/{rel}","templated":true}]}}