{"id":38020,"date":"2025-02-20T23:34:33","date_gmt":"2025-02-20T22:34:33","guid":{"rendered":"http:\/\/olemosaic.com\/producto\/tapon-de-ceramica-panoramica-barcelona-beige\/"},"modified":"2025-07-25T18:38:37","modified_gmt":"2025-07-25T16:38:37","slug":"rolha-de-ceramica-panoramica-barcelona-bege-pt-pt","status":"publish","type":"product","link":"https:\/\/olemosaic.com\/pt-pt\/produto\/rolha-de-ceramica-panoramica-barcelona-bege-pt-pt\/","title":{"rendered":"Rolha de cer\u00e2mica. Panor\u00e2mica. Barcelona. Bege."},"content":{"rendered":"<p>Esta rolha de cer\u00e2mica, decorada com uma colorida panor\u00e2mica de Barcelona, \u00e9 um objeto que funde funcionalidade e arte, perfeito para real\u00e7ar qualquer garrafa. O seu design muito especial apresenta uma vibrante representa\u00e7\u00e3o da Sagrada Fam\u00edlia, a ic\u00f3nica obra do arquiteto Antoni Gaud\u00ed, destacando-se pelas suas formas \u00fanicas e pelos detalhes arquitet\u00f3nicos que fizeram de Barcelona um destino reconhecido mundialmente. A parte superior da rolha aparenta estar pintada \u00e0 m\u00e3o em tons de bege, vermelho e azul, evocando a ess\u00eancia da cidade com uma est\u00e9tica moderna e um toque de mosaico que captura a diversidade crom\u00e1tica dos edif\u00edcios barceloneses.<\/p>\n<p>Al\u00e9m disso, o nome &#8220;Barcelona&#8221; est\u00e1 elegantemente inscrito, adicionando um detalhe chamativo que real\u00e7a a liga\u00e7\u00e3o cultural com esta vibrante cidade. A base de corti\u00e7a assegura um fecho herm\u00e9tico, preservando a frescura de vinhos e azeites, o que a torna uma lembran\u00e7a \u00fatil e decorativa.<\/p>\n<p>Esta rolha \u00e9 uma homenagem \u00e0 rica heran\u00e7a art\u00edstica de Barcelona e uma excelente recorda\u00e7\u00e3o para turistas que desejem levar um peda\u00e7o da cidade para casa. Na Ol\u00e9 Mosaic, como grossista de lembran\u00e7as, oferecemos produtos que refletem a autenticidade e a tradi\u00e7\u00e3o local, garantindo que cada rolha n\u00e3o seja apenas um acess\u00f3rio, mas tamb\u00e9m uma pe\u00e7a representativa da cultura catal\u00e3. Aproveite esta oportunidade para oferecer aos seus clientes uma recorda\u00e7\u00e3o \u00fanica de Barcelona, ideal para quem procura lembran\u00e7as de qualidade e relev\u00e2ncia cultural.<\/p>\n","protected":false},"excerpt":{"rendered":"<p>Rolha de cer\u00e2mica decorada com uma colorida panor\u00e2mica de Barcelona, destacando a famosa Sagrada Fam\u00edlia. Esta atraente rolha, com base de corti\u00e7a, apresenta um design artesanal, pintado \u00e0 m\u00e3o, em tons de bege, vermelho e azul, que captura a ess\u00eancia vibrante da cidade com detalhes de mosaico. Na parte superior, a inscri\u00e7\u00e3o &#8220;Barcelona&#8221; completa o seu aspeto chamativo e moderno. Ideal para dar um toque de distin\u00e7\u00e3o a qualquer garrafa.<\/p>\n","protected":false},"featured_media":7768,"template":"","meta":{"_acf_changed":false},"product_brand":[],"product_cat":[831],"product_tag":[515],"class_list":{"0":"post-38020","1":"product","2":"type-product","3":"status-publish","4":"has-post-thumbnail","6":"product_cat-rolhas","7":"product_tag-ceramica","8":"pa_ciudad-barcelona","9":"pa_motivo-panoramas","10":"pa_pais-espana","12":"first","13":"instock","14":"shipping-taxable","15":"product-type-simple"},"acf":[],"_links":{"self":[{"href":"https:\/\/olemosaic.com\/pt-pt\/wp-json\/wp\/v2\/product\/38020","targetHints":{"allow":["GET"]}}],"collection":[{"href":"https:\/\/olemosaic.com\/pt-pt\/wp-json\/wp\/v2\/product"}],"about":[{"href":"https:\/\/olemosaic.com\/pt-pt\/wp-json\/wp\/v2\/types\/product"}],"wp:featuredmedia":[{"embeddable":true,"href":"https:\/\/olemosaic.com\/pt-pt\/wp-json\/wp\/v2\/media\/7768"}],"wp:attachment":[{"href":"https:\/\/olemosaic.com\/pt-pt\/wp-json\/wp\/v2\/media?parent=38020"}],"wp:term":[{"taxonomy":"product_brand","embeddable":true,"href":"https:\/\/olemosaic.com\/pt-pt\/wp-json\/wp\/v2\/product_brand?post=38020"},{"taxonomy":"product_cat","embeddable":true,"href":"https:\/\/olemosaic.com\/pt-pt\/wp-json\/wp\/v2\/product_cat?post=38020"},{"taxonomy":"product_tag","embeddable":true,"href":"https:\/\/olemosaic.com\/pt-pt\/wp-json\/wp\/v2\/product_tag?post=38020"}],"curies":[{"name":"wp","href":"https:\/\/api.w.org\/{rel}","templated":true}]}}