{"id":38019,"date":"2025-02-20T23:34:33","date_gmt":"2025-02-20T22:34:33","guid":{"rendered":"http:\/\/olemosaic.com\/producto\/tapon-de-ceramica-salamandra-y-flores-barcelona-blanco-2\/"},"modified":"2025-07-25T20:12:00","modified_gmt":"2025-07-25T18:12:00","slug":"rolha-de-ceramica-salamandra-e-flores-barcelona-branco-2-pt-pt","status":"publish","type":"product","link":"https:\/\/olemosaic.com\/pt-pt\/produto\/rolha-de-ceramica-salamandra-e-flores-barcelona-branco-2-pt-pt\/","title":{"rendered":"Rolha de cer\u00e2mica. Salamandra e flores. Mosaico. Barcelona. Branco."},"content":{"rendered":"<p>Esta rolha de cer\u00e2mica, com o seu vibrante design de salamandra e flores, \u00e9 uma homenagem ao emblem\u00e1tico estilo de Barcelona, uma cidade transbordante de cultura e arte. Com o seu acabamento em branco, esta rolha destaca-se n\u00e3o s\u00f3 pela sua funcionalidade, mas tamb\u00e9m pelo seu car\u00e1cter decorativo. A salamandra, recriada em intrincados mosaicos coloridos, apresenta tons vivos que irradiam alegria e criatividade, caracter\u00edsticas fundamentais da arquitetura modernista da cidade, inspirada especialmente pelo famoso artista Antoni Gaud\u00ed. Complementando o design, os elementos florais enriquecem a sua est\u00e9tica, convertendo esta pe\u00e7a num reflexo do colorido ambiente barcelon\u00eas.<\/p>\n<p>A palavra &#8220;Barcelona&#8221; est\u00e1 elegantemente impressa, refor\u00e7ando a sua autenticidade como lembran\u00e7a e tornando-a uma recorda\u00e7\u00e3o inesquec\u00edvel para quem visita a cidade. Esta rolha n\u00e3o \u00e9 apenas uma excelente op\u00e7\u00e3o para os amantes do vinho, mas tamb\u00e9m serve como um encantador adorno para qualquer casa, fundindo arte e funcionalidade num s\u00f3 objeto. Oferecemos rolhas de cer\u00e2mica de alta qualidade por grosso na Ol\u00e9 Mosaic, o que as torna um produto ideal para lojas de presentes tur\u00edsticos que procuram lembran\u00e7as \u00fanicas e representativas da cultura catal\u00e3. Destaque-se da concorr\u00eancia oferecendo aos seus clientes um artigo que evoca o esp\u00edrito vibrante de Barcelona.<\/p>\n","protected":false},"excerpt":{"rendered":"<p>Rolha de cer\u00e2mica com um vibrante design de salamandra e flores, inspirado no emblem\u00e1tico estilo barcelon\u00eas. Esta original rolha apresenta um acabamento branco com detalhes multicoloridos, incluindo uma salamandra artesanal que se destaca pelo seu intrincado mosaico. Com a palavra &#8220;Barcelona&#8221; elegantemente impressa, este artigo combina funcionalidade e arte, sendo uma pe\u00e7a ideal para os amantes da cultura catal\u00e3 e uma encantadora recorda\u00e7\u00e3o.<\/p>\n","protected":false},"featured_media":8089,"template":"","meta":{"_acf_changed":false},"product_brand":[],"product_cat":[831],"product_tag":[516,515],"class_list":{"0":"post-38019","1":"product","2":"type-product","3":"status-publish","4":"has-post-thumbnail","6":"product_cat-rolhas","7":"product_tag-animais","8":"product_tag-ceramica","9":"pa_ciudad-barcelona","10":"pa_motivo-salamandras","11":"pa_pais-espana","13":"first","14":"instock","15":"shipping-taxable","16":"product-type-simple"},"acf":[],"_links":{"self":[{"href":"https:\/\/olemosaic.com\/pt-pt\/wp-json\/wp\/v2\/product\/38019","targetHints":{"allow":["GET"]}}],"collection":[{"href":"https:\/\/olemosaic.com\/pt-pt\/wp-json\/wp\/v2\/product"}],"about":[{"href":"https:\/\/olemosaic.com\/pt-pt\/wp-json\/wp\/v2\/types\/product"}],"wp:featuredmedia":[{"embeddable":true,"href":"https:\/\/olemosaic.com\/pt-pt\/wp-json\/wp\/v2\/media\/8089"}],"wp:attachment":[{"href":"https:\/\/olemosaic.com\/pt-pt\/wp-json\/wp\/v2\/media?parent=38019"}],"wp:term":[{"taxonomy":"product_brand","embeddable":true,"href":"https:\/\/olemosaic.com\/pt-pt\/wp-json\/wp\/v2\/product_brand?post=38019"},{"taxonomy":"product_cat","embeddable":true,"href":"https:\/\/olemosaic.com\/pt-pt\/wp-json\/wp\/v2\/product_cat?post=38019"},{"taxonomy":"product_tag","embeddable":true,"href":"https:\/\/olemosaic.com\/pt-pt\/wp-json\/wp\/v2\/product_tag?post=38019"}],"curies":[{"name":"wp","href":"https:\/\/api.w.org\/{rel}","templated":true}]}}