{"id":38012,"date":"2025-02-20T22:34:25","date_gmt":"2025-02-20T22:34:25","guid":{"rendered":"http:\/\/olemosaic.com\/producto\/salvamanteles-de-ceramica-toros-madrid\/"},"modified":"2025-07-25T19:58:33","modified_gmt":"2025-07-25T17:58:33","slug":"descanso-de-pratos-em-ceramica-touros-madrid","status":"publish","type":"product","link":"https:\/\/olemosaic.com\/pt-pt\/produto\/descanso-de-pratos-em-ceramica-touros-madrid\/","title":{"rendered":"Descanso de pratos em cer\u00e2mica. Touros. Madrid."},"content":{"rendered":"<p>Este descanso de pratos em cer\u00e2mica, inspirado na tradi\u00e7\u00e3o taurina de Madrid, \u00e9 uma pe\u00e7a \u00fanica e vibrante que, al\u00e9m de ser funcional, serve como uma atraente recorda\u00e7\u00e3o cultural de Espanha. Com um design colorido, este descanso de pratos apresenta dois touros num estilo de mosaico, destacando as suas formas robustas e cores intensas que capturam a ess\u00eancia da tauromaquia. Os tons avermelhados e esverdeados dos touros complementam-se com elementos florais e um sol radiante no fundo, tudo sobre uma base de mosaico que acrescenta um toque art\u00edstico e contempor\u00e2neo.<\/p>\n<p>O acabamento brilhante e resistente da cer\u00e2mica garante que este descanso de pratos n\u00e3o s\u00f3 proteja as suas superf\u00edcies do calor, mas que se mantenha em perfeitas condi\u00e7\u00f5es ao longo do tempo, resistindo ao uso di\u00e1rio. Na parte superior, o texto \u201cMADRID\u201d est\u00e1 elegantemente decorado, reafirmando a sua liga\u00e7\u00e3o \u00e0 capital espanhola e \u00e0 sua rica tradi\u00e7\u00e3o cultural. Este artigo torna-se um excelente souvenir para os turistas que desejam levar para casa um peda\u00e7o do vibrante car\u00e1ter de Madrid.<\/p>\n<p>Na Ol\u00e9 Mosaic, especializamo-nos na distribui\u00e7\u00e3o de souvenirs por grosso, e este descanso de pratos \u00e9 uma op\u00e7\u00e3o ideal para lojas de recorda\u00e7\u00f5es tur\u00edsticas que compreendem a import\u00e2ncia de oferecer produtos aut\u00eanticos e representativos da cultura espanhola. Com o seu apelo visual e profundas liga\u00e7\u00f5es culturais, este descanso de pratos em cer\u00e2mica taurina \u00e9 um presente perfeito que far\u00e1 sorrir qualquer amante da tradi\u00e7\u00e3o espanhola.<\/p>\n","protected":false},"excerpt":{"rendered":"<p>Descanso de pratos em cer\u00e2mica inspirado na tradi\u00e7\u00e3o taurina madrilena. Este design colorido apresenta dois touros num estilo mosaico vibrante, rodeados de elementos florais e pelo sol. Com um acabamento brilhante e resistente, \u00e9 ideal para proteger as suas superf\u00edcies do calor. Decorado com a palavra \u201cMADRID\u201d na parte superior, este descanso de pratos n\u00e3o s\u00f3 \u00e9 funcional, como tamb\u00e9m uma atraente recorda\u00e7\u00e3o da cultura espanhola.<\/p>\n","protected":false},"featured_media":8130,"template":"","meta":{"_acf_changed":false},"product_brand":[],"product_cat":[830],"product_tag":[516,515],"class_list":{"0":"post-38012","1":"product","2":"type-product","3":"status-publish","4":"has-post-thumbnail","6":"product_cat-bases-para-pratos","7":"product_tag-animais","8":"product_tag-ceramica","9":"pa_ciudad-madrid","10":"pa_motivo-touros","11":"pa_pais-espana","13":"first","14":"instock","15":"shipping-taxable","16":"product-type-simple"},"acf":[],"_links":{"self":[{"href":"https:\/\/olemosaic.com\/pt-pt\/wp-json\/wp\/v2\/product\/38012","targetHints":{"allow":["GET"]}}],"collection":[{"href":"https:\/\/olemosaic.com\/pt-pt\/wp-json\/wp\/v2\/product"}],"about":[{"href":"https:\/\/olemosaic.com\/pt-pt\/wp-json\/wp\/v2\/types\/product"}],"wp:featuredmedia":[{"embeddable":true,"href":"https:\/\/olemosaic.com\/pt-pt\/wp-json\/wp\/v2\/media\/8130"}],"wp:attachment":[{"href":"https:\/\/olemosaic.com\/pt-pt\/wp-json\/wp\/v2\/media?parent=38012"}],"wp:term":[{"taxonomy":"product_brand","embeddable":true,"href":"https:\/\/olemosaic.com\/pt-pt\/wp-json\/wp\/v2\/product_brand?post=38012"},{"taxonomy":"product_cat","embeddable":true,"href":"https:\/\/olemosaic.com\/pt-pt\/wp-json\/wp\/v2\/product_cat?post=38012"},{"taxonomy":"product_tag","embeddable":true,"href":"https:\/\/olemosaic.com\/pt-pt\/wp-json\/wp\/v2\/product_tag?post=38012"}],"curies":[{"name":"wp","href":"https:\/\/api.w.org\/{rel}","templated":true}]}}