{"id":38011,"date":"2025-02-20T22:34:25","date_gmt":"2025-02-20T22:34:25","guid":{"rendered":"http:\/\/olemosaic.com\/producto\/salvamanteles-de-ceramica-sagrada-familia-barcelona\/"},"modified":"2025-07-25T19:20:17","modified_gmt":"2025-07-25T17:20:17","slug":"descanso-de-pratos-em-ceramica-sagrada-familia-barcelona","status":"publish","type":"product","link":"https:\/\/olemosaic.com\/pt-pt\/produto\/descanso-de-pratos-em-ceramica-sagrada-familia-barcelona\/","title":{"rendered":"Descanso de pratos em cer\u00e2mica. Sagrada Fam\u00edlia. Barcelona."},"content":{"rendered":"<p>Este descanso de pratos em cer\u00e2mica, inspirado na ic\u00f3nica Sagrada Fam\u00edlia de Barcelona, \u00e9 uma pe\u00e7a vibrante que combina arte e funcionalidade de forma excecional. No seu design destacam-se as magn\u00edficas torres deste emblem\u00e1tico monumento, oferecendo um olhar fascinante sobre a arquitetura surrealista de Antoni Gaud\u00ed. Os intensos tons quentes e os detalhes em cores brilhantes sobre um fundo azul evocam a energia vibrante da cidade, tornando cada utiliza\u00e7\u00e3o uma celebra\u00e7\u00e3o da cultura catal\u00e3. O descanso de pratos \u00e9 emoldurado com um elegante cord\u00e3o vermelho que n\u00e3o s\u00f3 refor\u00e7a a sua est\u00e9tica, mas tamb\u00e9m acrescenta um toque decorativo, tornando-o ideal para exibir na mesa.<\/p>\n<p>O seu design n\u00e3o s\u00f3 cumpre a fun\u00e7\u00e3o pr\u00e1tica de proteger as superf\u00edcies do calor, como tamb\u00e9m serve como uma recorda\u00e7\u00e3o cultural distintiva que captura a ess\u00eancia de Barcelona. Este souvenir \u00e9 perfeito para os turistas que procuram levar para casa um peda\u00e7o da rica tradi\u00e7\u00e3o arquitet\u00f3nica e art\u00edstica da regi\u00e3o. Na Ol\u00e9 Mosaic, especializamo-nos na distribui\u00e7\u00e3o de souvenirs por grosso, e este descanso de pratos em cer\u00e2mica \u00e9 uma op\u00e7\u00e3o excelente para lojas de recorda\u00e7\u00f5es tur\u00edsticas que desejem oferecer aos seus clientes produtos aut\u00eanticos e representativos da cultura espanhola. Como grossista de souvenirs, garantimos a qualidade e o valor de cada uma das nossas pe\u00e7as.<\/p>\n","protected":false},"excerpt":{"rendered":"<p>Descanso de pratos em cer\u00e2mica inspirado na ic\u00f3nica Sagrada Fam\u00edlia de Barcelona. Este pr\u00e1tico complemento de cozinha apresenta um design vibrante que captura a magn\u00edfica arquitetura de Gaud\u00ed, com tons quentes e detalhes brilhantes sobre um fundo azul. A pe\u00e7a \u00e9 emoldurada com um cord\u00e3o vermelho que lhe confere um toque decorativo. Perfeito para proteger as superf\u00edcies do calor, combina funcionalidade e arte em cada utiliza\u00e7\u00e3o.<\/p>\n","protected":false},"featured_media":8660,"template":"","meta":{"_acf_changed":false},"product_brand":[],"product_cat":[830],"product_tag":[515],"class_list":{"0":"post-38011","1":"product","2":"type-product","3":"status-publish","4":"has-post-thumbnail","6":"product_cat-bases-para-pratos","7":"product_tag-ceramica","8":"pa_ciudad-barcelona","9":"pa_motivo-sagrada-familia","10":"pa_pais-espana","12":"first","13":"instock","14":"shipping-taxable","15":"product-type-simple"},"acf":[],"_links":{"self":[{"href":"https:\/\/olemosaic.com\/pt-pt\/wp-json\/wp\/v2\/product\/38011","targetHints":{"allow":["GET"]}}],"collection":[{"href":"https:\/\/olemosaic.com\/pt-pt\/wp-json\/wp\/v2\/product"}],"about":[{"href":"https:\/\/olemosaic.com\/pt-pt\/wp-json\/wp\/v2\/types\/product"}],"wp:featuredmedia":[{"embeddable":true,"href":"https:\/\/olemosaic.com\/pt-pt\/wp-json\/wp\/v2\/media\/8660"}],"wp:attachment":[{"href":"https:\/\/olemosaic.com\/pt-pt\/wp-json\/wp\/v2\/media?parent=38011"}],"wp:term":[{"taxonomy":"product_brand","embeddable":true,"href":"https:\/\/olemosaic.com\/pt-pt\/wp-json\/wp\/v2\/product_brand?post=38011"},{"taxonomy":"product_cat","embeddable":true,"href":"https:\/\/olemosaic.com\/pt-pt\/wp-json\/wp\/v2\/product_cat?post=38011"},{"taxonomy":"product_tag","embeddable":true,"href":"https:\/\/olemosaic.com\/pt-pt\/wp-json\/wp\/v2\/product_tag?post=38011"}],"curies":[{"name":"wp","href":"https:\/\/api.w.org\/{rel}","templated":true}]}}