{"id":38009,"date":"2025-02-20T22:34:24","date_gmt":"2025-02-20T22:34:24","guid":{"rendered":"http:\/\/olemosaic.com\/producto\/salvamanteles-de-ceramica-delfin-tenerife\/"},"modified":"2025-07-25T18:54:01","modified_gmt":"2025-07-25T16:54:01","slug":"descanso-de-pratos-em-ceramica-golfinho-tenerife","status":"publish","type":"product","link":"https:\/\/olemosaic.com\/pt-pt\/produto\/descanso-de-pratos-em-ceramica-golfinho-tenerife\/","title":{"rendered":"Descanso de pratos em cer\u00e2mica. Golfinho. Tenerife."},"content":{"rendered":"<p>Este descanso de pratos em cer\u00e2mica, inspirado na beleza marinha de Tenerife, \u00e9 uma pe\u00e7a cativante que adiciona um toque vibrante a qualquer mesa. O seu design apresenta um golfinho colorido em estilo mosaico, com uma paleta de azuis, amarelos e vermelhos que evocam a alegria e o dinamismo do oceano. Rodeado de elementos marinhos como estrelas-do-mar e corais, o descanso de pratos cria uma cena animada que recorda as \u00e1guas cristalinas das costas can\u00e1rias. O texto &#8220;TENERIFE&#8221;, com letras alegres, complementa o design e confere um ar festivo, fazendo deste objeto algo mais do que um simples utens\u00edlio funcional. O acabamento em cer\u00e2mica n\u00e3o s\u00f3 garante durabilidade, mas tamb\u00e9m facilidade de limpeza e resist\u00eancia ao calor, o que o torna um produto pr\u00e1tico para o lar.<\/p>\n<p>Com a sua autenticidade e a sua liga\u00e7\u00e3o \u00e0 cultura de Tenerife, este descanso de pratos \u00e9 um souvenir ideal para turistas que procuram uma recorda\u00e7\u00e3o representativa da ilha. Na Ol\u00e9 Mosaic, distribu\u00edmos souvenirs por grosso, e este descanso de pratos em cer\u00e2mica \u00e9 uma excelente op\u00e7\u00e3o para as lojas de recorda\u00e7\u00f5es tur\u00edsticas que desejem oferecer produtos de qualidade e relev\u00e2ncia cultural. Cada pe\u00e7a reflete a biodiversidade do ambiente marinho, tornando-se uma lembran\u00e7a perfeita da beleza natural de Tenerife.<\/p>\n","protected":false},"excerpt":{"rendered":"<p>Descanso de pratos em cer\u00e2mica inspirado na beleza marinha de Tenerife, decorado com um golfinho colorido ao estilo mosaico. Este atraente descanso de pratos apresenta uma paleta vibrante com azuis, amarelos e vermelhos, real\u00e7ando o design com elementos marinhos como estrelas-do-mar e corais. A palavra &#8220;TENERIFE&#8221; disp\u00f5e-se em letras alegres, adicionando um toque festivo. O seu acabamento cer\u00e2mico assegura durabilidade e funcionalidade, perfeito para adornar qualquer mesa.<\/p>\n","protected":false},"featured_media":13818,"template":"","meta":{"_acf_changed":false},"product_brand":[],"product_cat":[830],"product_tag":[516,515],"class_list":{"0":"post-38009","1":"product","2":"type-product","3":"status-publish","4":"has-post-thumbnail","6":"product_cat-bases-para-pratos","7":"product_tag-animais","8":"product_tag-ceramica","9":"pa_ciudad-tenerife","10":"pa_motivo-golfinhos","11":"pa_pais-espana","13":"first","14":"instock","15":"shipping-taxable","16":"product-type-simple"},"acf":[],"_links":{"self":[{"href":"https:\/\/olemosaic.com\/pt-pt\/wp-json\/wp\/v2\/product\/38009","targetHints":{"allow":["GET"]}}],"collection":[{"href":"https:\/\/olemosaic.com\/pt-pt\/wp-json\/wp\/v2\/product"}],"about":[{"href":"https:\/\/olemosaic.com\/pt-pt\/wp-json\/wp\/v2\/types\/product"}],"wp:featuredmedia":[{"embeddable":true,"href":"https:\/\/olemosaic.com\/pt-pt\/wp-json\/wp\/v2\/media\/13818"}],"wp:attachment":[{"href":"https:\/\/olemosaic.com\/pt-pt\/wp-json\/wp\/v2\/media?parent=38009"}],"wp:term":[{"taxonomy":"product_brand","embeddable":true,"href":"https:\/\/olemosaic.com\/pt-pt\/wp-json\/wp\/v2\/product_brand?post=38009"},{"taxonomy":"product_cat","embeddable":true,"href":"https:\/\/olemosaic.com\/pt-pt\/wp-json\/wp\/v2\/product_cat?post=38009"},{"taxonomy":"product_tag","embeddable":true,"href":"https:\/\/olemosaic.com\/pt-pt\/wp-json\/wp\/v2\/product_tag?post=38009"}],"curies":[{"name":"wp","href":"https:\/\/api.w.org\/{rel}","templated":true}]}}