{"id":38008,"date":"2025-02-20T23:34:24","date_gmt":"2025-02-20T22:34:24","guid":{"rendered":"http:\/\/olemosaic.com\/producto\/salvamanteles-de-ceramica-mosaico-barcelona\/"},"modified":"2025-07-25T19:08:27","modified_gmt":"2025-07-25T17:08:27","slug":"descanso-de-pratos-em-ceramica-mosaico-barcelona","status":"publish","type":"product","link":"https:\/\/olemosaic.com\/pt-pt\/produto\/descanso-de-pratos-em-ceramica-mosaico-barcelona\/","title":{"rendered":"Descanso de pratos em cer\u00e2mica. Mosaico. Barcelona."},"content":{"rendered":"<p>Este descanso de pratos em cer\u00e2mica, inspirado nos vibrantes mosaicos de Barcelona, \u00e9 uma pe\u00e7a imprescind\u00edvel para os amantes da arte e da cultura catal\u00e3. Com um design que re\u00fane uma colorida cole\u00e7\u00e3o de padr\u00f5es geom\u00e9tricos e florais em tons de vermelho, azul e amarelo, evoca a rica heran\u00e7a art\u00edstica da cidade condal, famosa pela sua arquitetura modernista e pelos seus mosaicos, como os criados pelo genial Antoni Gaud\u00ed. Cada padr\u00e3o foi cuidadosamente pintado \u00e0 m\u00e3o, o que garante que cada pe\u00e7a seja \u00fanica e aut\u00eantica. O descanso de pratos \u00e9 rematado com uma borda de corda que acrescenta um toque r\u00fastico e acolhedor, tornando-o n\u00e3o apenas um protetor de superf\u00edcies, mas tamb\u00e9m um elemento decorativo que adorna qualquer mesa. Este produto \u00e9 ideal como recorda\u00e7\u00e3o de Barcelona, permitindo aos turistas levar um peda\u00e7o da cultura local para casa. Na Ol\u00e9 Mosaic, especializamo-nos na distribui\u00e7\u00e3o de souvenirs por grosso, oferecendo produtos que celebram as tradi\u00e7\u00f5es de cada regi\u00e3o. Este descanso de pratos em cer\u00e2mica \u00e9 uma excelente op\u00e7\u00e3o para lojas de recorda\u00e7\u00f5es tur\u00edsticas que procuram oferecer artigos de qualidade e relev\u00e2ncia cultural, tornando-se uma lembran\u00e7a perfeita e funcional da encantadora Barcelona.<\/p>\n","protected":false},"excerpt":{"rendered":"<p>Descanso de pratos em cer\u00e2mica inspirado nos vibrantes mosaicos de Barcelona. Este atraente descanso de pratos apresenta uma colorida cole\u00e7\u00e3o de padr\u00f5es geom\u00e9tricos e florais em tons de vermelho, azul e amarelo, evocando a rica heran\u00e7a art\u00edstica da cidade. Com um acabamento de cer\u00e2mica de design artesanal, pintado \u00e0 m\u00e3o, \u00e9 rematado com uma borda de corda que lhe confere um toque r\u00fastico. Ideal para proteger qualquer superf\u00edcie enquanto adorna a sua mesa com um peda\u00e7o da cultura catal\u00e3.<\/p>\n","protected":false},"featured_media":9110,"template":"","meta":{"_acf_changed":false},"product_brand":[],"product_cat":[830],"product_tag":[515],"class_list":{"0":"post-38008","1":"product","2":"type-product","3":"status-publish","4":"has-post-thumbnail","6":"product_cat-bases-para-pratos","7":"product_tag-ceramica","8":"pa_ciudad-barcelona","9":"pa_motivo-mosaico","10":"pa_pais-espana","12":"first","13":"instock","14":"shipping-taxable","15":"product-type-simple"},"acf":[],"_links":{"self":[{"href":"https:\/\/olemosaic.com\/pt-pt\/wp-json\/wp\/v2\/product\/38008","targetHints":{"allow":["GET"]}}],"collection":[{"href":"https:\/\/olemosaic.com\/pt-pt\/wp-json\/wp\/v2\/product"}],"about":[{"href":"https:\/\/olemosaic.com\/pt-pt\/wp-json\/wp\/v2\/types\/product"}],"wp:featuredmedia":[{"embeddable":true,"href":"https:\/\/olemosaic.com\/pt-pt\/wp-json\/wp\/v2\/media\/9110"}],"wp:attachment":[{"href":"https:\/\/olemosaic.com\/pt-pt\/wp-json\/wp\/v2\/media?parent=38008"}],"wp:term":[{"taxonomy":"product_brand","embeddable":true,"href":"https:\/\/olemosaic.com\/pt-pt\/wp-json\/wp\/v2\/product_brand?post=38008"},{"taxonomy":"product_cat","embeddable":true,"href":"https:\/\/olemosaic.com\/pt-pt\/wp-json\/wp\/v2\/product_cat?post=38008"},{"taxonomy":"product_tag","embeddable":true,"href":"https:\/\/olemosaic.com\/pt-pt\/wp-json\/wp\/v2\/product_tag?post=38008"}],"curies":[{"name":"wp","href":"https:\/\/api.w.org\/{rel}","templated":true}]}}