{"id":38002,"date":"2025-02-20T22:34:19","date_gmt":"2025-02-20T22:34:19","guid":{"rendered":"http:\/\/olemosaic.com\/producto\/taza-de-ceramica-salamandra-y-flores-mallorca-blanco\/"},"modified":"2025-07-25T19:33:35","modified_gmt":"2025-07-25T17:33:35","slug":"caneca-de-ceramica-salamandra-e-flores-maiorca-branco","status":"publish","type":"product","link":"https:\/\/olemosaic.com\/pt-pt\/produto\/caneca-de-ceramica-salamandra-e-flores-maiorca-branco\/","title":{"rendered":"Caneca de cer\u00e2mica. Salamandra e flores. Maiorca. Branco."},"content":{"rendered":"<p>Esta excecional caneca de cer\u00e2mica est\u00e1 decorada com uma vibrante salamandra e flores coloridas, inspiradas nas belas paisagens de Maiorca. O seu design destaca-se pela representa\u00e7\u00e3o de uma salamandra vermelha, adornada com detalhes em azul e amarelo, que se estende com eleg\u00e2ncia sobre um fundo branco, evocando o estilo art\u00edstico do famoso mosaico maiorquino. As formas aleg\u00f3ricas e as cores intensas conferem uma frescura \u00fanica, ideal para quem procura souvenirs aut\u00eanticos e representativos da ilha balear.<\/p>\n<p>O interior da caneca resplandece num vermelho intenso, criando um contraste atraente que real\u00e7a a beleza do design exterior. Este elemento n\u00e3o s\u00f3 torna a caneca num objeto funcional para desfrutar das suas bebidas, tanto quentes como frias, como tamb\u00e9m a transforma numa lembran\u00e7a visual da riqueza natural e cultural de Maiorca. Ao escolher este produto, os turistas podem levar um peda\u00e7o do encanto das Ilhas Baleares, perfeito para evocar momentos de relaxamento e prazer.<\/p>\n<p>Como distribuidor de souvenirs por grosso, a Ol\u00e9 Mosaic orgulha-se de oferecer pe\u00e7as que se destacam pela sua autenticidade e qualidade, e esta caneca de cer\u00e2mica n\u00e3o \u00e9 exce\u00e7\u00e3o. \u00c9 uma excelente op\u00e7\u00e3o para lojas de presentes tur\u00edsticos que procuram artigos que captem a aten\u00e7\u00e3o dos seus clientes, al\u00e9m de representar a tradi\u00e7\u00e3o art\u00edstica de Maiorca atrav\u00e9s de um souvenir que nunca passa de moda.<\/p>\n","protected":false},"excerpt":{"rendered":"<p>Caneca de cer\u00e2mica decorada com uma chamativa salamandra e flores coloridas, inspirada nas vibrantes paisagens de Maiorca. Este design, que combina formas aleg\u00f3ricas em mosaico, apresenta uma salamandra vermelha com detalhes azuis e amarelos sobre um fundo branco, evocando a arte tradicional da regi\u00e3o. O interior da caneca \u00e9 de um vermelho intenso, acrescentando um toque atraente ao conjunto. Ideal para desfrutar das suas bebidas enquanto se transporta para a beleza das Ilhas Baleares.<\/p>\n","protected":false},"featured_media":8019,"template":"","meta":{"_acf_changed":false},"product_brand":[],"product_cat":[833],"product_tag":[516,515],"class_list":{"0":"post-38002","1":"product","2":"type-product","3":"status-publish","4":"has-post-thumbnail","6":"product_cat-canecas","7":"product_tag-animais","8":"product_tag-ceramica","9":"pa_ciudad-mallorca","10":"pa_motivo-salamandras","11":"pa_pais-espana","13":"first","14":"instock","15":"shipping-taxable","16":"product-type-simple"},"acf":[],"_links":{"self":[{"href":"https:\/\/olemosaic.com\/pt-pt\/wp-json\/wp\/v2\/product\/38002","targetHints":{"allow":["GET"]}}],"collection":[{"href":"https:\/\/olemosaic.com\/pt-pt\/wp-json\/wp\/v2\/product"}],"about":[{"href":"https:\/\/olemosaic.com\/pt-pt\/wp-json\/wp\/v2\/types\/product"}],"wp:featuredmedia":[{"embeddable":true,"href":"https:\/\/olemosaic.com\/pt-pt\/wp-json\/wp\/v2\/media\/8019"}],"wp:attachment":[{"href":"https:\/\/olemosaic.com\/pt-pt\/wp-json\/wp\/v2\/media?parent=38002"}],"wp:term":[{"taxonomy":"product_brand","embeddable":true,"href":"https:\/\/olemosaic.com\/pt-pt\/wp-json\/wp\/v2\/product_brand?post=38002"},{"taxonomy":"product_cat","embeddable":true,"href":"https:\/\/olemosaic.com\/pt-pt\/wp-json\/wp\/v2\/product_cat?post=38002"},{"taxonomy":"product_tag","embeddable":true,"href":"https:\/\/olemosaic.com\/pt-pt\/wp-json\/wp\/v2\/product_tag?post=38002"}],"curies":[{"name":"wp","href":"https:\/\/api.w.org\/{rel}","templated":true}]}}