{"id":38000,"date":"2025-02-20T23:34:19","date_gmt":"2025-02-20T22:34:19","guid":{"rendered":"http:\/\/olemosaic.com\/producto\/bola-de-navidad-con-caja-mariposa\/"},"modified":"2025-07-25T18:49:11","modified_gmt":"2025-07-25T16:49:11","slug":"bola-de-natal-com-caixa-borboleta-pt-pt","status":"publish","type":"product","link":"https:\/\/olemosaic.com\/pt-pt\/produto\/bola-de-natal-com-caixa-borboleta-pt-pt\/","title":{"rendered":"Bola de Natal com caixa. Borboleta."},"content":{"rendered":"<p>Este produto \u00e9 uma encantadora bola de Natal decorativa, apresentada numa atraente caixa, que capta a ess\u00eancia art\u00edstica de Barcelona. As suas borboletas coloridas, inspiradas no famoso mosaico de Gaud\u00ed, tornam-na uma pe\u00e7a \u00fanica. Fabricada com materiais de alta qualidade, esta bola apresenta um design vibrante, adornado com borboletas em tons brilhantes e detalhes florais que evocam a singular arquitetura modernista da cidade. O seu fundo branco, salpicado de padr\u00f5es coloridos e geom\u00e9tricos, n\u00e3o s\u00f3 acrescenta um toque festivo e alegre a qualquer decora\u00e7\u00e3o natal\u00edcia, como tamb\u00e9m serve como uma lembran\u00e7a da rica riqueza cultural que Barcelona oferece.<\/p>\n<p>Este adorno \u00e9 uma excelente recorda\u00e7\u00e3o que reflete a autenticidade e diversidade da arte espanhola, fazendo com que cada lar que o exiba sinta a magia da cidade condal. Sendo um souvenir de Barcelona, \u00e9 perfeito para aqueles turistas que procuram levar um pedacinho da capital catal\u00e3 nas suas celebra\u00e7\u00f5es. Na Ol\u00e9 Mosaic, especializamo-nos na distribui\u00e7\u00e3o de decora\u00e7\u00f5es natal\u00edcias por grosso, e esta bola de Natal \u00e9 uma op\u00e7\u00e3o ideal para lojas de presentes tur\u00edsticos que desejam oferecer produtos aut\u00eanticos e representativos da cultura espanhola. Com o seu design muito especial e o seu valor cultural, este adorno torna-se uma pe\u00e7a imprescind\u00edvel para quem deseja celebrar as festas com um toque de arte e tradi\u00e7\u00e3o.<\/p>\n","protected":false},"excerpt":{"rendered":"<p>Bola de Natal decorativa apresentada numa atraente caixa, adornada com borboletas de cores inspiradas no famoso mosaico de Gaud\u00ed. Este adorno, fabricado com materiais de alta qualidade, combina designs vibrantes e detalhes art\u00edsticos que evocam a ess\u00eancia da arquitetura modernista de Barcelona. A bola, com fundo branco e padr\u00f5es brilhantes, acrescenta um toque festivo e cultural a qualquer decora\u00e7\u00e3o natal\u00edcia, sendo uma recorda\u00e7\u00e3o perfeita da riqueza da arte espanhola.<\/p>\n","protected":false},"featured_media":9746,"template":"","meta":{"_acf_changed":false},"product_brand":[],"product_cat":[652],"product_tag":[516,642],"class_list":{"0":"post-38000","1":"product","2":"type-product","3":"status-publish","4":"has-post-thumbnail","6":"product_cat-bolas-de-natal","7":"product_tag-animais","8":"product_tag-natal","9":"pa_motivo-borboletas","11":"first","12":"instock","13":"shipping-taxable","14":"product-type-simple"},"acf":[],"_links":{"self":[{"href":"https:\/\/olemosaic.com\/pt-pt\/wp-json\/wp\/v2\/product\/38000","targetHints":{"allow":["GET"]}}],"collection":[{"href":"https:\/\/olemosaic.com\/pt-pt\/wp-json\/wp\/v2\/product"}],"about":[{"href":"https:\/\/olemosaic.com\/pt-pt\/wp-json\/wp\/v2\/types\/product"}],"wp:featuredmedia":[{"embeddable":true,"href":"https:\/\/olemosaic.com\/pt-pt\/wp-json\/wp\/v2\/media\/9746"}],"wp:attachment":[{"href":"https:\/\/olemosaic.com\/pt-pt\/wp-json\/wp\/v2\/media?parent=38000"}],"wp:term":[{"taxonomy":"product_brand","embeddable":true,"href":"https:\/\/olemosaic.com\/pt-pt\/wp-json\/wp\/v2\/product_brand?post=38000"},{"taxonomy":"product_cat","embeddable":true,"href":"https:\/\/olemosaic.com\/pt-pt\/wp-json\/wp\/v2\/product_cat?post=38000"},{"taxonomy":"product_tag","embeddable":true,"href":"https:\/\/olemosaic.com\/pt-pt\/wp-json\/wp\/v2\/product_tag?post=38000"}],"curies":[{"name":"wp","href":"https:\/\/api.w.org\/{rel}","templated":true}]}}