{"id":37998,"date":"2025-02-20T22:34:19","date_gmt":"2025-02-20T22:34:19","guid":{"rendered":"http:\/\/olemosaic.com\/producto\/funda-de-telefono-para-samsung-a12-tpu-panoramica-barcelona-blanco\/"},"modified":"2025-07-25T18:39:47","modified_gmt":"2025-07-25T16:39:47","slug":"capa-para-telemovel-para-samsung-a12-tpu-panoramica-barcelona-branco","status":"publish","type":"product","link":"https:\/\/olemosaic.com\/pt-pt\/produto\/capa-para-telemovel-para-samsung-a12-tpu-panoramica-barcelona-branco\/","title":{"rendered":"Capa para telem\u00f3vel para Samsung A12 (TPU). Panor\u00e2mica. Barcelona. Branco"},"content":{"rendered":"<p>Esta capa para o telem\u00f3vel Samsung A12 \u00e9 um acess\u00f3rio imprescind\u00edvel para quem deseja proteger o seu dispositivo e, ao mesmo tempo, mostrar a sua paix\u00e3o por Barcelona. Fabricada em TPU de alta qualidade, esta capa n\u00e3o s\u00f3 assegura durabilidade e resist\u00eancia, como tamb\u00e9m apresenta um design impactante que capta a ess\u00eancia da cidade condal. Na sua superf\u00edcie, desenrola-se uma vibrante panor\u00e2mica da ic\u00f3nica Sagrada Fam\u00edlia juntamente com outros elementos arquitet\u00f3nicos destacados de Barcelona, representados com um acabamento que recorda os mosaicos t\u00e3o caracter\u00edsticos da regi\u00e3o.<\/p>\n<p>As cores vivas da capa, em tons de vermelho, amarelo e verde, real\u00e7am-se sobre um fundo branco que confere frescura e luminosidade ao design. O nome &#8220;Barcelona&#8221;, impresso numa elegante cor dourada, acrescenta um toque distintivo e sofisticado ao produto, tornando-o uma recorda\u00e7\u00e3o visualmente atraente. Esta capa n\u00e3o \u00e9 apenas funcional, mas tamb\u00e9m presta homenagem \u00e0 rica cultura e ao patrim\u00f3nio arquitet\u00f3nico de Barcelona, uma cidade reconhecida pela sua arte e arquitetura inovadora.<\/p>\n<p>A Ol\u00e9 Mosaic orgulha-se de oferecer souvenirs aut\u00eanticos que refletem a diversidade cultural de Espanha. Esta capa \u00e9 uma op\u00e7\u00e3o ideal para lojas de presentes tur\u00edsticos que procuram produtos \u00fanicos e representativos da cidade, tornando-a uma excelente recorda\u00e7\u00e3o de Barcelona. Como grossistas de capas, garantimos a qualidade e o design em cada pe\u00e7a, oferecendo aos turistas a forma perfeita de levar um pedacinho de Barcelona para onde quer que v\u00e3o.<\/p>\n","protected":false},"excerpt":{"rendered":"<p>Capa para telem\u00f3vel Samsung A12 fabricada em TPU, decorada com uma vibrante panor\u00e2mica de Barcelona. Este design colorido apresenta uma ilustra\u00e7\u00e3o da famosa Sagrada Fam\u00edlia e outros elementos arquitet\u00f3nicos emblem\u00e1ticos da cidade, representados com um acabamento tipo mosaico. Os tons vivos de vermelho, amarelo e verde real\u00e7am-se sobre um fundo branco, enquanto o nome &#8216;Barcelona&#8217; est\u00e1 impresso num elegante dourado, conferindo um toque distintivo. Ideal para proteger o seu dispositivo e mostrar o seu amor por esta bela cidade.<\/p>\n","protected":false},"featured_media":12487,"template":"","meta":{"_acf_changed":false},"product_brand":[],"product_cat":[685],"product_tag":[],"class_list":{"0":"post-37998","1":"product","2":"type-product","3":"status-publish","4":"has-post-thumbnail","6":"product_cat-capas-para-telemoveis","7":"pa_ciudad-barcelona","8":"pa_motivo-panoramas","9":"pa_pais-espana","11":"first","12":"instock","13":"shipping-taxable","14":"product-type-simple"},"acf":[],"_links":{"self":[{"href":"https:\/\/olemosaic.com\/pt-pt\/wp-json\/wp\/v2\/product\/37998","targetHints":{"allow":["GET"]}}],"collection":[{"href":"https:\/\/olemosaic.com\/pt-pt\/wp-json\/wp\/v2\/product"}],"about":[{"href":"https:\/\/olemosaic.com\/pt-pt\/wp-json\/wp\/v2\/types\/product"}],"wp:featuredmedia":[{"embeddable":true,"href":"https:\/\/olemosaic.com\/pt-pt\/wp-json\/wp\/v2\/media\/12487"}],"wp:attachment":[{"href":"https:\/\/olemosaic.com\/pt-pt\/wp-json\/wp\/v2\/media?parent=37998"}],"wp:term":[{"taxonomy":"product_brand","embeddable":true,"href":"https:\/\/olemosaic.com\/pt-pt\/wp-json\/wp\/v2\/product_brand?post=37998"},{"taxonomy":"product_cat","embeddable":true,"href":"https:\/\/olemosaic.com\/pt-pt\/wp-json\/wp\/v2\/product_cat?post=37998"},{"taxonomy":"product_tag","embeddable":true,"href":"https:\/\/olemosaic.com\/pt-pt\/wp-json\/wp\/v2\/product_tag?post=37998"}],"curies":[{"name":"wp","href":"https:\/\/api.w.org\/{rel}","templated":true}]}}