{"id":37997,"date":"2025-02-20T22:34:11","date_gmt":"2025-02-20T22:34:11","guid":{"rendered":"http:\/\/olemosaic.com\/producto\/posavasos-de-ceramica-caballito-de-mar-aro-rojo\/"},"modified":"2025-07-25T18:48:39","modified_gmt":"2025-07-25T16:48:39","slug":"base-de-copos-de-ceramica-cavalo-marinho-aro-vermelho-pt-pt","status":"publish","type":"product","link":"https:\/\/olemosaic.com\/pt-pt\/produto\/base-de-copos-de-ceramica-cavalo-marinho-aro-vermelho-pt-pt\/","title":{"rendered":"Base de copos de cer\u00e2mica. Cavalo-marinho. Aro vermelho."},"content":{"rendered":"<p>Esta base de copos de cer\u00e2mica, decorada com um colorido cavalo-marinho, \u00e9 uma representa\u00e7\u00e3o vibrante da rica tradi\u00e7\u00e3o artesanal mediterr\u00e2nica. Com um atraente design de estilo mosaico, esta base de copos captura a ess\u00eancia das costas espanholas e evoca a frescura do mar. No centro, um cavalo-marinho estilizado, pintado com uma intensa paleta de cores, \u00e9 o protagonista indiscut\u00edvel. Est\u00e1 rodeado de elementos marinhos, como uma estrela-do-mar vermelha, que confere um toque l\u00fadico ao conjunto, e ondulantes linhas azuis que simulam as suaves ondas do oceano.<\/p>\n<p>A borda vermelha que emoldura a base de copos n\u00e3o s\u00f3 real\u00e7a o design, como tamb\u00e9m proporciona um atraente contraste visual, assegurando que este artigo n\u00e3o passe despercebido em nenhuma mesa. Esta base de copos n\u00e3o \u00e9 apenas funcional, mas tamb\u00e9m serve como uma pe\u00e7a decorativa que adiciona um toque distintivo e alegre a qualquer ambiente.<\/p>\n<p>A arte cer\u00e2mica espanhola \u00e9 conhecida pela sua autenticidade e mestria, e esta base de copos \u00e9 un excelente exemplo disso. Como souvenir t\u00edpico da regi\u00e3o mediterr\u00e2nica, representa uma recorda\u00e7\u00e3o ideal para turistas que procuram levar um peda\u00e7o da cultura espanhola. Na Ol\u00e9 Mosaic, como grossista de souvenirs, oferecemos produtos que refletem a autenticidade e o encanto das tradi\u00e7\u00f5es locais, tornando esta base de copos de cer\u00e2mica numa op\u00e7\u00e3o perfeita para lojas de presentes tur\u00edsticos que desejem oferecer artigos de qualidade e significado cultural.<\/p>\n","protected":false},"excerpt":{"rendered":"<p>Base de copos de cer\u00e2mica decorada com um colorido cavalo-marinho, representado num atraente estilo mosaico. Com um aro vermelho que emoldura um fundo claro, esta base de copos tamb\u00e9m inclui uma estrela-do-mar e elementos marinhos que evocam as costas mediterr\u00e2nicas. Ideal para adicionar um toque distintivo a qualquer mesa, este artigo \u00e9 uma amostra da arte cer\u00e2mica tradicional, que combina cores vibrantes e um design l\u00fadico que captura a ess\u00eancia do mar.<\/p>\n","protected":false},"featured_media":8664,"template":"","meta":{"_acf_changed":false},"product_brand":[],"product_cat":[818],"product_tag":[516,515],"class_list":{"0":"post-37997","1":"product","2":"type-product","3":"status-publish","4":"has-post-thumbnail","6":"product_cat-bases-de-copos","7":"product_tag-animais","8":"product_tag-ceramica","9":"pa_motivo-cavalos-marinhos","11":"first","12":"instock","13":"shipping-taxable","14":"product-type-simple"},"acf":[],"_links":{"self":[{"href":"https:\/\/olemosaic.com\/pt-pt\/wp-json\/wp\/v2\/product\/37997","targetHints":{"allow":["GET"]}}],"collection":[{"href":"https:\/\/olemosaic.com\/pt-pt\/wp-json\/wp\/v2\/product"}],"about":[{"href":"https:\/\/olemosaic.com\/pt-pt\/wp-json\/wp\/v2\/types\/product"}],"wp:featuredmedia":[{"embeddable":true,"href":"https:\/\/olemosaic.com\/pt-pt\/wp-json\/wp\/v2\/media\/8664"}],"wp:attachment":[{"href":"https:\/\/olemosaic.com\/pt-pt\/wp-json\/wp\/v2\/media?parent=37997"}],"wp:term":[{"taxonomy":"product_brand","embeddable":true,"href":"https:\/\/olemosaic.com\/pt-pt\/wp-json\/wp\/v2\/product_brand?post=37997"},{"taxonomy":"product_cat","embeddable":true,"href":"https:\/\/olemosaic.com\/pt-pt\/wp-json\/wp\/v2\/product_cat?post=37997"},{"taxonomy":"product_tag","embeddable":true,"href":"https:\/\/olemosaic.com\/pt-pt\/wp-json\/wp\/v2\/product_tag?post=37997"}],"curies":[{"name":"wp","href":"https:\/\/api.w.org\/{rel}","templated":true}]}}