{"id":37995,"date":"2025-02-20T23:34:11","date_gmt":"2025-02-20T22:34:11","guid":{"rendered":"http:\/\/olemosaic.com\/producto\/posavasos-de-ceramica-buhos-mallorca\/"},"modified":"2025-07-25T18:43:58","modified_gmt":"2025-07-25T16:43:58","slug":"base-de-copos-de-ceramica-corujas-maiorca-pt-pt","status":"publish","type":"product","link":"https:\/\/olemosaic.com\/pt-pt\/produto\/base-de-copos-de-ceramica-corujas-maiorca-pt-pt\/","title":{"rendered":"Base de copos de cer\u00e2mica. Corujas. Maiorca."},"content":{"rendered":"<p>Esta base de copos de cer\u00e2mica, decorada com umas encantadoras corujas, \u00e9 um aut\u00eantico tesouro de Maiorca, desenhada para adicionar um toque vibrante e alegre a qualquer mesa. Apresenta um chamativo fundo azul brilhante que real\u00e7a a intrincada ilustra\u00e7\u00e3o de corujas numa variedade de cores quentes, entrela\u00e7adas num bonito mosaico que evoca a rica tradi\u00e7\u00e3o art\u00edstica da ilha. Os detalhes florais e o ambiente natural que rodeia as corujas, juntamente com a palavra &#8220;MALLORCA&#8221; real\u00e7ada com suavidade, celebram a ess\u00eancia deste para\u00edso mediterr\u00e2nico. Cada base de copos \u00e9 pintada \u00e0 m\u00e3o, o que assegura que cada pe\u00e7a seja \u00fanica e confira um car\u00e1ter aut\u00eantico ao seu uso di\u00e1rio.<\/p>\n<p>A liga\u00e7\u00e3o cultural com Maiorca reflete-se n\u00e3o s\u00f3 no seu design, que representa a fauna local, mas tamb\u00e9m na t\u00e9cnica artesanal utilizada, que segue a tradi\u00e7\u00e3o das cer\u00e2micas t\u00edpicas da regi\u00e3o. Esta base de copos n\u00e3o \u00e9 apenas um objeto funcional, mas uma representa\u00e7\u00e3o viva da cultura maiorquina, ideal para aqueles turistas que procuram uma recorda\u00e7\u00e3o significativa e aut\u00eantica da sua viagem. Na Ol\u00e9 Mosaic, como grossista de souvenirs, garantimos que este produto seja uma excelente op\u00e7\u00e3o para lojas de presentes tur\u00edsticos que apreciam o artesanato e o valor cultural nas suas cole\u00e7\u00f5es.<\/p>\n","protected":false},"excerpt":{"rendered":"<p>Base de copos de cer\u00e2mica decorada com um design encantador de corujas, inspirado na beleza de Maiorca. Esta base de copos vibrante apresenta um fundo azul brilhante com um intrincado mosaico de corujas em cores quentes, rodeadas de folhas e flores. A t\u00e9cnica de design artesanal, pintada \u00e0 m\u00e3o, assegura um acabamento \u00fanico, ideal para dar um toque aut\u00eantico e alegre a qualquer mesa. A palavra &#8220;MALLORCA&#8221; destaca-se, celebrando a ess\u00eancia desta bela ilha mediterr\u00e2nica.<\/p>\n","protected":false},"featured_media":8967,"template":"","meta":{"_acf_changed":false},"product_brand":[],"product_cat":[818],"product_tag":[516,515],"class_list":{"0":"post-37995","1":"product","2":"type-product","3":"status-publish","4":"has-post-thumbnail","6":"product_cat-bases-de-copos","7":"product_tag-animais","8":"product_tag-ceramica","9":"pa_ciudad-mallorca","10":"pa_motivo-corujas","11":"pa_pais-espana","13":"first","14":"instock","15":"shipping-taxable","16":"product-type-simple"},"acf":[],"_links":{"self":[{"href":"https:\/\/olemosaic.com\/pt-pt\/wp-json\/wp\/v2\/product\/37995","targetHints":{"allow":["GET"]}}],"collection":[{"href":"https:\/\/olemosaic.com\/pt-pt\/wp-json\/wp\/v2\/product"}],"about":[{"href":"https:\/\/olemosaic.com\/pt-pt\/wp-json\/wp\/v2\/types\/product"}],"wp:featuredmedia":[{"embeddable":true,"href":"https:\/\/olemosaic.com\/pt-pt\/wp-json\/wp\/v2\/media\/8967"}],"wp:attachment":[{"href":"https:\/\/olemosaic.com\/pt-pt\/wp-json\/wp\/v2\/media?parent=37995"}],"wp:term":[{"taxonomy":"product_brand","embeddable":true,"href":"https:\/\/olemosaic.com\/pt-pt\/wp-json\/wp\/v2\/product_brand?post=37995"},{"taxonomy":"product_cat","embeddable":true,"href":"https:\/\/olemosaic.com\/pt-pt\/wp-json\/wp\/v2\/product_cat?post=37995"},{"taxonomy":"product_tag","embeddable":true,"href":"https:\/\/olemosaic.com\/pt-pt\/wp-json\/wp\/v2\/product_tag?post=37995"}],"curies":[{"name":"wp","href":"https:\/\/api.w.org\/{rel}","templated":true}]}}