{"id":37993,"date":"2025-02-20T22:34:09","date_gmt":"2025-02-20T22:34:09","guid":{"rendered":"http:\/\/olemosaic.com\/producto\/posavasos-de-ceramica-flamencos\/"},"modified":"2025-07-25T18:46:47","modified_gmt":"2025-07-25T16:46:47","slug":"base-de-copos-de-ceramica-flamingos-pt-pt","status":"publish","type":"product","link":"https:\/\/olemosaic.com\/pt-pt\/produto\/base-de-copos-de-ceramica-flamingos-pt-pt\/","title":{"rendered":"Base de copos de cer\u00e2mica. Flamingos."},"content":{"rendered":"<p>Esta base de copos de cer\u00e2mica, com um design vibrante de flamingos, \u00e9 a escolha perfeita para quem procura uma recorda\u00e7\u00e3o aut\u00eantica da Andaluzia. Pintada \u00e0 m\u00e3o, esta colorida base de copos mostra dois flamingos entrela\u00e7ando os seus pesco\u00e7os num gesto caloroso de amor, sobre um fundo azul que evoca la frescura das paisagens mediterr\u00e2nicas. As tonalidades vermelhas e azuis s\u00e3o aplicadas com esmero, criando um acabamento brilhante que real\u00e7a cada matiz e detalhe do design, o que a torna uma pe\u00e7a verdadeiramente art\u00edstica. A t\u00e9cnica cer\u00e2mica utilizada garante n\u00e3o s\u00f3 a beleza do produto, mas tamb\u00e9m a sua durabilidade, ideal para proteger as suas superf\u00edcies e adicionar um toque de estilo a qualquer casa ou espa\u00e7o.<\/p>\n<p>Esta base de copos captura a ess\u00eancia do folclore espanhol, representando a rica fauna andaluza, famosa pelos seus flamingos que habitam as suas zonas h\u00famidas. Um souvenir perfeito para turistas e amantes da cultura mediterr\u00e2nica, este artigo n\u00e3o \u00e9 apenas decorativo, mas tamb\u00e9m representa um peda\u00e7o da tradi\u00e7\u00e3o local. Na Ol\u00e9 Mosaic, orgulhamo-nos de oferecer souvenirs aut\u00eanticos que refletem a riqueza cultural de Espanha. Esta base de copos de flamingos \u00e9 uma excelente op\u00e7\u00e3o para lojas de presentes tur\u00edsticos que procuram produtos que combinem funcionalidade e est\u00e9tica. Como distribuidores de souvenirs de cer\u00e2mica, garantimos qualidade e artesanato em cada pe\u00e7a que oferecemos.<\/p>\n","protected":false},"excerpt":{"rendered":"<p>Base de copos de cer\u00e2mica com um design vibrante de flamingos. Esta colorida base de copos mostra dois flamingos sobre um fundo azul, simbolizando a riqueza da fauna andaluza. A t\u00e9cnica utilizada \u00e9 a pintura \u00e0 m\u00e3o, com um acabamento brilhante que real\u00e7a os matizes vermelhos e azuis. Perfeito para adicionar um toque art\u00edstico ao mesmo tempo que protege as suas superf\u00edcies, este artigo captura a ess\u00eancia do folclore espanhol e \u00e9 ideal para qualquer amante da cultura mediterr\u00e2nica.<\/p>\n","protected":false},"featured_media":8674,"template":"","meta":{"_acf_changed":false},"product_brand":[],"product_cat":[818],"product_tag":[516,515],"class_list":{"0":"post-37993","1":"product","2":"type-product","3":"status-publish","4":"has-post-thumbnail","6":"product_cat-bases-de-copos","7":"product_tag-animais","8":"product_tag-ceramica","9":"pa_motivo-flamingos","11":"first","12":"instock","13":"shipping-taxable","14":"product-type-simple"},"acf":[],"_links":{"self":[{"href":"https:\/\/olemosaic.com\/pt-pt\/wp-json\/wp\/v2\/product\/37993","targetHints":{"allow":["GET"]}}],"collection":[{"href":"https:\/\/olemosaic.com\/pt-pt\/wp-json\/wp\/v2\/product"}],"about":[{"href":"https:\/\/olemosaic.com\/pt-pt\/wp-json\/wp\/v2\/types\/product"}],"wp:featuredmedia":[{"embeddable":true,"href":"https:\/\/olemosaic.com\/pt-pt\/wp-json\/wp\/v2\/media\/8674"}],"wp:attachment":[{"href":"https:\/\/olemosaic.com\/pt-pt\/wp-json\/wp\/v2\/media?parent=37993"}],"wp:term":[{"taxonomy":"product_brand","embeddable":true,"href":"https:\/\/olemosaic.com\/pt-pt\/wp-json\/wp\/v2\/product_brand?post=37993"},{"taxonomy":"product_cat","embeddable":true,"href":"https:\/\/olemosaic.com\/pt-pt\/wp-json\/wp\/v2\/product_cat?post=37993"},{"taxonomy":"product_tag","embeddable":true,"href":"https:\/\/olemosaic.com\/pt-pt\/wp-json\/wp\/v2\/product_tag?post=37993"}],"curies":[{"name":"wp","href":"https:\/\/api.w.org\/{rel}","templated":true}]}}