{"id":37992,"date":"2025-02-20T22:33:59","date_gmt":"2025-02-20T22:33:59","guid":{"rendered":"http:\/\/olemosaic.com\/producto\/plato-de-ceramica-de-20-cm-punt-de-trobada-barcelona-blanco\/"},"modified":"2025-07-25T18:48:29","modified_gmt":"2025-07-25T16:48:29","slug":"prato-de-ceramica-de-20-cm-punt-de-trobada-barcelona-branco-pt-pt","status":"publish","type":"product","link":"https:\/\/olemosaic.com\/pt-pt\/produto\/prato-de-ceramica-de-20-cm-punt-de-trobada-barcelona-branco-pt-pt\/","title":{"rendered":"Prato de cer\u00e2mica de 20 cm. Punt de trobada. Barcelona. Branco."},"content":{"rendered":"<p>Este prato de cer\u00e2mica &#8220;Punt de trobada&#8221; \u00e9 uma recorda\u00e7\u00e3o encantadora de Barcelona que une arte e funcionalidade. Com um di\u00e2metro de 20 cm, a sua base branca real\u00e7a uma composi\u00e7\u00e3o de cores alegre e vibrante, com estrelas azuis e formas abstratas em vermelho, amarelo e preto. O design evoca a rica tradi\u00e7\u00e3o modernista da cidade e captura a ess\u00eancia l\u00fadica e criativa das suas ruas.<\/p>\n<p>O estilo art\u00edstico do prato inspira-se na obra de c\u00e9lebres artistas catal\u00e3es, refletindo a rica heran\u00e7a cultural de Barcelona. As formas abstratas e as cores intensas criam um apelo visual que o tornam uma pe\u00e7a perfeita para decorar ou para o uso di\u00e1rio. A sua versatilidade torna-o ideal tanto na mesa como numa prateleira, destacando-se como um objeto que convida \u00e0 contempla\u00e7\u00e3o e ao prazer.<\/p>\n<p>Adquirir este prato &#8220;Punt de trobada&#8221; \u00e9 levar uma recorda\u00e7\u00e3o de Barcelona e, ao mesmo tempo, possuir uma parte do legado art\u00edstico da cidade. Na Ol\u00e9 Mosaic especializamo-nos na distribui\u00e7\u00e3o de recorda\u00e7\u00f5es por grosso, oferecendo produtos aut\u00eanticos e representativos da cultura espanhola. Este prato \u00e9 uma excelente op\u00e7\u00e3o para lojas de presentes tur\u00edsticos que procuram artigos de qualidade e grande valor cultural. Como grossistas de cer\u00e2mica, garantimos autenticidade e design em cada pe\u00e7a, ideal para turistas que procuram souvenirs de Barcelona.<\/p>\n","protected":false},"excerpt":{"rendered":"<p>Prato de cer\u00e2mica de 20 cm decorado com o design &#8220;Punt de trobada&#8221;, inspirado na rica cultura barcelonesa. Este prato branco apresenta uma alegre composi\u00e7\u00e3o de cores vibrantes, com estrelas azuis, formas abstratas em vermelho, amarelo e preto, tudo num estilo art\u00edstico que evoca a ess\u00eancia modernista da cidade. Perfeito como pe\u00e7a decorativa ou para o uso di\u00e1rio, combina funcionalidade com uma est\u00e9tica \u00fanica.<\/p>\n","protected":false},"featured_media":9142,"template":"","meta":{"_acf_changed":false},"product_brand":[],"product_cat":[629],"product_tag":[515],"class_list":{"0":"post-37992","1":"product","2":"type-product","3":"status-publish","4":"has-post-thumbnail","6":"product_cat-pratos-decorativos","7":"product_tag-ceramica","8":"pa_ciudad-barcelona","9":"pa_motivo-punt-de-trobada","10":"pa_pais-espana","12":"first","13":"instock","14":"shipping-taxable","15":"product-type-simple"},"acf":[],"_links":{"self":[{"href":"https:\/\/olemosaic.com\/pt-pt\/wp-json\/wp\/v2\/product\/37992","targetHints":{"allow":["GET"]}}],"collection":[{"href":"https:\/\/olemosaic.com\/pt-pt\/wp-json\/wp\/v2\/product"}],"about":[{"href":"https:\/\/olemosaic.com\/pt-pt\/wp-json\/wp\/v2\/types\/product"}],"wp:featuredmedia":[{"embeddable":true,"href":"https:\/\/olemosaic.com\/pt-pt\/wp-json\/wp\/v2\/media\/9142"}],"wp:attachment":[{"href":"https:\/\/olemosaic.com\/pt-pt\/wp-json\/wp\/v2\/media?parent=37992"}],"wp:term":[{"taxonomy":"product_brand","embeddable":true,"href":"https:\/\/olemosaic.com\/pt-pt\/wp-json\/wp\/v2\/product_brand?post=37992"},{"taxonomy":"product_cat","embeddable":true,"href":"https:\/\/olemosaic.com\/pt-pt\/wp-json\/wp\/v2\/product_cat?post=37992"},{"taxonomy":"product_tag","embeddable":true,"href":"https:\/\/olemosaic.com\/pt-pt\/wp-json\/wp\/v2\/product_tag?post=37992"}],"curies":[{"name":"wp","href":"https:\/\/api.w.org\/{rel}","templated":true}]}}