{"id":37991,"date":"2025-02-20T22:33:59","date_gmt":"2025-02-20T22:33:59","guid":{"rendered":"http:\/\/olemosaic.com\/producto\/mug-xl-de-ceramica-salamandra-beige-2\/"},"modified":"2025-07-25T19:48:37","modified_gmt":"2025-07-25T17:48:37","slug":"caneca-xl-de-ceramica-salamandra-bege-2-pt-pt","status":"publish","type":"product","link":"https:\/\/olemosaic.com\/pt-pt\/produto\/caneca-xl-de-ceramica-salamandra-bege-2-pt-pt\/","title":{"rendered":"Caneca XL de cer\u00e2mica. Salamandra. Bege."},"content":{"rendered":"<p>Esta caneca XL de cer\u00e2mica, decorada com salamandras multicoloridas chamativas, \u00e9 uma maravilhosa representa\u00e7\u00e3o da tradi\u00e7\u00e3o art\u00edstica mediterr\u00e2nica, perfeita para quem procura levar um peda\u00e7o de cultura para o seu lar. O seu design vibrante apresenta mosaicos em tons de azul, verde, vermelho e amarelo, que brincam alegremente sobre um fundo bege, enquanto flores coloridas adicionam um toque de frescura e vida ao conjunto. O interior da caneca destaca-se pela sua intensa cor vermelha, proporcionando um encanto quente e distintivo que potencia ainda mais a experi\u00eancia de degustar a sua bebida favorita. Fabricada em cer\u00e2mica de alta qualidade, esta caneca n\u00e3o s\u00f3 \u00e9 funcional, como tamb\u00e9m se apresenta como uma obra de arte que celebra a rica biodiversidade e o folclore espanhol.<\/p>\n<p>O s\u00edmbolo da salamandra faz parte da cultura mediterr\u00e2nica h\u00e1 s\u00e9culos, representando prote\u00e7\u00e3o e transforma\u00e7\u00e3o, o que torna esta caneca uma recorda\u00e7\u00e3o valiosa que convida \u00e0 reflex\u00e3o. Na Ol\u00e9 Mosaic, especializamo-nos na distribui\u00e7\u00e3o de souvenirs por grosso, e esta caneca de cer\u00e2mica \u00e9 uma excelente op\u00e7\u00e3o para lojas de presentes tur\u00edsticos que procuram oferecer aos seus clientes artigos aut\u00eanticos e representativos. Ideal para quem procura souvenirs de qualidade, esta caneca XL \u00e9 o presente perfeito para quem deseja recordar as suas viagens a Espanha ou Portugal de forma memor\u00e1vel.<\/p>\n","protected":false},"excerpt":{"rendered":"<p>Caneca XL de cer\u00e2mica decorada com salamandras multicoloridas chamativas, ideal para desfrutar das suas bebidas favoritas. Esta elegante pe\u00e7a apresenta um design vibrante com mosaicos em tons de azul, verde, vermelho e amarelo, acompanhados de flores coloridas, sobre um fundo bege. O interior da caneca \u00e9 de uma intensa cor vermelha, o que lhe confere um toque quente e distintivo. Fabricada em cer\u00e2mica de alta qualidade, esta caneca combina funcionalidade e arte, perfeita para levar um peda\u00e7o da cultura mediterr\u00e2nica para o seu lar.<\/p>\n","protected":false},"featured_media":7683,"template":"","meta":{"_acf_changed":false},"product_brand":[],"product_cat":[726],"product_tag":[516,515],"class_list":{"0":"post-37991","1":"product","2":"type-product","3":"status-publish","4":"has-post-thumbnail","6":"product_cat-mugs","7":"product_tag-animais","8":"product_tag-ceramica","9":"pa_motivo-salamandras","11":"first","12":"instock","13":"shipping-taxable","14":"product-type-simple"},"acf":[],"_links":{"self":[{"href":"https:\/\/olemosaic.com\/pt-pt\/wp-json\/wp\/v2\/product\/37991","targetHints":{"allow":["GET"]}}],"collection":[{"href":"https:\/\/olemosaic.com\/pt-pt\/wp-json\/wp\/v2\/product"}],"about":[{"href":"https:\/\/olemosaic.com\/pt-pt\/wp-json\/wp\/v2\/types\/product"}],"wp:featuredmedia":[{"embeddable":true,"href":"https:\/\/olemosaic.com\/pt-pt\/wp-json\/wp\/v2\/media\/7683"}],"wp:attachment":[{"href":"https:\/\/olemosaic.com\/pt-pt\/wp-json\/wp\/v2\/media?parent=37991"}],"wp:term":[{"taxonomy":"product_brand","embeddable":true,"href":"https:\/\/olemosaic.com\/pt-pt\/wp-json\/wp\/v2\/product_brand?post=37991"},{"taxonomy":"product_cat","embeddable":true,"href":"https:\/\/olemosaic.com\/pt-pt\/wp-json\/wp\/v2\/product_cat?post=37991"},{"taxonomy":"product_tag","embeddable":true,"href":"https:\/\/olemosaic.com\/pt-pt\/wp-json\/wp\/v2\/product_tag?post=37991"}],"curies":[{"name":"wp","href":"https:\/\/api.w.org\/{rel}","templated":true}]}}