{"id":37983,"date":"2025-02-20T23:33:55","date_gmt":"2025-02-20T22:33:55","guid":{"rendered":"http:\/\/olemosaic.com\/producto\/mug-de-ceramica-bailaora-beige-2\/"},"modified":"2025-07-25T19:10:45","modified_gmt":"2025-07-25T17:10:45","slug":"caneca-de-ceramica-bailarina-bege-2-pt-pt","status":"publish","type":"product","link":"https:\/\/olemosaic.com\/pt-pt\/produto\/caneca-de-ceramica-bailarina-bege-2-pt-pt\/","title":{"rendered":"Caneca de cer\u00e2mica. Bailarina. Bege. Espanha."},"content":{"rendered":"<p>Esta caneca de cer\u00e2mica pintada \u00e0 m\u00e3o \u00e9 uma ode \u00e0 vibrante cultura espanhola, destacando uma encantadora representa\u00e7\u00e3o de uma bailarina que evoca a paix\u00e3o e a arte do flamenco. Com um fundo de um tom bege quente, a caneca apresenta um design cativante em tons de vermelho e azul, mostrando a bailarina com um elegante vestido multicolorido que parece flutuar com gra\u00e7a. Os seus movimentos ganham vida gra\u00e7as aos detalhes intrincados e aos coloridos motivos florais que simbolizam o esp\u00edrito festivo de Espanha.<\/p>\n<p>A decora\u00e7\u00e3o inclui a palavra &#8220;ESPANHA&#8221;, adornada com ramos de flores vermelhas, que acrescenta um toque extra de autenticidade e liga\u00e7\u00e3o cultural. Esta caneca n\u00e3o s\u00f3 \u00e9 funcional para desfrutar das suas bebidas favoritas, como tamb\u00e9m \u00e9 uma recorda\u00e7\u00e3o impressionante que captura a ess\u00eancia da fam\u00edlia, do folclore e da tradi\u00e7\u00e3o espanhola. O seu design \u00fanico torna-a um presente perfeito para aqueles que procuram levar um pedacinho de Espanha para casa.<\/p>\n<p>Na Ol\u00e9 Mosaic distribu\u00edmos recorda\u00e7\u00f5es aut\u00eanticas, como esta caneca de cer\u00e2mica, que refletem a riqueza cultural de Espanha, ideais para lojas de presentes tur\u00edsticos que procuram captar a aten\u00e7\u00e3o dos seus clientes. Esta caneca de bailarina \u00e9 uma excelente op\u00e7\u00e3o para quem deseja oferecer produtos que combinam arte e funcionalidade num \u00fanico objeto.<\/p>\n","protected":false},"excerpt":{"rendered":"<p>Caneca de cer\u00e2mica com design artesanal, pintada \u00e0 m\u00e3o, inspirada na cultura espanhola, com uma vibrante representa\u00e7\u00e3o de uma bailarina. Esta caneca, em tons de bege e vermelho, apresenta detalhes coloridos do traje de flamenco, juntamente com as ic\u00f3nicas flores vermelhas, evocando a ess\u00eancia da dan\u00e7a e do folclore espanhol. Adornada com a palavra &#8220;ESPANHA&#8221;, esta caneca combina arte e funcionalidade, ideal para os amantes da tradi\u00e7\u00e3o e da cultura.<\/p>\n","protected":false},"featured_media":6861,"template":"","meta":{"_acf_changed":false},"product_brand":[],"product_cat":[726],"product_tag":[515],"class_list":{"0":"post-37983","1":"product","2":"type-product","3":"status-publish","4":"has-post-thumbnail","6":"product_cat-mugs","7":"product_tag-ceramica","8":"pa_motivo-dancarinos","10":"first","11":"instock","12":"shipping-taxable","13":"product-type-simple"},"acf":[],"_links":{"self":[{"href":"https:\/\/olemosaic.com\/pt-pt\/wp-json\/wp\/v2\/product\/37983","targetHints":{"allow":["GET"]}}],"collection":[{"href":"https:\/\/olemosaic.com\/pt-pt\/wp-json\/wp\/v2\/product"}],"about":[{"href":"https:\/\/olemosaic.com\/pt-pt\/wp-json\/wp\/v2\/types\/product"}],"wp:featuredmedia":[{"embeddable":true,"href":"https:\/\/olemosaic.com\/pt-pt\/wp-json\/wp\/v2\/media\/6861"}],"wp:attachment":[{"href":"https:\/\/olemosaic.com\/pt-pt\/wp-json\/wp\/v2\/media?parent=37983"}],"wp:term":[{"taxonomy":"product_brand","embeddable":true,"href":"https:\/\/olemosaic.com\/pt-pt\/wp-json\/wp\/v2\/product_brand?post=37983"},{"taxonomy":"product_cat","embeddable":true,"href":"https:\/\/olemosaic.com\/pt-pt\/wp-json\/wp\/v2\/product_cat?post=37983"},{"taxonomy":"product_tag","embeddable":true,"href":"https:\/\/olemosaic.com\/pt-pt\/wp-json\/wp\/v2\/product_tag?post=37983"}],"curies":[{"name":"wp","href":"https:\/\/api.w.org\/{rel}","templated":true}]}}