{"id":37982,"date":"2025-02-20T23:33:00","date_gmt":"2025-02-20T22:33:00","guid":{"rendered":"http:\/\/olemosaic.com\/producto\/bol-de-coco-marron-salamandra-gran-canaria-2\/"},"modified":"2025-07-25T18:53:57","modified_gmt":"2025-07-25T16:53:57","slug":"taca-de-coco-castanha-salamandra-gran-canaria-2-pt-pt","status":"publish","type":"product","link":"https:\/\/olemosaic.com\/pt-pt\/produto\/taca-de-coco-castanha-salamandra-gran-canaria-2-pt-pt\/","title":{"rendered":"Ta\u00e7a de coco castanha. Salamandra. Gran Canaria. Fundo claro."},"content":{"rendered":"<p>Esta impressionante ta\u00e7a de coco castanha, decorada com elementos t\u00edpicos de Gran Canaria, \u00e9 uma pe\u00e7a excecional que capta a ess\u00eancia da cultura can\u00e1ria. Com o seu design elaborado em n\u00e1car, a ta\u00e7a apresenta duas salamandras estilizadas em tons castanhos que se distribuem artisticamente sobre um fundo claro, criando um contraste visual encantador. A palavra &#8220;GRAN CANARIA&#8221;, tamb\u00e9m incrustada com eleg\u00e2ncia, real\u00e7a a proced\u00eancia da lembran\u00e7a, tornando-a numa recorda\u00e7\u00e3o aut\u00eantica da regi\u00e3o.<\/p>\n<p>A sua forma circular e o seu acabamento brilhante n\u00e3o s\u00f3 conferem um toque decorativo, como tamb\u00e9m refletem a rica tradi\u00e7\u00e3o artesanal das Can\u00e1rias. Os detalhes iridescentes do n\u00e1car acrescentam um acabamento luminoso que capta a luz e atrai o olhar, fazendo desta ta\u00e7a um objeto ideal tanto para adornar qualquer divis\u00e3o como para servir como um recipiente pr\u00e1tico.<\/p>\n<p>Esta ta\u00e7a n\u00e3o \u00e9 apenas uma recorda\u00e7\u00e3o, mas tamb\u00e9m um s\u00edmbolo da biodiversidade de Gran Canaria, onde as salamandras fazem parte do folclore local. Na Ol\u00e9 Mosaic, a nossa miss\u00e3o \u00e9 oferecer recorda\u00e7\u00f5es aut\u00eanticas por grosso, e esta ta\u00e7a de coco castanha \u00e9 uma excelente op\u00e7\u00e3o para lojas de presentes tur\u00edsticos que procuram produtos de qualidade que representem a riqueza cultural das Can\u00e1rias. Uma recorda\u00e7\u00e3o representativa que, al\u00e9m de est\u00e9tica, conta uma hist\u00f3ria.<\/p>\n","protected":false},"excerpt":{"rendered":"<p>Ta\u00e7a de coco castanha decorada com motivos t\u00edpicos de Gran Canaria. Esta atraente ta\u00e7a apresenta um elaborado design em n\u00e1car, com duas salamandras castanhas sobre um fundo claro e a inscri\u00e7\u00e3o &#8220;GRAN CANARIA&#8221;. A sua forma circular e o seu acabamento brilhante tornam-na numa pe\u00e7a \u00fanica, ideal para decorar qualquer divis\u00e3o ou como recorda\u00e7\u00e3o representativa da rica cultura can\u00e1ria.<\/p>\n","protected":false},"featured_media":10334,"template":"","meta":{"_acf_changed":false},"product_brand":[],"product_cat":[513],"product_tag":[516],"class_list":{"0":"post-37982","1":"product","2":"type-product","3":"status-publish","4":"has-post-thumbnail","6":"product_cat-bols","7":"product_tag-animais","8":"pa_ciudad-gran-canaria","9":"pa_motivo-salamandras","10":"pa_pais-espana","12":"first","13":"instock","14":"shipping-taxable","15":"product-type-simple"},"acf":[],"_links":{"self":[{"href":"https:\/\/olemosaic.com\/pt-pt\/wp-json\/wp\/v2\/product\/37982","targetHints":{"allow":["GET"]}}],"collection":[{"href":"https:\/\/olemosaic.com\/pt-pt\/wp-json\/wp\/v2\/product"}],"about":[{"href":"https:\/\/olemosaic.com\/pt-pt\/wp-json\/wp\/v2\/types\/product"}],"wp:featuredmedia":[{"embeddable":true,"href":"https:\/\/olemosaic.com\/pt-pt\/wp-json\/wp\/v2\/media\/10334"}],"wp:attachment":[{"href":"https:\/\/olemosaic.com\/pt-pt\/wp-json\/wp\/v2\/media?parent=37982"}],"wp:term":[{"taxonomy":"product_brand","embeddable":true,"href":"https:\/\/olemosaic.com\/pt-pt\/wp-json\/wp\/v2\/product_brand?post=37982"},{"taxonomy":"product_cat","embeddable":true,"href":"https:\/\/olemosaic.com\/pt-pt\/wp-json\/wp\/v2\/product_cat?post=37982"},{"taxonomy":"product_tag","embeddable":true,"href":"https:\/\/olemosaic.com\/pt-pt\/wp-json\/wp\/v2\/product_tag?post=37982"}],"curies":[{"name":"wp","href":"https:\/\/api.w.org\/{rel}","templated":true}]}}