{"id":37981,"date":"2025-02-20T23:33:00","date_gmt":"2025-02-20T22:33:00","guid":{"rendered":"http:\/\/olemosaic.com\/producto\/bol-de-coco-azul-isla-menorca-2\/"},"modified":"2025-07-25T19:37:20","modified_gmt":"2025-07-25T17:37:20","slug":"taca-de-coco-azul-ilha-menorca-2-pt-pt","status":"publish","type":"product","link":"https:\/\/olemosaic.com\/pt-pt\/produto\/taca-de-coco-azul-ilha-menorca-2-pt-pt\/","title":{"rendered":"Ta\u00e7a de coco azul. Ilha. Menorca. Azul e branco."},"content":{"rendered":"<p>Esta impressionante ta\u00e7a de coco azul \u00e9 um aut\u00eantico reflexo da beleza da ilha de Menorca. Com um vibrante fundo azul que evoca o mar Mediterr\u00e2neo, esta ta\u00e7a destaca-se pela sua artesania \u00fanica, fruto da cuidadosa tradi\u00e7\u00e3o de trabalhar o coco. No centro, aparece a silhueta da ilha de Menorca numa elegante cor branca, rodeada por uma delicada moldura de detalhes decorativos em tons que combinam o azul e o branco, evocando as ondas e a est\u00e9tica costeira, t\u00e3o relaxante, deste destino id\u00edlico.<\/p>\n<p>Cada ta\u00e7a \u00e9 uma pe\u00e7a \u00fanica, gra\u00e7as ao seu acabamento artesanal que real\u00e7a as imperfei\u00e7\u00f5es naturais do coco, tornando-a numa recorda\u00e7\u00e3o aut\u00eantica e especial. Esta ta\u00e7a n\u00e3o s\u00f3 \u00e9 funcional, como tamb\u00e9m um elemento decorativo que acrescenta um toque mediterr\u00e2nico a qualquer lar. Perfeita para servir aperitivos ou como centro de mesa, \u00e9 ideal para quem procura recorda\u00e7\u00f5es de Menorca que encapsulem a sua ess\u00eancia.<\/p>\n<p>Na Ol\u00e9 Mosaic, distribu\u00edmos recorda\u00e7\u00f5es de qualidade por grosso, e esta ta\u00e7a de coco azul \u00e9 uma excelente op\u00e7\u00e3o para lojas de presentes tur\u00edsticos que desejem oferecer artigos aut\u00eanticos que representem a cultura e o patrim\u00f3nio de Espanha. Um presente perfeito que transportar\u00e1 os turistas de volta \u00e0s belas praias e paisagens de Menorca cada vez que a utilizarem.<\/p>\n","protected":false},"excerpt":{"rendered":"<p>Ta\u00e7a de coco azul, inspirada na bela ilha de Menorca. Esta encantadora ta\u00e7a apresenta um vibrante fundo azul, adornado com a silhueta da ilha em branco, emoldurada por detalhes decorativos em tons azuis e brancos. Fabricada em coco, este artigo destaca-se pelo seu acabamento artesanal, o que lhe confere um car\u00e1cter \u00fanico e aut\u00eantico, ideal para dar um toque mediterr\u00e2nico a qualquer espa\u00e7o.<\/p>\n","protected":false},"featured_media":11945,"template":"","meta":{"_acf_changed":false},"product_brand":[],"product_cat":[513],"product_tag":[],"class_list":{"0":"post-37981","1":"product","2":"type-product","3":"status-publish","4":"has-post-thumbnail","6":"product_cat-bols","7":"pa_ciudad-menorca","8":"pa_motivo-ilhas","9":"pa_pais-espana","11":"first","12":"instock","13":"shipping-taxable","14":"product-type-simple"},"acf":[],"_links":{"self":[{"href":"https:\/\/olemosaic.com\/pt-pt\/wp-json\/wp\/v2\/product\/37981","targetHints":{"allow":["GET"]}}],"collection":[{"href":"https:\/\/olemosaic.com\/pt-pt\/wp-json\/wp\/v2\/product"}],"about":[{"href":"https:\/\/olemosaic.com\/pt-pt\/wp-json\/wp\/v2\/types\/product"}],"wp:featuredmedia":[{"embeddable":true,"href":"https:\/\/olemosaic.com\/pt-pt\/wp-json\/wp\/v2\/media\/11945"}],"wp:attachment":[{"href":"https:\/\/olemosaic.com\/pt-pt\/wp-json\/wp\/v2\/media?parent=37981"}],"wp:term":[{"taxonomy":"product_brand","embeddable":true,"href":"https:\/\/olemosaic.com\/pt-pt\/wp-json\/wp\/v2\/product_brand?post=37981"},{"taxonomy":"product_cat","embeddable":true,"href":"https:\/\/olemosaic.com\/pt-pt\/wp-json\/wp\/v2\/product_cat?post=37981"},{"taxonomy":"product_tag","embeddable":true,"href":"https:\/\/olemosaic.com\/pt-pt\/wp-json\/wp\/v2\/product_tag?post=37981"}],"curies":[{"name":"wp","href":"https:\/\/api.w.org\/{rel}","templated":true}]}}