{"id":37979,"date":"2025-02-20T22:33:00","date_gmt":"2025-02-20T22:33:00","guid":{"rendered":"http:\/\/olemosaic.com\/producto\/lata-inox-de-500-ml-toro\/"},"modified":"2025-07-25T19:43:32","modified_gmt":"2025-07-25T17:43:32","slug":"lata-inox-de-500-ml-touro-pt-pt","status":"publish","type":"product","link":"https:\/\/olemosaic.com\/pt-pt\/produto\/lata-inox-de-500-ml-touro-pt-pt\/","title":{"rendered":"Lata inox de 500 ml. Touro."},"content":{"rendered":"<p>Este imponente design em lata de a\u00e7o inoxid\u00e1vel de 500 ml, decorada com um vibrante touro ao estilo mosaico, simboliza com orgulho a rica cultura espanhola. A lata, elaborada em resistente a\u00e7o inoxid\u00e1vel, apresenta um fundo branco que emula a textura dos azulejos cl\u00e1ssicos, em perfeita harmonia com as cores chamativas do touro: vermelho, verde, amarelo e azul. Esta obra de arte contempor\u00e2nea capta a ess\u00eancia do esp\u00edrito espanhol, onde o touro \u00e9 um \u00edcone de tradi\u00e7\u00e3o e for\u00e7a.<\/p>\n<p>A imagem do touro enquadra-se num cativante mosaico que n\u00e3o s\u00f3 embeleza a lata, mas tamb\u00e9m lhe acrescenta valor est\u00e9tico, tornando-a numa excelente recorda\u00e7\u00e3o. Este produto n\u00e3o s\u00f3 \u00e9 funcional, ao manter as bebidas frias, como tamb\u00e9m celebra a tradi\u00e7\u00e3o espanhola, transformando cada gole numa experi\u00eancia cultural. Como representante da majestade do campo e da heran\u00e7a taurina de Espanha, esta lata \u00e9 uma recorda\u00e7\u00e3o perfeita da diversidade cultural que o pa\u00eds oferece.<\/p>\n<p>Na Ol\u00e9 Mosaic, orgulhamo-nos de apresentar esta aut\u00eantica recorda\u00e7\u00e3o que combina arte e utilidade, ideal para turistas que procuram uma lembran\u00e7a significativa da sua viagem a Espanha. Como grossistas de recorda\u00e7\u00f5es, oferecemos produtos \u00fanicos que captam a ess\u00eancia da cultura espanhola e fazem com que cada momento seja memor\u00e1vel.<\/p>\n","protected":false},"excerpt":{"rendered":"<p>Lata de a\u00e7o inoxid\u00e1vel de 500 ml, decorada com um design vibrante de um touro em estilo mosaico, que representa um s\u00edmbolo ic\u00f3nico da cultura espanhola. A lata apresenta cores chamativas como o vermelho, o verde, o amarelo e o azul sobre um fundo branco com padr\u00f5es que imitam a textura dos azulejos cl\u00e1ssicos. Ideal para manter as suas bebidas frias, combina funcionalidade e arte num produto que celebra a tradi\u00e7\u00e3o espanhola.<\/p>\n","protected":false},"featured_media":11146,"template":"","meta":{"_acf_changed":false},"product_brand":[],"product_cat":[805],"product_tag":[516],"class_list":{"0":"post-37979","1":"product","2":"type-product","3":"status-publish","4":"has-post-thumbnail","6":"product_cat-latas","7":"product_tag-animais","8":"pa_motivo-touros","10":"first","11":"instock","12":"shipping-taxable","13":"product-type-simple"},"acf":[],"_links":{"self":[{"href":"https:\/\/olemosaic.com\/pt-pt\/wp-json\/wp\/v2\/product\/37979","targetHints":{"allow":["GET"]}}],"collection":[{"href":"https:\/\/olemosaic.com\/pt-pt\/wp-json\/wp\/v2\/product"}],"about":[{"href":"https:\/\/olemosaic.com\/pt-pt\/wp-json\/wp\/v2\/types\/product"}],"wp:featuredmedia":[{"embeddable":true,"href":"https:\/\/olemosaic.com\/pt-pt\/wp-json\/wp\/v2\/media\/11146"}],"wp:attachment":[{"href":"https:\/\/olemosaic.com\/pt-pt\/wp-json\/wp\/v2\/media?parent=37979"}],"wp:term":[{"taxonomy":"product_brand","embeddable":true,"href":"https:\/\/olemosaic.com\/pt-pt\/wp-json\/wp\/v2\/product_brand?post=37979"},{"taxonomy":"product_cat","embeddable":true,"href":"https:\/\/olemosaic.com\/pt-pt\/wp-json\/wp\/v2\/product_cat?post=37979"},{"taxonomy":"product_tag","embeddable":true,"href":"https:\/\/olemosaic.com\/pt-pt\/wp-json\/wp\/v2\/product_tag?post=37979"}],"curies":[{"name":"wp","href":"https:\/\/api.w.org\/{rel}","templated":true}]}}