{"id":37976,"date":"2025-02-20T23:32:57","date_gmt":"2025-02-20T22:32:57","guid":{"rendered":"http:\/\/olemosaic.com\/producto\/iman-de-resina-mariposa-mallorca-10-cm\/"},"modified":"2025-07-25T20:42:10","modified_gmt":"2025-07-25T18:42:10","slug":"iman-de-resina-borboleta-maiorca-10-cm-pt-pt","status":"publish","type":"product","link":"https:\/\/olemosaic.com\/pt-pt\/produto\/iman-de-resina-borboleta-maiorca-10-cm-pt-pt\/","title":{"rendered":"\u00cdman de resina. Borboleta. Maiorca. 10 cm."},"content":{"rendered":"<p>Este \u00edman de resina com forma de pirilampo \u00e9 uma celebra\u00e7\u00e3o vibrante da beleza e da cultura de Maiorca. Com dimens\u00f5es de 10 cm, esta atraente recorda\u00e7\u00e3o destaca-se pelo seu design decorativo, que funde cores intensas e detalhes art\u00edsticos que evocam o encanto singular da ilha balear. O seu fundo preto real\u00e7a padr\u00f5es em azul, vermelho e amarelo, inspirados na arte tradicional maiorquina, criando um contraste visual que atrair\u00e1 a aten\u00e7\u00e3o em qualquer superf\u00edcie met\u00e1lica. O nome &#8220;MALLORCA&#8221; est\u00e1 incorporado centralmente, capturando a ess\u00eancia deste belo destino mediterr\u00e2nico numa pe\u00e7a tanto decorativa como significativa. Os detalhes da ilustra\u00e7\u00e3o, que evocam a fauna local, fazem com que este \u00edman n\u00e3o sirva apenas como recorda\u00e7\u00e3o das suas viagens, mas tamb\u00e9m como s\u00edmbolo da rica biodiversidade que Maiorca oferece. Ideal para turistas que procuram recorda\u00e7\u00f5es aut\u00eanticas e representativas, este \u00edman \u00e9 um presente especial que preservar\u00e1 as mem\u00f3rias de experi\u00eancias maravilhosas na ilha. A Ol\u00e9 Mosaic orgulha-se de oferecer recorda\u00e7\u00f5es de qualidade por grosso que refletem a autenticidade e o esp\u00edrito cultural das suas origens, tornando este \u00edman uma excelente op\u00e7\u00e3o para lojas de presentes tur\u00edsticos.<\/p>\n","protected":false},"excerpt":{"rendered":"<p>\u00cdman com forma de pirilampo, inspirado na beleza de Maiorca. Este atraente \u00edman de 10 cm destaca-se pelo seu design decorativo vibrante, com cores intensas e detalhes art\u00edsticos. Sobre um fundo preto, desenrolam-se padr\u00f5es em azul, vermelho e amarelo que evocam a arte tradicional da ilha. A palavra &#8220;MALLORCA&#8221; centra a pe\u00e7a, capturando a ess\u00eancia deste destino mediterr\u00e2nico. Ideal para recordar as suas viagens ou para um presente especial.<\/p>\n","protected":false},"featured_media":9528,"template":"","meta":{"_acf_changed":false},"product_brand":[],"product_cat":[699],"product_tag":[516],"class_list":{"0":"post-37976","1":"product","2":"type-product","3":"status-publish","4":"has-post-thumbnail","6":"product_cat-imanes","7":"product_tag-animais","8":"pa_ciudad-mallorca","9":"pa_motivo-borboletas","10":"pa_pais-espana","12":"first","13":"instock","14":"shipping-taxable","15":"product-type-simple"},"acf":[],"_links":{"self":[{"href":"https:\/\/olemosaic.com\/pt-pt\/wp-json\/wp\/v2\/product\/37976","targetHints":{"allow":["GET"]}}],"collection":[{"href":"https:\/\/olemosaic.com\/pt-pt\/wp-json\/wp\/v2\/product"}],"about":[{"href":"https:\/\/olemosaic.com\/pt-pt\/wp-json\/wp\/v2\/types\/product"}],"wp:featuredmedia":[{"embeddable":true,"href":"https:\/\/olemosaic.com\/pt-pt\/wp-json\/wp\/v2\/media\/9528"}],"wp:attachment":[{"href":"https:\/\/olemosaic.com\/pt-pt\/wp-json\/wp\/v2\/media?parent=37976"}],"wp:term":[{"taxonomy":"product_brand","embeddable":true,"href":"https:\/\/olemosaic.com\/pt-pt\/wp-json\/wp\/v2\/product_brand?post=37976"},{"taxonomy":"product_cat","embeddable":true,"href":"https:\/\/olemosaic.com\/pt-pt\/wp-json\/wp\/v2\/product_cat?post=37976"},{"taxonomy":"product_tag","embeddable":true,"href":"https:\/\/olemosaic.com\/pt-pt\/wp-json\/wp\/v2\/product_tag?post=37976"}],"curies":[{"name":"wp","href":"https:\/\/api.w.org\/{rel}","templated":true}]}}