{"id":37973,"date":"2025-02-20T23:32:56","date_gmt":"2025-02-20T22:32:56","guid":{"rendered":"http:\/\/olemosaic.com\/producto\/iman-de-resina-punt-de-trobada-barcelona-10-cm\/"},"modified":"2025-07-25T19:47:24","modified_gmt":"2025-07-25T17:47:24","slug":"iman-de-resina-punt-de-trobada-barcelona-10-cm-pt-pt-2","status":"publish","type":"product","link":"https:\/\/olemosaic.com\/pt-pt\/produto\/iman-de-resina-punt-de-trobada-barcelona-10-cm-pt-pt-2\/","title":{"rendered":"\u00cdman de resina. Punt de trobada. Barcelona. 10 cm."},"content":{"rendered":"<p>Este \u00edman de resina com forma de lagarto \u00e9 uma recorda\u00e7\u00e3o encantadora que capta a ess\u00eancia vibrante de Barcelona, inspirado no emblem\u00e1tico mosaico de Gaud\u00ed. Com dimens\u00f5es de 10 cm, este \u00edman n\u00e3o \u00e9 apenas funcional, mas tamb\u00e9m atua como um aut\u00eantico elemento decorativo que transporta os seus admiradores para a majestosa arquitetura modernista da cidade condal. O seu design colorido apresenta uma explos\u00e3o de tons azuis, amarelos e vermelhos sobre um fundo branco, destacando a palavra &#8220;Barcelona&#8221; no centro com uma tipografia alegre que complementa a est\u00e9tica vibrante do objeto.<\/p>\n<p>A figura do lagarto \u00e9 uma homenagem ao famoso &#8220;Drag\u00e3o&#8221; do Parque G\u00fcell, que representa a criatividade art\u00edstica e a singularidade do patrim\u00f3nio cultural de Barcelona. Este \u00edman n\u00e3o \u00e9 apenas um complemento ideal para o lar, mas tamb\u00e9m simboliza a rica hist\u00f3ria do modernismo catal\u00e3o, o que o torna uma excelente op\u00e7\u00e3o para os turistas que desejam levar para casa um pedacinho da cultura catal\u00e3. Na Ol\u00e9 Mosaic distribu\u00edmos esta e outras recorda\u00e7\u00f5es representativas de Espanha por grosso, assegurando a autenticidade e a qualidade que as lojas de presentes tur\u00edsticos procuram. Este \u00edman de Barcelona \u00e9 uma forma perfeita de recordar a efervescente atmosfera da cidade e o seu rico patrim\u00f3nio art\u00edstico.<\/p>\n","protected":false},"excerpt":{"rendered":"<p>\u00cdman com forma de lagarto, inspirado no famoso mosaico de Gaud\u00ed, que representa a ess\u00eancia vibrante de Barcelona. Com um design colorido que combina tons azuis, amarelos e vermelhos sobre um fundo branco, este \u00edman de 10 cm destaca a palavra &#8220;Barcelona&#8221; no centro. Ideal para levar um peda\u00e7o da arquitetura modernista da cidade para o seu lar, este souvenir capta a criatividade art\u00edstica que define a cultura catal\u00e3.<\/p>\n","protected":false},"featured_media":9337,"template":"","meta":{"_acf_changed":false},"product_brand":[],"product_cat":[699],"product_tag":[],"class_list":{"0":"post-37973","1":"product","2":"type-product","3":"status-publish","4":"has-post-thumbnail","6":"product_cat-imanes","7":"pa_ciudad-barcelona","8":"pa_motivo-punt-de-trobada","9":"pa_pais-espana","11":"first","12":"instock","13":"shipping-taxable","14":"product-type-simple"},"acf":[],"_links":{"self":[{"href":"https:\/\/olemosaic.com\/pt-pt\/wp-json\/wp\/v2\/product\/37973","targetHints":{"allow":["GET"]}}],"collection":[{"href":"https:\/\/olemosaic.com\/pt-pt\/wp-json\/wp\/v2\/product"}],"about":[{"href":"https:\/\/olemosaic.com\/pt-pt\/wp-json\/wp\/v2\/types\/product"}],"wp:featuredmedia":[{"embeddable":true,"href":"https:\/\/olemosaic.com\/pt-pt\/wp-json\/wp\/v2\/media\/9337"}],"wp:attachment":[{"href":"https:\/\/olemosaic.com\/pt-pt\/wp-json\/wp\/v2\/media?parent=37973"}],"wp:term":[{"taxonomy":"product_brand","embeddable":true,"href":"https:\/\/olemosaic.com\/pt-pt\/wp-json\/wp\/v2\/product_brand?post=37973"},{"taxonomy":"product_cat","embeddable":true,"href":"https:\/\/olemosaic.com\/pt-pt\/wp-json\/wp\/v2\/product_cat?post=37973"},{"taxonomy":"product_tag","embeddable":true,"href":"https:\/\/olemosaic.com\/pt-pt\/wp-json\/wp\/v2\/product_tag?post=37973"}],"curies":[{"name":"wp","href":"https:\/\/api.w.org\/{rel}","templated":true}]}}