{"id":37972,"date":"2025-02-20T22:32:46","date_gmt":"2025-02-20T22:32:46","guid":{"rendered":"http:\/\/olemosaic.com\/producto\/iman-de-metal-bailaora-sevilla-negro-8-cm\/"},"modified":"2025-07-25T18:41:08","modified_gmt":"2025-07-25T16:41:08","slug":"iman-de-metal-bailarina-flamenco-sevilha-preto-8-cm","status":"publish","type":"product","link":"https:\/\/olemosaic.com\/pt-pt\/produto\/iman-de-metal-bailarina-flamenco-sevilha-preto-8-cm\/","title":{"rendered":"\u00cdman de metal. Bailarina de Flamenco. Sevilha. Preto. 8 cm."},"content":{"rendered":"<p>Este \u00edman met\u00e1lico apresenta uma vibrante ilustra\u00e7\u00e3o de uma bailarina de flamenco, captando a ess\u00eancia da arte e da cultura de Sevilha. Com um tamanho de 8 cm, este \u00edman destaca-se pelo seu espetacular design, que combina um elegante fundo preto com cores brilhantes e alegres que d\u00e3o vida ao vestido da bailarina, que aparece numa pose din\u00e2mica e cheia de movimento. As cores vivas, como o vermelho, azul e verde, entrela\u00e7am-se no seu vestido, evocando a alegria e a paix\u00e3o do flamenco. Complementando a ilustra\u00e7\u00e3o, a palavra &#8220;SEVILLA&#8221; aparece em letras coloridas, tornando-o uma recorda\u00e7\u00e3o perfeita para quem deseja levar um pedacinho da Andaluzia.<\/p>\n<p>Este \u00edman n\u00e3o \u00e9 apenas um objeto decorativo; representa a rica tradi\u00e7\u00e3o cultural de Sevilha e a influ\u00eancia do flamenco, uma manifesta\u00e7\u00e3o art\u00edstica reconhecida mundialmente. \u00c9 um presente ideal para turistas que procuram souvenirs aut\u00eanticos e representativos da sua viagem, sendo uma excelente op\u00e7\u00e3o para lojas de presentes tur\u00edsticos que desejem oferecer produtos com significado e qualidade. Na Ol\u00e9 Mosaic, como grossistas de souvenirs, garantimos que este \u00edman de bailarina seja um artigo atraente e significativo, perfeito para recordar a magia de Sevilha em qualquer superf\u00edcie magn\u00e9tica.<\/p>\n","protected":false},"excerpt":{"rendered":"<p>\u00cdman met\u00e1lico com uma vibrante ilustra\u00e7\u00e3o de uma bailarina de flamenco, inspirada na tradi\u00e7\u00e3o cultural sevilhana. Com um tamanho de 8 cm, este \u00edman destaca-se pelo seu fundo preto e pelas cores brilhantes que representam o vestido da bailarina, adornado com tons vivos como o vermelho, o azul e o verde. A palavra &#8220;SEVILLA&#8221; aparece em letras coloridas, complementando o design. Ideal para recordar a ess\u00eancia da arte flamenca em qualquer superf\u00edcie magn\u00e9tica.<\/p>\n","protected":false},"featured_media":10551,"template":"","meta":{"_acf_changed":false},"product_brand":[],"product_cat":[699],"product_tag":[],"class_list":{"0":"post-37972","1":"product","2":"type-product","3":"status-publish","4":"has-post-thumbnail","6":"product_cat-imanes","7":"pa_ciudad-sevilla","8":"pa_motivo-dancarinos","9":"pa_pais-espana","11":"first","12":"instock","13":"shipping-taxable","14":"product-type-simple"},"acf":[],"_links":{"self":[{"href":"https:\/\/olemosaic.com\/pt-pt\/wp-json\/wp\/v2\/product\/37972","targetHints":{"allow":["GET"]}}],"collection":[{"href":"https:\/\/olemosaic.com\/pt-pt\/wp-json\/wp\/v2\/product"}],"about":[{"href":"https:\/\/olemosaic.com\/pt-pt\/wp-json\/wp\/v2\/types\/product"}],"wp:featuredmedia":[{"embeddable":true,"href":"https:\/\/olemosaic.com\/pt-pt\/wp-json\/wp\/v2\/media\/10551"}],"wp:attachment":[{"href":"https:\/\/olemosaic.com\/pt-pt\/wp-json\/wp\/v2\/media?parent=37972"}],"wp:term":[{"taxonomy":"product_brand","embeddable":true,"href":"https:\/\/olemosaic.com\/pt-pt\/wp-json\/wp\/v2\/product_brand?post=37972"},{"taxonomy":"product_cat","embeddable":true,"href":"https:\/\/olemosaic.com\/pt-pt\/wp-json\/wp\/v2\/product_cat?post=37972"},{"taxonomy":"product_tag","embeddable":true,"href":"https:\/\/olemosaic.com\/pt-pt\/wp-json\/wp\/v2\/product_tag?post=37972"}],"curies":[{"name":"wp","href":"https:\/\/api.w.org\/{rel}","templated":true}]}}