{"id":37971,"date":"2025-02-20T22:32:46","date_gmt":"2025-02-20T22:32:46","guid":{"rendered":"http:\/\/olemosaic.com\/producto\/iman-de-metal-panoramica-sevilla-plata-8-cm\/"},"modified":"2025-07-25T20:29:53","modified_gmt":"2025-07-25T18:29:53","slug":"iman-de-metal-panoramica-sevilha-prata-8-cm-pt-pt","status":"publish","type":"product","link":"https:\/\/olemosaic.com\/pt-pt\/produto\/iman-de-metal-panoramica-sevilha-prata-8-cm-pt-pt\/","title":{"rendered":"\u00cdman de metal. Panor\u00e2mica. Sevilha. Prata. 8 cm."},"content":{"rendered":"<p>Este \u00edman met\u00e1lico apresenta uma vibrante panor\u00e2mica de Sevilha, com um tamanho ideal de 8 cm, perfeito para decorar qualquer superf\u00edcie met\u00e1lica. O seu design cativante inspira-se nos coloridos mosaicos andaluzes, real\u00e7ando os monumentos mais emblem\u00e1ticos da cidade, como a majestosa Giralda e o impressionante Alc\u00e1zar, s\u00edmbolos da rica heran\u00e7a cultural sevilhana. Os detalhes meticulosamente elaborados no \u00edman mostram a beleza arquitet\u00f3nica destes \u00edcones, rodeados de palmeiras que conferem um toque quente e tropical ao conjunto.<\/p>\n<p>O fundo de cores brilhantes combina uma paleta alegre e din\u00e2mica com um texto destacado que real\u00e7a a palavra \u201cSEVILLA\u201d, tornando este \u00edman uma recorda\u00e7\u00e3o representativa e atraente. A qualidade do metal utilizado garante a sua durabilidade, assegurando que este souvenir mantenha o seu esplendor ao longo do tempo. \u00c9 o souvenir ideal para os turistas que desejam levar um peda\u00e7o da beleza sevilhana para casa, captando a ess\u00eancia do vibrante estilo de vida da cidade.<\/p>\n<p>Na Ol\u00e9 Mosaic, especializamo-nos na distribui\u00e7\u00e3o de souvenirs por grosso que refletem a autenticidade cultural de Espanha. Este \u00edman de panor\u00e2mica de Sevilha \u00e9 uma excelente op\u00e7\u00e3o para lojas de presentes tur\u00edsticos que procuram artigos de qualidade, \u00fanicos e memor\u00e1veis. N\u00e3o perca a oportunidade de oferecer aos seus clientes uma recorda\u00e7\u00e3o que celebre a riqueza da cultura andaluza.<\/p>\n","protected":false},"excerpt":{"rendered":"<p>\u00cdman met\u00e1lico com uma vibrante panor\u00e2mica de Sevilha, de 8 cm. Este atraente \u00edman apresenta um design inspirado nos coloridos mosaicos andaluzes, com monumentos emblem\u00e1ticos como a Giralda e o Alc\u00e1zar. Decorado com um fundo de cores vivas e a palavra &#8220;SEVILLA&#8221; em grande, capta a ess\u00eancia do patrim\u00f3nio cultural da cidade. Um souvenir ideal para recordar a beleza sevilhana ou para decorar qualquer superf\u00edcie met\u00e1lica.<\/p>\n","protected":false},"featured_media":12819,"template":"","meta":{"_acf_changed":false},"product_brand":[],"product_cat":[699],"product_tag":[],"class_list":{"0":"post-37971","1":"product","2":"type-product","3":"status-publish","4":"has-post-thumbnail","6":"product_cat-imanes","7":"pa_ciudad-sevilla","8":"pa_motivo-panoramas","9":"pa_pais-espana","11":"first","12":"instock","13":"shipping-taxable","14":"product-type-simple"},"acf":[],"_links":{"self":[{"href":"https:\/\/olemosaic.com\/pt-pt\/wp-json\/wp\/v2\/product\/37971","targetHints":{"allow":["GET"]}}],"collection":[{"href":"https:\/\/olemosaic.com\/pt-pt\/wp-json\/wp\/v2\/product"}],"about":[{"href":"https:\/\/olemosaic.com\/pt-pt\/wp-json\/wp\/v2\/types\/product"}],"wp:featuredmedia":[{"embeddable":true,"href":"https:\/\/olemosaic.com\/pt-pt\/wp-json\/wp\/v2\/media\/12819"}],"wp:attachment":[{"href":"https:\/\/olemosaic.com\/pt-pt\/wp-json\/wp\/v2\/media?parent=37971"}],"wp:term":[{"taxonomy":"product_brand","embeddable":true,"href":"https:\/\/olemosaic.com\/pt-pt\/wp-json\/wp\/v2\/product_brand?post=37971"},{"taxonomy":"product_cat","embeddable":true,"href":"https:\/\/olemosaic.com\/pt-pt\/wp-json\/wp\/v2\/product_cat?post=37971"},{"taxonomy":"product_tag","embeddable":true,"href":"https:\/\/olemosaic.com\/pt-pt\/wp-json\/wp\/v2\/product_tag?post=37971"}],"curies":[{"name":"wp","href":"https:\/\/api.w.org\/{rel}","templated":true}]}}