{"id":37969,"date":"2025-02-20T22:32:46","date_gmt":"2025-02-20T22:32:46","guid":{"rendered":"http:\/\/olemosaic.com\/producto\/iman-de-metal-buho-8-cm\/"},"modified":"2025-07-25T18:36:24","modified_gmt":"2025-07-25T16:36:24","slug":"iman-de-metal-coruja-8-cm","status":"publish","type":"product","link":"https:\/\/olemosaic.com\/pt-pt\/produto\/iman-de-metal-coruja-8-cm\/","title":{"rendered":"\u00cdman de metal. Coruja. 8 cm."},"content":{"rendered":"<p>Este \u00edman met\u00e1lico apresenta uma vibrante coruja de 8 cm, desenhada com um espetacular estilo de mosaico que evoca a rica cultura espanhola. A colorida figura da coruja \u00e9 adornada com uma deslumbrante gama de tonalidades, desde vermelhos intensos a verdes profundos, sobre um fundo de azuis suaves que simula fragmentos de cer\u00e2mica vidrada, um elemento ic\u00f3nico da arte decorativa espanhola. Este design chamativo n\u00e3o s\u00f3 real\u00e7a a beleza da ave noturna, como tamb\u00e9m reflete a tradi\u00e7\u00e3o do mosaico, famoso em cidades como Barcelona, onde a arte e a natureza se entrela\u00e7am de forma sublime, como na obra de Gaud\u00ed.<\/p>\n<p>Este \u00edman n\u00e3o \u00e9 apenas um artigo decorativo, mas uma recorda\u00e7\u00e3o aut\u00eantica que encapsula a ess\u00eancia da heran\u00e7a cultural espanhola. Serve como um lembrete funcional das maravilhas vistas e vividas durante uma visita a Espanha, tornando-o o souvenir perfeito para quem procura levar um pedacinho do pa\u00eds. Na Ol\u00e9 Mosaic, especializamo-nos na distribui\u00e7\u00e3o de souvenirs por grosso, e este \u00edman de coruja \u00e9 uma excelente op\u00e7\u00e3o para lojas de presentes tur\u00edsticos que procuram oferecer produtos de qualidade e relev\u00e2ncia cultural. \u00c9 um \u00edman ideal para quem deseja dar um toque art\u00edstico e colorido ao seu lar, e uma recorda\u00e7\u00e3o inesquec\u00edvel da sua viagem.<\/p>\n","protected":false},"excerpt":{"rendered":"<p>\u00cdman met\u00e1lico de 8 cm com um design de coruja colorido, estilo mosaico, que evoca a vibrante cultura espanhola. Este atraente \u00edman mostra uma coruja adornada com uma variedade de cores vivas sobre um fundo de tonalidades azuis que simula fragmentos de cer\u00e2mica vidrada. O seu design chamativo capta a ess\u00eancia da arte decorativa espanhola, tornando-o uma recorda\u00e7\u00e3o ideal e funcional para qualquer frigor\u00edfico.<\/p>\n","protected":false},"featured_media":11437,"template":"","meta":{"_acf_changed":false},"product_brand":[],"product_cat":[699],"product_tag":[516],"class_list":{"0":"post-37969","1":"product","2":"type-product","3":"status-publish","4":"has-post-thumbnail","6":"product_cat-imanes","7":"product_tag-animais","8":"pa_motivo-corujas","10":"first","11":"instock","12":"shipping-taxable","13":"product-type-simple"},"acf":[],"_links":{"self":[{"href":"https:\/\/olemosaic.com\/pt-pt\/wp-json\/wp\/v2\/product\/37969","targetHints":{"allow":["GET"]}}],"collection":[{"href":"https:\/\/olemosaic.com\/pt-pt\/wp-json\/wp\/v2\/product"}],"about":[{"href":"https:\/\/olemosaic.com\/pt-pt\/wp-json\/wp\/v2\/types\/product"}],"wp:featuredmedia":[{"embeddable":true,"href":"https:\/\/olemosaic.com\/pt-pt\/wp-json\/wp\/v2\/media\/11437"}],"wp:attachment":[{"href":"https:\/\/olemosaic.com\/pt-pt\/wp-json\/wp\/v2\/media?parent=37969"}],"wp:term":[{"taxonomy":"product_brand","embeddable":true,"href":"https:\/\/olemosaic.com\/pt-pt\/wp-json\/wp\/v2\/product_brand?post=37969"},{"taxonomy":"product_cat","embeddable":true,"href":"https:\/\/olemosaic.com\/pt-pt\/wp-json\/wp\/v2\/product_cat?post=37969"},{"taxonomy":"product_tag","embeddable":true,"href":"https:\/\/olemosaic.com\/pt-pt\/wp-json\/wp\/v2\/product_tag?post=37969"}],"curies":[{"name":"wp","href":"https:\/\/api.w.org\/{rel}","templated":true}]}}