{"id":37966,"date":"2025-02-20T22:32:20","date_gmt":"2025-02-20T22:32:20","guid":{"rendered":"http:\/\/olemosaic.com\/producto\/iman-de-metal-sagrada-familia-barcelona-negro-8-cm\/"},"modified":"2025-07-25T19:19:52","modified_gmt":"2025-07-25T17:19:52","slug":"iman-de-metal-sagrada-familia-barcelona-preto-8-cm-pt-pt","status":"publish","type":"product","link":"https:\/\/olemosaic.com\/pt-pt\/produto\/iman-de-metal-sagrada-familia-barcelona-preto-8-cm-pt-pt\/","title":{"rendered":"\u00cdman de metal. Sagrada Fam\u00edlia. Barcelona. Preto. 8 cm."},"content":{"rendered":"<p>Este \u00edman met\u00e1lico de 8 cm capta a ess\u00eancia da majestosa Sagrada Fam\u00edlia de Barcelona, um \u00edcone arquitet\u00f3nico desenhado pelo genial Antoni Gaud\u00ed. O seu design colorido destaca as inconfund\u00edveis torres da bas\u00edlica, real\u00e7adas em tons vibrantes que evocam o esp\u00edrito festivo da cidade. A elaborada ilustra\u00e7\u00e3o inclui padr\u00f5es apelativos que adornam a superf\u00edcie, criando um contraste fascinante sobre um fundo preto que real\u00e7a a beleza da obra-prima modernista.<\/p>\n<p>A inscri\u00e7\u00e3o &#8220;I \u2665 Barcelona&#8221; adiciona um toque contempor\u00e2neo, tornando este \u00edman uma recorda\u00e7\u00e3o moderna e atraente, ideal para quem deseja levar consigo um fragmento desta cidade cheia de vida. Cada detalhe art\u00edstico reflete a arquitetura \u00fanica da Sagrada Fam\u00edlia, fazendo deste \u00edman um souvenir representativo que capta a admira\u00e7\u00e3o que gera entre os visitantes.<\/p>\n<p>Como parte da rica heran\u00e7a cultural de Barcelona, este \u00edman n\u00e3o \u00e9 apenas um artigo funcional, mas uma pe\u00e7a que simboliza a liga\u00e7\u00e3o dos turistas com a capital catal\u00e3. Na Ol\u00e9 Mosaic, oferecemos \u00edmanes de alta qualidade por grosso, perfeitos para lojas de presentes tur\u00edsticos que procuram aut\u00eanticos souvenirs de Barcelona. Este \u00edman da Sagrada Fam\u00edlia \u00e9 uma excelente op\u00e7\u00e3o para quem deseja recordar a sua visita \u00e0 cidade e partilhar a sua beleza.<\/p>\n","protected":false},"excerpt":{"rendered":"<p>\u00cdman met\u00e1lico de 8 cm que capta a ess\u00eancia da Sagrada Fam\u00edlia de Barcelona. Este design colorido apresenta a ic\u00f3nica bas\u00edlica com as suas torres singulares, real\u00e7adas em tons vibrantes e apelativos sobre um fundo preto. A inscri\u00e7\u00e3o &#8220;I \u2665 Barcelona&#8221; adiciona um toque moderno, enquanto os detalhes art\u00edsticos refletem a arquitetura singular de Gaud\u00ed. Perfeito para levar um peda\u00e7o da cidade consigo para qualquer lugar.<\/p>\n","protected":false},"featured_media":13543,"template":"","meta":{"_acf_changed":false},"product_brand":[],"product_cat":[699],"product_tag":[],"class_list":{"0":"post-37966","1":"product","2":"type-product","3":"status-publish","4":"has-post-thumbnail","6":"product_cat-imanes","7":"pa_ciudad-barcelona","8":"pa_motivo-sagrada-familia","9":"pa_pais-espana","11":"first","12":"instock","13":"shipping-taxable","14":"product-type-simple"},"acf":[],"_links":{"self":[{"href":"https:\/\/olemosaic.com\/pt-pt\/wp-json\/wp\/v2\/product\/37966","targetHints":{"allow":["GET"]}}],"collection":[{"href":"https:\/\/olemosaic.com\/pt-pt\/wp-json\/wp\/v2\/product"}],"about":[{"href":"https:\/\/olemosaic.com\/pt-pt\/wp-json\/wp\/v2\/types\/product"}],"wp:featuredmedia":[{"embeddable":true,"href":"https:\/\/olemosaic.com\/pt-pt\/wp-json\/wp\/v2\/media\/13543"}],"wp:attachment":[{"href":"https:\/\/olemosaic.com\/pt-pt\/wp-json\/wp\/v2\/media?parent=37966"}],"wp:term":[{"taxonomy":"product_brand","embeddable":true,"href":"https:\/\/olemosaic.com\/pt-pt\/wp-json\/wp\/v2\/product_brand?post=37966"},{"taxonomy":"product_cat","embeddable":true,"href":"https:\/\/olemosaic.com\/pt-pt\/wp-json\/wp\/v2\/product_cat?post=37966"},{"taxonomy":"product_tag","embeddable":true,"href":"https:\/\/olemosaic.com\/pt-pt\/wp-json\/wp\/v2\/product_tag?post=37966"}],"curies":[{"name":"wp","href":"https:\/\/api.w.org\/{rel}","templated":true}]}}