{"id":37965,"date":"2025-02-20T22:32:20","date_gmt":"2025-02-20T22:32:20","guid":{"rendered":"http:\/\/olemosaic.com\/producto\/iman-de-metal-la-giralda-sevilla-negro-11-cm\/"},"modified":"2025-07-25T18:43:50","modified_gmt":"2025-07-25T16:43:50","slug":"iman-de-metal-a-giralda-sevilha-preto-11-cm","status":"publish","type":"product","link":"https:\/\/olemosaic.com\/pt-pt\/produto\/iman-de-metal-a-giralda-sevilha-preto-11-cm\/","title":{"rendered":"\u00cdman de metal. A Giralda. Sevilha. Preto. 11 cm."},"content":{"rendered":"<p>Este \u00edman met\u00e1lico de 11 cm representa a emblem\u00e1tica Giralda de Sevilha, um aut\u00eantico s\u00edmbolo da rica heran\u00e7a cultural andaluza. Com um acabamento distintivo em estilo mosaico, este souvenir destaca os majestosos detalhes arquitet\u00f3nicos do famoso campan\u00e1rio, que se ergue orgulhoso sobre a cidade. A variedade de cores vibrantes utilizadas no seu design d\u00e1 vida \u00e0 torre, enquanto a sua superf\u00edcie negra real\u00e7a os tons quentes da estrutura, criando um contraste visual verdadeiramente atraente. Na parte superior, a palavra &#8220;SEVILHA&#8221; est\u00e1 elegantemente impressa, tornando este \u00edman n\u00e3o apenas uma recorda\u00e7\u00e3o f\u00edsica, mas um peda\u00e7o da hist\u00f3ria e da cultura sevilhana que pode levar consigo.<\/p>\n<p>Ideal para quem procura uma recorda\u00e7\u00e3o representativa da sua visita \u00e0 cidade, este \u00edman capta a ess\u00eancia de Sevilha, uma das cidades mais encantadoras de Espanha. Na Ol\u00e9 Mosaic, somos distribuidores de souvenirs por grosso, e este \u00edman da Giralda \u00e9 uma excelente op\u00e7\u00e3o para lojas de presentes tur\u00edsticos. A sua autenticidade e liga\u00e7\u00e3o cultural tornam-no uma escolha perfeita para quem deseja levar para casa um peda\u00e7o da espl\u00eandida tradi\u00e7\u00e3o andaluza. Souvenirs de Sevilha como este \u00edman d\u00e3o vida e cor a qualquer espa\u00e7o, recordando sempre a beleza da capital andaluza.<\/p>\n","protected":false},"excerpt":{"rendered":"<p>\u00cdman met\u00e1lico de 11 cm, que reproduz a emblem\u00e1tica Giralda de Sevilha em cores vibrantes. Este atraente souvenir apresenta um acabamento de estilo mosaico que real\u00e7a os detalhes arquitet\u00f3nicos do famoso campan\u00e1rio. Com a palavra &#8220;SEVILHA&#8221; impressa na parte superior, o \u00edman capta a ess\u00eancia da cidade andaluza, tornando-se a recorda\u00e7\u00e3o ou presente perfeito para os amantes da cultura espanhola. A sua superf\u00edcie preta real\u00e7a os tons quentes da torre, criando um contraste visual muito atraente.<\/p>\n","protected":false},"featured_media":8796,"template":"","meta":{"_acf_changed":false},"product_brand":[],"product_cat":[699],"product_tag":[],"class_list":{"0":"post-37965","1":"product","2":"type-product","3":"status-publish","4":"has-post-thumbnail","6":"product_cat-imanes","7":"pa_ciudad-sevilla","8":"pa_motivo-a-giralda","9":"pa_pais-espana","11":"first","12":"instock","13":"shipping-taxable","14":"product-type-simple"},"acf":[],"_links":{"self":[{"href":"https:\/\/olemosaic.com\/pt-pt\/wp-json\/wp\/v2\/product\/37965","targetHints":{"allow":["GET"]}}],"collection":[{"href":"https:\/\/olemosaic.com\/pt-pt\/wp-json\/wp\/v2\/product"}],"about":[{"href":"https:\/\/olemosaic.com\/pt-pt\/wp-json\/wp\/v2\/types\/product"}],"wp:featuredmedia":[{"embeddable":true,"href":"https:\/\/olemosaic.com\/pt-pt\/wp-json\/wp\/v2\/media\/8796"}],"wp:attachment":[{"href":"https:\/\/olemosaic.com\/pt-pt\/wp-json\/wp\/v2\/media?parent=37965"}],"wp:term":[{"taxonomy":"product_brand","embeddable":true,"href":"https:\/\/olemosaic.com\/pt-pt\/wp-json\/wp\/v2\/product_brand?post=37965"},{"taxonomy":"product_cat","embeddable":true,"href":"https:\/\/olemosaic.com\/pt-pt\/wp-json\/wp\/v2\/product_cat?post=37965"},{"taxonomy":"product_tag","embeddable":true,"href":"https:\/\/olemosaic.com\/pt-pt\/wp-json\/wp\/v2\/product_tag?post=37965"}],"curies":[{"name":"wp","href":"https:\/\/api.w.org\/{rel}","templated":true}]}}