{"id":37962,"date":"2025-02-20T22:32:15","date_gmt":"2025-02-20T22:32:15","guid":{"rendered":"http:\/\/olemosaic.com\/producto\/iman-de-metal-toro-malaga-8-cm\/"},"modified":"2025-07-25T18:46:56","modified_gmt":"2025-07-25T16:46:56","slug":"iman-de-metal-touro-malaga-8-cm-pt-pt","status":"publish","type":"product","link":"https:\/\/olemosaic.com\/pt-pt\/produto\/iman-de-metal-touro-malaga-8-cm-pt-pt\/","title":{"rendered":"\u00cdman de metal. Touro. M\u00e1laga. 8 cm."},"content":{"rendered":"<p>Este \u00edman met\u00e1lico, com um design vibrante de um touro, \u00e9 um aut\u00eantico s\u00edmbolo da cultura espanhola, inspirado na ic\u00f3nica cidade de M\u00e1laga. Com um tamanho de 8 cm, este \u00edman apresenta um mosaico colorido que combina tons chamativos de vermelho e amarelo no corpo do touro, criando uma representa\u00e7\u00e3o visual impactante e cheia de vida. Sobre um fundo azul celeste, ressalta a figura do touro, que reflete a for\u00e7a e o car\u00e1ter do esp\u00edrito andaluz, enquanto a palavra &#8220;M\u00c1LAGA&#8221; aparece em letras grandes e distintivas, assegurando a sua forte liga\u00e7\u00e3o cultural.<\/p>\n<p>Esta recorda\u00e7\u00e3o \u00e9 uma excelente op\u00e7\u00e3o para aqueles que desejam levar uma lembran\u00e7a representativa de M\u00e1laga, uma cidade famosa pela sua rica tradi\u00e7\u00e3o taurom\u00e1quica e pela sua arte vibrante. A qualidade do material met\u00e1lico garante a sua durabilidade, tornando-o um artigo perfeito tanto para uso pessoal em casa como para exibir em lojas de presentes tur\u00edsticos. Na Ol\u00e9 Mosaic, especializamo-nos na distribui\u00e7\u00e3o de recorda\u00e7\u00f5es aut\u00eanticas por grosso, oferecendo produtos que captam a ess\u00eancia de Espanha. Este \u00edman de touro \u00e9 uma recorda\u00e7\u00e3o significativa que celebra a cultura e a tradi\u00e7\u00e3o de M\u00e1laga, sendo uma op\u00e7\u00e3o ideal para turistas e uma excelente adi\u00e7\u00e3o ao cat\u00e1logo de qualquer distribuidor de recorda\u00e7\u00f5es.<\/p>\n","protected":false},"excerpt":{"rendered":"<p>\u00cdman de metal com um design vibrante de um touro, emblema da cultura espanhola, inspirado na cidade de M\u00e1laga. Este \u00edman, de 8 cm, apresenta um mosaico colorido que combina tons de vermelho e amarelo no corpo do touro, sobre um fundo azul celeste. A palavra &#8220;M\u00c1LAGA&#8221; aparece em letras grandes e chamativas, complementando a cena com a sua clara refer\u00eancia cultural. Uma recorda\u00e7\u00e3o perfeita para recordar a tradi\u00e7\u00e3o e a arte andaluza.<\/p>\n","protected":false},"featured_media":9983,"template":"","meta":{"_acf_changed":false},"product_brand":[],"product_cat":[699],"product_tag":[516],"class_list":{"0":"post-37962","1":"product","2":"type-product","3":"status-publish","4":"has-post-thumbnail","6":"product_cat-imanes","7":"product_tag-animais","8":"pa_ciudad-malaga","9":"pa_motivo-touros","10":"pa_pais-espana","12":"first","13":"instock","14":"shipping-taxable","15":"product-type-simple"},"acf":[],"_links":{"self":[{"href":"https:\/\/olemosaic.com\/pt-pt\/wp-json\/wp\/v2\/product\/37962","targetHints":{"allow":["GET"]}}],"collection":[{"href":"https:\/\/olemosaic.com\/pt-pt\/wp-json\/wp\/v2\/product"}],"about":[{"href":"https:\/\/olemosaic.com\/pt-pt\/wp-json\/wp\/v2\/types\/product"}],"wp:featuredmedia":[{"embeddable":true,"href":"https:\/\/olemosaic.com\/pt-pt\/wp-json\/wp\/v2\/media\/9983"}],"wp:attachment":[{"href":"https:\/\/olemosaic.com\/pt-pt\/wp-json\/wp\/v2\/media?parent=37962"}],"wp:term":[{"taxonomy":"product_brand","embeddable":true,"href":"https:\/\/olemosaic.com\/pt-pt\/wp-json\/wp\/v2\/product_brand?post=37962"},{"taxonomy":"product_cat","embeddable":true,"href":"https:\/\/olemosaic.com\/pt-pt\/wp-json\/wp\/v2\/product_cat?post=37962"},{"taxonomy":"product_tag","embeddable":true,"href":"https:\/\/olemosaic.com\/pt-pt\/wp-json\/wp\/v2\/product_tag?post=37962"}],"curies":[{"name":"wp","href":"https:\/\/api.w.org\/{rel}","templated":true}]}}