{"id":37958,"date":"2025-02-20T22:32:15","date_gmt":"2025-02-20T22:32:15","guid":{"rendered":"http:\/\/olemosaic.com\/producto\/iman-de-metal-toro-madrid-negro-8-cm\/"},"modified":"2025-07-25T19:47:16","modified_gmt":"2025-07-25T17:47:16","slug":"iman-de-metal-touro-madrid-preto-8-cm-pt-pt","status":"publish","type":"product","link":"https:\/\/olemosaic.com\/pt-pt\/produto\/iman-de-metal-touro-madrid-preto-8-cm-pt-pt\/","title":{"rendered":"\u00cdman de metal. Touro. Madrid. Preto. 8 cm."},"content":{"rendered":"<p>Este \u00edman met\u00e1lico com um design vibrante de touro \u00e9 uma recorda\u00e7\u00e3o emblem\u00e1tica de Madrid, perfeito para turistas que desejem levar um peda\u00e7o da cultura espanhola para casa. Com dimens\u00f5es de 8 cm, este \u00edman destaca-se pelo seu mosaico colorido, que utiliza tons vivos como o azul, amarelo, vermelho e verde, criando um contraste impactante sobre um fundo preto que real\u00e7a a figura do touro, s\u00edmbolo nacional de for\u00e7a e tradi\u00e7\u00e3o. A palavra &#8220;MADRID&#8221; est\u00e1 impressa a negrito, adicionando um toque moderno que complementa a representa\u00e7\u00e3o art\u00edstica do animal.<\/p>\n<p>O touro n\u00e3o \u00e9 apenas um \u00edcone de Madrid, mas tamb\u00e9m est\u00e1 profundamente enraizado na cultura espanhola, associado \u00e0 tauromaquia e \u00e0s festividades locais. Este \u00edman n\u00e3o \u00e9 apenas um objeto decorativo; \u00e9 uma liga\u00e7\u00e3o tang\u00edvel com a experi\u00eancia \u00fanica de visitar a capital espanhola, representando a vitalidade da sua heran\u00e7a. Na Ol\u00e9 Mosaic somos especialistas na distribui\u00e7\u00e3o de recorda\u00e7\u00f5es por grosso, e este \u00edman de touro \u00e9 uma excelente op\u00e7\u00e3o para lojas de presentes tur\u00edsticos que procuram oferecer produtos aut\u00eanticos e representativos. Sem d\u00favida, uma recorda\u00e7\u00e3o que encantar\u00e1 quem procura recordar a sua visita a Madrid com um objeto que encapsula a sua ess\u00eancia cultural.<\/p>\n","protected":false},"excerpt":{"rendered":"<p>\u00cdman met\u00e1lico com um design vibrante de touro, s\u00edmbolo ic\u00f3nico de Madrid. Com dimens\u00f5es de 8 cm, este \u00edman apresenta um mosaico colorido que se destaca em tons vivos como o azul, amarelo, vermelho e verde, sobre um fundo preto, criando um contraste chamativo. A palavra &#8220;MADRID&#8221; \u00e9 impressa a negrito, complementando a representa\u00e7\u00e3o art\u00edstica deste emblem\u00e1tico animal. Ideal para recordar uma experi\u00eancia \u00fanica na capital espanhola.<\/p>\n","protected":false},"featured_media":6966,"template":"","meta":{"_acf_changed":false},"product_brand":[],"product_cat":[699],"product_tag":[516],"class_list":{"0":"post-37958","1":"product","2":"type-product","3":"status-publish","4":"has-post-thumbnail","6":"product_cat-imanes","7":"product_tag-animais","8":"pa_ciudad-madrid","9":"pa_motivo-touros","10":"pa_pais-espana","12":"first","13":"instock","14":"shipping-taxable","15":"product-type-simple"},"acf":[],"_links":{"self":[{"href":"https:\/\/olemosaic.com\/pt-pt\/wp-json\/wp\/v2\/product\/37958","targetHints":{"allow":["GET"]}}],"collection":[{"href":"https:\/\/olemosaic.com\/pt-pt\/wp-json\/wp\/v2\/product"}],"about":[{"href":"https:\/\/olemosaic.com\/pt-pt\/wp-json\/wp\/v2\/types\/product"}],"wp:featuredmedia":[{"embeddable":true,"href":"https:\/\/olemosaic.com\/pt-pt\/wp-json\/wp\/v2\/media\/6966"}],"wp:attachment":[{"href":"https:\/\/olemosaic.com\/pt-pt\/wp-json\/wp\/v2\/media?parent=37958"}],"wp:term":[{"taxonomy":"product_brand","embeddable":true,"href":"https:\/\/olemosaic.com\/pt-pt\/wp-json\/wp\/v2\/product_brand?post=37958"},{"taxonomy":"product_cat","embeddable":true,"href":"https:\/\/olemosaic.com\/pt-pt\/wp-json\/wp\/v2\/product_cat?post=37958"},{"taxonomy":"product_tag","embeddable":true,"href":"https:\/\/olemosaic.com\/pt-pt\/wp-json\/wp\/v2\/product_tag?post=37958"}],"curies":[{"name":"wp","href":"https:\/\/api.w.org\/{rel}","templated":true}]}}