{"id":37957,"date":"2025-02-20T23:32:05","date_gmt":"2025-02-20T22:32:05","guid":{"rendered":"http:\/\/olemosaic.com\/producto\/iman-de-madera-salamandra-y-flores-mallorca\/"},"modified":"2025-07-25T19:28:54","modified_gmt":"2025-07-25T17:28:54","slug":"iman-de-madeira-salamandra-e-flores-maiorca-pt-pt","status":"publish","type":"product","link":"https:\/\/olemosaic.com\/pt-pt\/produto\/iman-de-madeira-salamandra-e-flores-maiorca-pt-pt\/","title":{"rendered":"\u00cdman de madeira. Salamandra e flores. Maiorca."},"content":{"rendered":"<p>Este \u00edman de madeira, decorado com uma vibrante representa\u00e7\u00e3o de salamandras e flores, \u00e9 uma aut\u00eantica joia maiorquina, concebida para capturar a ess\u00eancia do folclore balear. Com um estilo art\u00edstico que evoca a beleza da ilha, este \u00edman destaca-se pelas suas cores vivas e detalhes pintados \u00e0 m\u00e3o, que atraem a aten\u00e7\u00e3o de qualquer pessoa. As salamandras, com um jogo de cores que combina tons de vermelho e azul, encontram-se rodeadas por uma moldura de flores multicoloridas, que proporcionam um contraste harmonioso e alegre. O fundo, que simula um mosaico, acrescenta uma textura visual que real\u00e7a a qualidade artesanal da pe\u00e7a e a sua liga\u00e7\u00e3o com o patrim\u00f3nio art\u00edstico de Maiorca.<\/p>\n<p>A palavra &#8220;MALLORCA&#8221; sobressai na parte inferior, tornando este objeto a recorda\u00e7\u00e3o perfeita para quem visita a ilha e deseja levar um pedacinho da sua beleza. Este \u00edman n\u00e3o \u00e9 apenas uma simples lembran\u00e7a, mas uma representa\u00e7\u00e3o cultural que celebra a rica biodiversidade e a tradi\u00e7\u00e3o art\u00edstica da regi\u00e3o. Na Ol\u00e9 Mosaic, orgulhamo-nos de oferecer produtos aut\u00eanticos e de qualidade por grosso, ideais para lojas de presentes tur\u00edsticos que desejem oferecer aos seus clientes uma recorda\u00e7\u00e3o caracter\u00edstica de Maiorca. Este \u00edman de salamandras \u00e9 a op\u00e7\u00e3o perfeita para os turistas que procuram uma recorda\u00e7\u00e3o memor\u00e1vel e colorida.<\/p>\n","protected":false},"excerpt":{"rendered":"<p>\u00cdman de madeira decorado com uma colorida representa\u00e7\u00e3o de salamandras e flores, que evoca a beleza de Maiorca. Este atraente \u00edman destaca-se pelas suas cores vivas e detalhes pintados \u00e0 m\u00e3o, com um fundo que simula um mosaico. As salamandras, em tons de vermelho e azul, entrela\u00e7am-se com uma moldura de flores multicoloridas, enquanto o nome &#8220;MALLORCA&#8221; sobressai na parte inferior. Uma pe\u00e7a \u00fanica que captura a ess\u00eancia do folclore maiorquino.<\/p>\n","protected":false},"featured_media":9552,"template":"","meta":{"_acf_changed":false},"product_brand":[],"product_cat":[699],"product_tag":[516],"class_list":{"0":"post-37957","1":"product","2":"type-product","3":"status-publish","4":"has-post-thumbnail","6":"product_cat-imanes","7":"product_tag-animais","8":"pa_ciudad-mallorca","9":"pa_motivo-salamandras","10":"pa_pais-espana","12":"first","13":"instock","14":"shipping-taxable","15":"product-type-simple"},"acf":[],"_links":{"self":[{"href":"https:\/\/olemosaic.com\/pt-pt\/wp-json\/wp\/v2\/product\/37957","targetHints":{"allow":["GET"]}}],"collection":[{"href":"https:\/\/olemosaic.com\/pt-pt\/wp-json\/wp\/v2\/product"}],"about":[{"href":"https:\/\/olemosaic.com\/pt-pt\/wp-json\/wp\/v2\/types\/product"}],"wp:featuredmedia":[{"embeddable":true,"href":"https:\/\/olemosaic.com\/pt-pt\/wp-json\/wp\/v2\/media\/9552"}],"wp:attachment":[{"href":"https:\/\/olemosaic.com\/pt-pt\/wp-json\/wp\/v2\/media?parent=37957"}],"wp:term":[{"taxonomy":"product_brand","embeddable":true,"href":"https:\/\/olemosaic.com\/pt-pt\/wp-json\/wp\/v2\/product_brand?post=37957"},{"taxonomy":"product_cat","embeddable":true,"href":"https:\/\/olemosaic.com\/pt-pt\/wp-json\/wp\/v2\/product_cat?post=37957"},{"taxonomy":"product_tag","embeddable":true,"href":"https:\/\/olemosaic.com\/pt-pt\/wp-json\/wp\/v2\/product_tag?post=37957"}],"curies":[{"name":"wp","href":"https:\/\/api.w.org\/{rel}","templated":true}]}}