{"id":37956,"date":"2025-02-20T23:32:04","date_gmt":"2025-02-20T22:32:04","guid":{"rendered":"http:\/\/olemosaic.com\/producto\/iman-de-madera-salamandra-y-flores\/"},"modified":"2025-07-25T19:59:17","modified_gmt":"2025-07-25T17:59:17","slug":"iman-de-madeira-salamandra-e-flores-pt-pt","status":"publish","type":"product","link":"https:\/\/olemosaic.com\/pt-pt\/produto\/iman-de-madeira-salamandra-e-flores-pt-pt\/","title":{"rendered":"\u00cdman de madeira. Salamandra e flores."},"content":{"rendered":"<p>Este \u00edman de madeira, decorado com uma vibrante ilustra\u00e7\u00e3o de salamandras e flores, \u00e9 uma recorda\u00e7\u00e3o que captura a ess\u00eancia do colorido folclore espanhol. Com um design pintado \u00e0 m\u00e3o, este \u00edman destaca-se pelas suas chamativas salamandras em tons de azul e vermelho, rodeadas por um exuberante fundo floral multicolorido, que simboliza a rica biodiversidade e a alegria do ambiente mediterr\u00e2nico. As salamandras, emblem\u00e1ticas em muitas tradi\u00e7\u00f5es culturais, acrescentam um toque distintivo, simbolizando o renascimento e a transforma\u00e7\u00e3o, enquanto as flores conferem frescura e uma liga\u00e7\u00e3o com a natureza. Este \u00edman n\u00e3o \u00e9 apenas um objeto decorativo, mas tamb\u00e9m uma lembran\u00e7a art\u00edstica das tradi\u00e7\u00f5es de Espanha, evocando momentos especiais a cada olhar. Perfeito para adornar qualquer superf\u00edcie met\u00e1lica, como frigor\u00edficos ou quadros magn\u00e9ticos, permite levar um pedacinho de Espanha para sua casa. Na Ol\u00e9 Mosaic, dedicamo-nos \u00e0 distribui\u00e7\u00e3o de lembran\u00e7as de alta qualidade, e este \u00edman de salamandras \u00e9 uma excelente op\u00e7\u00e3o para lojas de presentes tur\u00edsticos que procuram produtos \u00fanicos e aut\u00eanticos. Com uma est\u00e9tica cativante e um profundo valor cultural, este \u00edman torna-se o presente perfeito para recordar experi\u00eancias inesquec\u00edveis.<\/p>\n","protected":false},"excerpt":{"rendered":"<p>\u00cdman de madeira decorado com uma vibrante ilustra\u00e7\u00e3o de salamandras e flores. Este atraente design apresenta duas salamandras de cores vivas, rodeadas por um fundo floral multicolorido, inspirado no colorido folclore espanhol. Pintado com estilo artesanal, o \u00edman destaca-se pelos seus detalhes art\u00edsticos e pelo seu acabamento distintivo, ideal para evocar momentos especiais a cada olhar. Perfeito para adornar qualquer superf\u00edcie met\u00e1lica e levar um pedacinho de Espanha para sua casa.<\/p>\n","protected":false},"featured_media":9551,"template":"","meta":{"_acf_changed":false},"product_brand":[],"product_cat":[699],"product_tag":[516],"class_list":{"0":"post-37956","1":"product","2":"type-product","3":"status-publish","4":"has-post-thumbnail","6":"product_cat-imanes","7":"product_tag-animais","8":"pa_motivo-salamandras","10":"first","11":"instock","12":"shipping-taxable","13":"product-type-simple"},"acf":[],"_links":{"self":[{"href":"https:\/\/olemosaic.com\/pt-pt\/wp-json\/wp\/v2\/product\/37956","targetHints":{"allow":["GET"]}}],"collection":[{"href":"https:\/\/olemosaic.com\/pt-pt\/wp-json\/wp\/v2\/product"}],"about":[{"href":"https:\/\/olemosaic.com\/pt-pt\/wp-json\/wp\/v2\/types\/product"}],"wp:featuredmedia":[{"embeddable":true,"href":"https:\/\/olemosaic.com\/pt-pt\/wp-json\/wp\/v2\/media\/9551"}],"wp:attachment":[{"href":"https:\/\/olemosaic.com\/pt-pt\/wp-json\/wp\/v2\/media?parent=37956"}],"wp:term":[{"taxonomy":"product_brand","embeddable":true,"href":"https:\/\/olemosaic.com\/pt-pt\/wp-json\/wp\/v2\/product_brand?post=37956"},{"taxonomy":"product_cat","embeddable":true,"href":"https:\/\/olemosaic.com\/pt-pt\/wp-json\/wp\/v2\/product_cat?post=37956"},{"taxonomy":"product_tag","embeddable":true,"href":"https:\/\/olemosaic.com\/pt-pt\/wp-json\/wp\/v2\/product_tag?post=37956"}],"curies":[{"name":"wp","href":"https:\/\/api.w.org\/{rel}","templated":true}]}}