{"id":37954,"date":"2025-02-20T22:32:04","date_gmt":"2025-02-20T22:32:04","guid":{"rendered":"http:\/\/olemosaic.com\/producto\/iman-de-madera-sevilla-65-cm\/"},"modified":"2025-07-25T20:27:56","modified_gmt":"2025-07-25T18:27:56","slug":"iman-de-madeira-sevilha-6-5-cm-pt-pt","status":"publish","type":"product","link":"https:\/\/olemosaic.com\/pt-pt\/produto\/iman-de-madeira-sevilha-6-5-cm-pt-pt\/","title":{"rendered":"\u00cdman de madeira. Sevilha. 6,5 cm."},"content":{"rendered":"<p>Este \u00edman de madeira de 6,5 cm \u00e9 uma encantadora representa\u00e7\u00e3o do esplendor de Sevilha, desenhado para capturar a ess\u00eancia vibrante desta hist\u00f3rica cidade andaluza. A pe\u00e7a apresenta a ic\u00f3nica torre de um monumento local, que se ergue majestosamente no centro do \u00edman. Rodeando a torre, um belo padr\u00e3o de laranjas e folhas confere um toque fresco e estival, evocando as famosas laranjas sevilhanas que crescem pelas suas ruas. Com uma paleta de cores brilhantes que inclui tons intensos de laranja, azul e verde, este \u00edman destaca-se em qualquer superf\u00edcie, tornando-se um elemento decorativo atraente para casas e escrit\u00f3rios.<\/p>\n<p>O nome &#8220;SEVILLA&#8221; est\u00e1 impresso em letras grandes e audazes, o que refor\u00e7a a sua identidade como uma recorda\u00e7\u00e3o aut\u00eantica e representativa da cidade. Este \u00edman n\u00e3o \u00e9 apenas um artigo decorativo, mas tamb\u00e9m uma lembran\u00e7a tang\u00edvel de momentos especiais vividos em Sevilha, o que o torna uma excelente op\u00e7\u00e3o para turistas que procuram recorda\u00e7\u00f5es significativas. Na Ol\u00e9 Mosaic, especializamo-nos na distribui\u00e7\u00e3o de lembran\u00e7as por grosso, oferecendo este \u00edman como uma das nossas amostras da rica cultura e tradi\u00e7\u00e3o espanhola. Ideal para lojas de presentes tur\u00edsticos, este \u00edman de Sevilha \u00e9 uma combina\u00e7\u00e3o perfeita de artesanato, colorido e autenticidade.<\/p>\n","protected":false},"excerpt":{"rendered":"<p>\u00cdman de madeira de 6,5 cm decorado com uma vibrante representa\u00e7\u00e3o do esplendor de Sevilha. Este atraente \u00edman mostra a ic\u00f3nica torre de um monumento local, rodeada por um padr\u00e3o de laranjas e folhas, tudo numa paleta de cores brilhantes que inclui tons de laranja, azul e verde. Com o nome &#8220;SEVILLA&#8221; impresso em letras grandes e audazes, \u00e9 a recorda\u00e7\u00e3o perfeita para capturar a ess\u00eancia da cidade andaluza. Ideal para decorar a sua casa e recordar momentos especiais da sua visita.<\/p>\n","protected":false},"featured_media":9495,"template":"","meta":{"_acf_changed":false},"product_brand":[],"product_cat":[699],"product_tag":[],"class_list":{"0":"post-37954","1":"product","2":"type-product","3":"status-publish","4":"has-post-thumbnail","6":"product_cat-imanes","7":"pa_ciudad-sevilla","8":"pa_pais-espana","10":"first","11":"instock","12":"shipping-taxable","13":"product-type-simple"},"acf":[],"_links":{"self":[{"href":"https:\/\/olemosaic.com\/pt-pt\/wp-json\/wp\/v2\/product\/37954","targetHints":{"allow":["GET"]}}],"collection":[{"href":"https:\/\/olemosaic.com\/pt-pt\/wp-json\/wp\/v2\/product"}],"about":[{"href":"https:\/\/olemosaic.com\/pt-pt\/wp-json\/wp\/v2\/types\/product"}],"wp:featuredmedia":[{"embeddable":true,"href":"https:\/\/olemosaic.com\/pt-pt\/wp-json\/wp\/v2\/media\/9495"}],"wp:attachment":[{"href":"https:\/\/olemosaic.com\/pt-pt\/wp-json\/wp\/v2\/media?parent=37954"}],"wp:term":[{"taxonomy":"product_brand","embeddable":true,"href":"https:\/\/olemosaic.com\/pt-pt\/wp-json\/wp\/v2\/product_brand?post=37954"},{"taxonomy":"product_cat","embeddable":true,"href":"https:\/\/olemosaic.com\/pt-pt\/wp-json\/wp\/v2\/product_cat?post=37954"},{"taxonomy":"product_tag","embeddable":true,"href":"https:\/\/olemosaic.com\/pt-pt\/wp-json\/wp\/v2\/product_tag?post=37954"}],"curies":[{"name":"wp","href":"https:\/\/api.w.org\/{rel}","templated":true}]}}