{"id":37953,"date":"2025-02-20T22:32:04","date_gmt":"2025-02-20T22:32:04","guid":{"rendered":"http:\/\/olemosaic.com\/producto\/iman-de-madera-panoramica-valencia\/"},"modified":"2025-07-25T18:56:11","modified_gmt":"2025-07-25T16:56:11","slug":"iman-de-madeira-panoramica-valencia-pt-pt","status":"publish","type":"product","link":"https:\/\/olemosaic.com\/pt-pt\/produto\/iman-de-madeira-panoramica-valencia-pt-pt\/","title":{"rendered":"\u00cdman de madeira. Panor\u00e2mica. Val\u00eancia."},"content":{"rendered":"<p>Este \u00edman de madeira, com uma vibrante panor\u00e2mica de Val\u00eancia, \u00e9 a recorda\u00e7\u00e3o perfeita para capturar a ess\u00eancia desta encantadora cidade. Com um design colorido e atraente, o \u00edman apresenta uma representa\u00e7\u00e3o ic\u00f3nica da Lonja de la Seda e da Cidade das Artes e das Ci\u00eancias, dois monumentos emblem\u00e1ticos que destacam a rica heran\u00e7a cultural valenciana. O sol radiante, representado em tons quentes, acrescenta uma sensa\u00e7\u00e3o de alegria e energia, simbolizando o clima ensolarado que caracteriza a regi\u00e3o. Al\u00e9m disso, a laranjeira, um s\u00edmbolo da agricultura valenciana, confere um toque fresco e regional a esta atraente recorda\u00e7\u00e3o.<\/p>\n<p>A combina\u00e7\u00e3o de cores brilhantes e texturas distintivas deste \u00edman n\u00e3o s\u00f3 o torna uma excelente lembran\u00e7a das paisagens valencianas, mas tamb\u00e9m um acess\u00f3rio ideal para adornar qualquer superf\u00edcie met\u00e1lica em casa ou no escrit\u00f3rio. Cada vez que o vir, ser\u00e1 transportado para as vibrantes ruas de Val\u00eancia, recordando a sua hist\u00f3ria e o seu estilo de vida.<\/p>\n<p>Na Ol\u00e9 Mosaic, especializamo-nos na distribui\u00e7\u00e3o de lembran\u00e7as por grosso, e este \u00edman \u00e9 uma op\u00e7\u00e3o perfeita para lojas de presentes tur\u00edsticos que procuram produtos aut\u00eanticos e representativos. Uma recorda\u00e7\u00e3o de Val\u00eancia que n\u00e3o \u00e9 apenas decorativa, mas tamb\u00e9m uma pe\u00e7a cultural que celebra a identidade desta maravilhosa cidade.<\/p>\n","protected":false},"excerpt":{"rendered":"<p>\u00cdman de madeira com uma vibrante panor\u00e2mica de Val\u00eancia, que captura a ess\u00eancia da cidade. Esta atraente recorda\u00e7\u00e3o apresenta uma colorida representa\u00e7\u00e3o da Lonja de la Seda e da Cidade das Artes e das Ci\u00eancias, complementada com um sol e uma laranjeira. Com os seus tons brilhantes e texturas distintivas, o \u00edman \u00e9 uma excelente lembran\u00e7a das ic\u00f3nicas paisagens valencianas, ideal para adornar qualquer superf\u00edcie met\u00e1lica.<\/p>\n","protected":false},"featured_media":9562,"template":"","meta":{"_acf_changed":false},"product_brand":[],"product_cat":[699],"product_tag":[],"class_list":{"0":"post-37953","1":"product","2":"type-product","3":"status-publish","4":"has-post-thumbnail","6":"product_cat-imanes","7":"pa_ciudad-valencia","8":"pa_motivo-panoramas","9":"pa_pais-espana","11":"first","12":"instock","13":"shipping-taxable","14":"product-type-simple"},"acf":[],"_links":{"self":[{"href":"https:\/\/olemosaic.com\/pt-pt\/wp-json\/wp\/v2\/product\/37953","targetHints":{"allow":["GET"]}}],"collection":[{"href":"https:\/\/olemosaic.com\/pt-pt\/wp-json\/wp\/v2\/product"}],"about":[{"href":"https:\/\/olemosaic.com\/pt-pt\/wp-json\/wp\/v2\/types\/product"}],"wp:featuredmedia":[{"embeddable":true,"href":"https:\/\/olemosaic.com\/pt-pt\/wp-json\/wp\/v2\/media\/9562"}],"wp:attachment":[{"href":"https:\/\/olemosaic.com\/pt-pt\/wp-json\/wp\/v2\/media?parent=37953"}],"wp:term":[{"taxonomy":"product_brand","embeddable":true,"href":"https:\/\/olemosaic.com\/pt-pt\/wp-json\/wp\/v2\/product_brand?post=37953"},{"taxonomy":"product_cat","embeddable":true,"href":"https:\/\/olemosaic.com\/pt-pt\/wp-json\/wp\/v2\/product_cat?post=37953"},{"taxonomy":"product_tag","embeddable":true,"href":"https:\/\/olemosaic.com\/pt-pt\/wp-json\/wp\/v2\/product_tag?post=37953"}],"curies":[{"name":"wp","href":"https:\/\/api.w.org\/{rel}","templated":true}]}}