{"id":37951,"date":"2025-02-20T23:31:45","date_gmt":"2025-02-20T22:31:45","guid":{"rendered":"http:\/\/olemosaic.com\/producto\/portavelas-de-ceramica-ronda-blanco\/"},"modified":"2025-07-25T18:40:22","modified_gmt":"2025-07-25T16:40:22","slug":"porta-velas-de-ceramica-ronda-branco-pt-pt","status":"publish","type":"product","link":"https:\/\/olemosaic.com\/pt-pt\/produto\/porta-velas-de-ceramica-ronda-branco-pt-pt\/","title":{"rendered":"Porta-velas de cer\u00e2mica. Ronda. Branco."},"content":{"rendered":"<p>Este elegante porta-velas de cer\u00e2mica, inspirado na emblem\u00e1tica cidade de Ronda, \u00e9 uma pe\u00e7a artesanal que confere um toque de luz e tradi\u00e7\u00e3o a qualquer espa\u00e7o. O seu design em cor branca cria um fundo perfeito para real\u00e7ar as vibrantes ilustra\u00e7\u00f5es que adornam a sua superf\u00edcie. O porta-velas apresenta cativantes panor\u00e2micas da famosa Ponte Nova de Ronda, s\u00edmbolo arquitet\u00f3nico da cidade, acompanhado pela figura de um touro, elemento tradicional que presta homenagem \u00e0 cultura taurom\u00e1quica da regi\u00e3o. Decorado com um mosaico colorido e detalhes texturizados, este porta-velas captura a ess\u00eancia da paisagem andaluza.<\/p>\n<p>A inscri\u00e7\u00e3o &#8220;RONDA&#8221;, num estilo apelativo, destaca o car\u00e1ter aut\u00eantico desta recorda\u00e7\u00e3o, elaborada de forma artesanal por artes\u00e3os locais. Este produto n\u00e3o \u00e9 apenas uma fonte de luz, mas tamb\u00e9m uma recorda\u00e7\u00e3o representativa da rica hist\u00f3ria e cultura de Ronda, um destino tur\u00edstico aclamado pela sua beleza natural e patrim\u00f3nio cultural. Na Ol\u00e9 Mosaic especializamo-nos na distribui\u00e7\u00e3o por grosso de recorda\u00e7\u00f5es aut\u00eanticas, e este porta-velas de cer\u00e2mica \u00e9 uma excelente op\u00e7\u00e3o para lojas de presentes tur\u00edsticos que procuram oferecer produtos \u00fanicos e significativos. A sua relev\u00e2ncia cultural e a sua est\u00e9tica atraente tornam-no num presente ideal para quem deseja levar consigo um peda\u00e7o de Espanha.<\/p>\n","protected":false},"excerpt":{"rendered":"<p>Porta-velas de cer\u00e2mica inspirado na bela cidade de Ronda. Este elegante porta-velas branco apresenta um design vibrante com panor\u00e2micas da famosa ponte de Ronda e uma figura de touro, decorado com um mosaico colorido e detalhes texturizados. O texto &#8220;RONDA&#8221; est\u00e1 impresso com um estilo apelativo, complementando o artesanato de design artesanal, pintado \u00e0 m\u00e3o, que real\u00e7a a riqueza cultural deste emblem\u00e1tico destino andaluz. Perfeito para conferir um toque de luz e tradi\u00e7\u00e3o a qualquer espa\u00e7o.<\/p>\n","protected":false},"featured_media":9994,"template":"","meta":{"_acf_changed":false},"product_brand":[],"product_cat":[811],"product_tag":[516,515],"class_list":{"0":"post-37951","1":"product","2":"type-product","3":"status-publish","4":"has-post-thumbnail","6":"product_cat-porta-velas","7":"product_tag-animais","8":"product_tag-ceramica","9":"pa_ciudad-ronda","10":"pa_pais-espana","12":"first","13":"instock","14":"shipping-taxable","15":"product-type-simple"},"acf":[],"_links":{"self":[{"href":"https:\/\/olemosaic.com\/pt-pt\/wp-json\/wp\/v2\/product\/37951","targetHints":{"allow":["GET"]}}],"collection":[{"href":"https:\/\/olemosaic.com\/pt-pt\/wp-json\/wp\/v2\/product"}],"about":[{"href":"https:\/\/olemosaic.com\/pt-pt\/wp-json\/wp\/v2\/types\/product"}],"wp:featuredmedia":[{"embeddable":true,"href":"https:\/\/olemosaic.com\/pt-pt\/wp-json\/wp\/v2\/media\/9994"}],"wp:attachment":[{"href":"https:\/\/olemosaic.com\/pt-pt\/wp-json\/wp\/v2\/media?parent=37951"}],"wp:term":[{"taxonomy":"product_brand","embeddable":true,"href":"https:\/\/olemosaic.com\/pt-pt\/wp-json\/wp\/v2\/product_brand?post=37951"},{"taxonomy":"product_cat","embeddable":true,"href":"https:\/\/olemosaic.com\/pt-pt\/wp-json\/wp\/v2\/product_cat?post=37951"},{"taxonomy":"product_tag","embeddable":true,"href":"https:\/\/olemosaic.com\/pt-pt\/wp-json\/wp\/v2\/product_tag?post=37951"}],"curies":[{"name":"wp","href":"https:\/\/api.w.org\/{rel}","templated":true}]}}