{"id":37950,"date":"2025-02-20T23:31:45","date_gmt":"2025-02-20T22:31:45","guid":{"rendered":"http:\/\/olemosaic.com\/producto\/plato-de-ceramica-de-85-cm-panoramica-madrid-beige\/"},"modified":"2025-07-25T19:09:32","modified_gmt":"2025-07-25T17:09:32","slug":"prato-de-ceramica-de-8-5-cm-panoramica-madrid-bege-pt-pt","status":"publish","type":"product","link":"https:\/\/olemosaic.com\/pt-pt\/produto\/prato-de-ceramica-de-8-5-cm-panoramica-madrid-bege-pt-pt\/","title":{"rendered":"Prato de cer\u00e2mica de 8,5 cm. Panor\u00e2mica. Madrid. Bege."},"content":{"rendered":"<p>Este elegante prato de cer\u00e2mica de 8,5 cm \u00e9 uma encantadora recorda\u00e7\u00e3o de Madrid, que captura a vibrante ess\u00eancia da capital espanhola atrav\u00e9s do seu design \u00fanico. Inspirado na emblem\u00e1tica Puerta de Alcal\u00e1, o prato apresenta um colorido mosaico em tons bege, vermelhos e azuis, criando uma panor\u00e2mica que evoca a rica hist\u00f3ria e cultura da cidade. A ilustra\u00e7\u00e3o mostra a majestosa porta, rodeada de detalhes art\u00edsticos, o que torna esta pe\u00e7a num reflexo do patrim\u00f3nio arquitet\u00f3nico madrileno.<\/p>\n<p>O texto &#8220;MADRID&#8221; na parte inferior do prato n\u00e3o s\u00f3 acrescenta um toque distintivo, como tamb\u00e9m reafirma a sua autenticidade como recorda\u00e7\u00e3o da cidade. Cada prato \u00e9 pintado \u00e0 m\u00e3o, o que garante a singularidade de cada pe\u00e7a e real\u00e7a o seu valor como recorda\u00e7\u00e3o. Este artigo combina arte e funcionalidade, sendo ideal tanto para exibir como para usar em ocasi\u00f5es especiais.<\/p>\n<p>Na Ol\u00e9 Mosaic, somos distribuidores de recorda\u00e7\u00f5es de cer\u00e2mica aut\u00eantica, oferecendo produtos que capturam a ess\u00eancia de lugares emblem\u00e1ticos como Madrid. Este prato \u00e9 uma excelente op\u00e7\u00e3o para lojas de presentes tur\u00edsticos que procuram oferecer recorda\u00e7\u00f5es que reflitam a beleza e a hist\u00f3ria cultural de Espanha. Como grossistas de cer\u00e2mica, garantimos qualidade e autenticidade em cada um dos nossos produtos.<\/p>\n","protected":false},"excerpt":{"rendered":"<p>Prato de cer\u00e2mica de 8,5 cm com uma colorida panor\u00e2mica de Madrid. Este elegante prato apresenta um design inspirado na ic\u00f3nica Puerta de Alcal\u00e1, com um vibrante mosaico em tons bege, vermelhos e azuis. Decorado com a palavra &#8220;MADRID&#8221; na parte inferior, \u00e9 uma pe\u00e7a de design artesanal, pintada \u00e0 m\u00e3o, que combina arte e funcionalidade, ideal para luzir como objeto decorativo ou como uma recorda\u00e7\u00e3o distintiva da capital espanhola.<\/p>\n","protected":false},"featured_media":7531,"template":"","meta":{"_acf_changed":false},"product_brand":[],"product_cat":[629],"product_tag":[515],"class_list":{"0":"post-37950","1":"product","2":"type-product","3":"status-publish","4":"has-post-thumbnail","6":"product_cat-pratos-decorativos","7":"product_tag-ceramica","8":"pa_ciudad-madrid","9":"pa_motivo-panoramas","10":"pa_pais-espana","12":"first","13":"instock","14":"shipping-taxable","15":"product-type-simple"},"acf":[],"_links":{"self":[{"href":"https:\/\/olemosaic.com\/pt-pt\/wp-json\/wp\/v2\/product\/37950","targetHints":{"allow":["GET"]}}],"collection":[{"href":"https:\/\/olemosaic.com\/pt-pt\/wp-json\/wp\/v2\/product"}],"about":[{"href":"https:\/\/olemosaic.com\/pt-pt\/wp-json\/wp\/v2\/types\/product"}],"wp:featuredmedia":[{"embeddable":true,"href":"https:\/\/olemosaic.com\/pt-pt\/wp-json\/wp\/v2\/media\/7531"}],"wp:attachment":[{"href":"https:\/\/olemosaic.com\/pt-pt\/wp-json\/wp\/v2\/media?parent=37950"}],"wp:term":[{"taxonomy":"product_brand","embeddable":true,"href":"https:\/\/olemosaic.com\/pt-pt\/wp-json\/wp\/v2\/product_brand?post=37950"},{"taxonomy":"product_cat","embeddable":true,"href":"https:\/\/olemosaic.com\/pt-pt\/wp-json\/wp\/v2\/product_cat?post=37950"},{"taxonomy":"product_tag","embeddable":true,"href":"https:\/\/olemosaic.com\/pt-pt\/wp-json\/wp\/v2\/product_tag?post=37950"}],"curies":[{"name":"wp","href":"https:\/\/api.w.org\/{rel}","templated":true}]}}