{"id":37949,"date":"2025-02-20T23:31:45","date_gmt":"2025-02-20T22:31:45","guid":{"rendered":"http:\/\/olemosaic.com\/producto\/plato-de-ceramica-de-11-cm-bailaora-beige\/"},"modified":"2025-07-25T18:39:01","modified_gmt":"2025-07-25T16:39:01","slug":"prato-de-ceramica-de-11-cm-bailaora-bege","status":"publish","type":"product","link":"https:\/\/olemosaic.com\/pt-pt\/produto\/prato-de-ceramica-de-11-cm-bailaora-bege\/","title":{"rendered":"Prato de cer\u00e2mica de 11 cm. Bailaora. Bege."},"content":{"rendered":"<p>Este elegante prato de cer\u00e2mica de 11 cm, adornado com a vibrante ilustra\u00e7\u00e3o de uma bailaora de flamenco, \u00e9 um aut\u00eantico tesouro da cultura espanhola. O seu design em tons bege com um rebordo laranja real\u00e7a a beleza da arte flamenca, um s\u00edmbolo ic\u00f3nico de Espanha. A delicada representa\u00e7\u00e3o da bailaora, em pleno movimento e rodeada de motivos florais, captura a ess\u00eancia da dan\u00e7a espanhola, evocando a paix\u00e3o e o ritmo que caracterizam esta tradi\u00e7\u00e3o.<\/p>\n<p>O prato destaca-se pelo seu acabamento artesanal, com detalhes pintados \u00e0 m\u00e3o que garantem a singularidade de cada pe\u00e7a. O texto &#8220;ESPA\u00d1A&#8221; na parte superior complementa a ilustra\u00e7\u00e3o, tornando-o numa recorda\u00e7\u00e3o perfeita que celebra a rica heran\u00e7a cultural do pa\u00eds. Este prato n\u00e3o \u00e9 apenas um objeto decorativo, mas tamb\u00e9m um elemento que permite aos turistas levar um peda\u00e7o aut\u00eantico de Espanha para casa.<\/p>\n<p>Na Ol\u00e9 Mosaic, somos especialistas na distribui\u00e7\u00e3o de recorda\u00e7\u00f5es por grosso, oferecendo produtos aut\u00eanticos que se destacam pelo seu design e qualidade. Este prato de cer\u00e2mica \u00e9 uma excelente op\u00e7\u00e3o para lojas de presentes tur\u00edsticos que procuram oferecer recorda\u00e7\u00f5es representativas e de grande valor cultural. Como grossistas de recorda\u00e7\u00f5es, garantimos que os nossos produtos cumprem as expectativas de quem deseja levar consigo uma lembran\u00e7a da sua visita a Espanha.<\/p>\n","protected":false},"excerpt":{"rendered":"<p>Prato de cer\u00e2mica de 11 cm, decorado com a ilustra\u00e7\u00e3o de uma bailaora de flamenco. Este delicado prato, de cor bege com um rebordo laranja, apresenta uma representa\u00e7\u00e3o vibrante de uma bailaora em pleno baile, rodeada de motivos florais e a palavra \u201cESPA\u00d1A\u201d. O design inclui detalhes pintados \u00e0 m\u00e3o, o que lhe confere um toque art\u00edstico e aut\u00eantico, tornando-o numa recorda\u00e7\u00e3o perfeita da cultura espanhola e num elemento decorativo \u00fanico.<\/p>\n","protected":false},"featured_media":7195,"template":"","meta":{"_acf_changed":false},"product_brand":[],"product_cat":[629],"product_tag":[515],"class_list":{"0":"post-37949","1":"product","2":"type-product","3":"status-publish","4":"has-post-thumbnail","6":"product_cat-pratos-decorativos","7":"product_tag-ceramica","8":"pa_motivo-dancarinos","10":"first","11":"instock","12":"shipping-taxable","13":"product-type-simple"},"acf":[],"_links":{"self":[{"href":"https:\/\/olemosaic.com\/pt-pt\/wp-json\/wp\/v2\/product\/37949","targetHints":{"allow":["GET"]}}],"collection":[{"href":"https:\/\/olemosaic.com\/pt-pt\/wp-json\/wp\/v2\/product"}],"about":[{"href":"https:\/\/olemosaic.com\/pt-pt\/wp-json\/wp\/v2\/types\/product"}],"wp:featuredmedia":[{"embeddable":true,"href":"https:\/\/olemosaic.com\/pt-pt\/wp-json\/wp\/v2\/media\/7195"}],"wp:attachment":[{"href":"https:\/\/olemosaic.com\/pt-pt\/wp-json\/wp\/v2\/media?parent=37949"}],"wp:term":[{"taxonomy":"product_brand","embeddable":true,"href":"https:\/\/olemosaic.com\/pt-pt\/wp-json\/wp\/v2\/product_brand?post=37949"},{"taxonomy":"product_cat","embeddable":true,"href":"https:\/\/olemosaic.com\/pt-pt\/wp-json\/wp\/v2\/product_cat?post=37949"},{"taxonomy":"product_tag","embeddable":true,"href":"https:\/\/olemosaic.com\/pt-pt\/wp-json\/wp\/v2\/product_tag?post=37949"}],"curies":[{"name":"wp","href":"https:\/\/api.w.org\/{rel}","templated":true}]}}