{"id":37948,"date":"2025-02-20T22:31:45","date_gmt":"2025-02-20T22:31:45","guid":{"rendered":"http:\/\/olemosaic.com\/producto\/funda-de-telefono-para-samsung-a14-tpu-mosaico-azul\/"},"modified":"2025-07-25T20:25:00","modified_gmt":"2025-07-25T18:25:00","slug":"capa-de-telemovel-para-samsung-a14-tpu-mosaico-azul-pt-pt","status":"publish","type":"product","link":"https:\/\/olemosaic.com\/pt-pt\/produto\/capa-de-telemovel-para-samsung-a14-tpu-mosaico-azul-pt-pt\/","title":{"rendered":"Capa de telem\u00f3vel para Samsung A14 (TPU). Mosaico. Azul"},"content":{"rendered":"<p>Esta elegante capa para o telem\u00f3vel Samsung A14 \u00e9 uma combina\u00e7\u00e3o perfeita de funcionalidade e estilo, pensada para quem deseja expressar o seu apre\u00e7o pela rica tradi\u00e7\u00e3o art\u00edstica andaluza. Fabricada em TPU, esta capa \u00e9 extremamente duradoura e oferece uma prote\u00e7\u00e3o robusta contra choques e riscos. O seu belo design de mosaico em tons azuis evoca a ic\u00f3nica cer\u00e2mica andaluza, conhecida pelos seus padr\u00f5es intrincados e cores vibrantes. O fundo azul intenso est\u00e1 adornado com um sofisticado design de pe\u00e7as geom\u00e9tricas brancas, que se entrela\u00e7am para criar um efeito visual impactante e atraente.<\/p>\n<p>O azulejo, s\u00edmbolo da cultura e da est\u00e9tica espanhola, reflete-se neste produto, tornando-o um presente ideal para turistas que procuram levar para casa um peda\u00e7o da Andaluzia. Al\u00e9m disso, a capa n\u00e3o s\u00f3 se destaca pelo seu design art\u00edstico, como tamb\u00e9m garante que o dispositivo esteja protegido sem renunciar \u00e0 eleg\u00e2ncia. Na Ol\u00e9 Mosaic, somos distribuidores de recorda\u00e7\u00f5es aut\u00eanticas e representativas, e esta capa de telem\u00f3vel \u00e9 uma excelente op\u00e7\u00e3o para lojas de presentes tur\u00edsticos que desejam oferecer produtos de qualidade que capturem a ess\u00eancia do patrim\u00f3nio cultural espanhol. Esta recorda\u00e7\u00e3o de design n\u00e3o s\u00f3 \u00e9 pr\u00e1tica, como tamb\u00e9m conta uma hist\u00f3ria, transformando cada utiliza\u00e7\u00e3o numa lembran\u00e7a da beleza da Andaluzia.<\/p>\n","protected":false},"excerpt":{"rendered":"<p>Capa para Samsung A14 fabricada em TPU, decorada com um elegante design de mosaico em tons azuis. A capa apresenta um padr\u00e3o de pe\u00e7as geom\u00e9tricas brancas sobre um fundo azul intenso, evocando a rica tradi\u00e7\u00e3o da cer\u00e2mica andaluza. O seu design n\u00e3o s\u00f3 protege o dispositivo, como tamb\u00e9m confere um toque art\u00edstico e distintivo. Ideal para quem procura uma combina\u00e7\u00e3o de funcionalidade e estilo inspirada na beleza do patrim\u00f3nio cultural espanhol.<\/p>\n","protected":false},"featured_media":12549,"template":"","meta":{"_acf_changed":false},"product_brand":[],"product_cat":[685],"product_tag":[],"class_list":{"0":"post-37948","1":"product","2":"type-product","3":"status-publish","4":"has-post-thumbnail","6":"product_cat-capas-para-telemoveis","7":"pa_motivo-mosaico","9":"first","10":"instock","11":"shipping-taxable","12":"product-type-simple"},"acf":[],"_links":{"self":[{"href":"https:\/\/olemosaic.com\/pt-pt\/wp-json\/wp\/v2\/product\/37948","targetHints":{"allow":["GET"]}}],"collection":[{"href":"https:\/\/olemosaic.com\/pt-pt\/wp-json\/wp\/v2\/product"}],"about":[{"href":"https:\/\/olemosaic.com\/pt-pt\/wp-json\/wp\/v2\/types\/product"}],"wp:featuredmedia":[{"embeddable":true,"href":"https:\/\/olemosaic.com\/pt-pt\/wp-json\/wp\/v2\/media\/12549"}],"wp:attachment":[{"href":"https:\/\/olemosaic.com\/pt-pt\/wp-json\/wp\/v2\/media?parent=37948"}],"wp:term":[{"taxonomy":"product_brand","embeddable":true,"href":"https:\/\/olemosaic.com\/pt-pt\/wp-json\/wp\/v2\/product_brand?post=37948"},{"taxonomy":"product_cat","embeddable":true,"href":"https:\/\/olemosaic.com\/pt-pt\/wp-json\/wp\/v2\/product_cat?post=37948"},{"taxonomy":"product_tag","embeddable":true,"href":"https:\/\/olemosaic.com\/pt-pt\/wp-json\/wp\/v2\/product_tag?post=37948"}],"curies":[{"name":"wp","href":"https:\/\/api.w.org\/{rel}","templated":true}]}}