{"id":37946,"date":"2025-02-20T23:31:43","date_gmt":"2025-02-20T22:31:43","guid":{"rendered":"http:\/\/olemosaic.com\/producto\/bol-de-coco-marron-tortuga-2\/"},"modified":"2025-07-25T19:56:42","modified_gmt":"2025-07-25T17:56:42","slug":"taca-de-coco-castanha-tartaruga-2-pt-pt","status":"publish","type":"product","link":"https:\/\/olemosaic.com\/pt-pt\/produto\/taca-de-coco-castanha-tartaruga-2-pt-pt\/","title":{"rendered":"Ta\u00e7a de coco castanha. Tartaruga. Arte marinha."},"content":{"rendered":"<p>Esta elegante ta\u00e7a de coco castanha, decorada com um delicado design de tartaruga, evoca a ess\u00eancia tropical dos oceanos. Elaborada com materiais naturais, o seu acabamento dourado real\u00e7a as texturas org\u00e2nicas do coco, criando um efeito visual atraente que capta o olhar e adiciona um toque distintivo a qualquer espa\u00e7o. No interior, a tartaruga, s\u00edmbolo de longevidade e sabedoria em muitas culturas, \u00e9 representada com detalhes cuidadosamente elaborados, transmitindo uma mensagem de liga\u00e7\u00e3o com a natureza e o mar. O seu design n\u00e3o s\u00f3 torna esta ta\u00e7a num objeto decorativo encantador, como tamb\u00e9m \u00e9 \u00fatil para servir aperitivos, fruta ou como objeto ornamental que complementa qualquer estilo de decora\u00e7\u00e3o.<\/p>\n<p>Esta ta\u00e7a \u00e9 uma recorda\u00e7\u00e3o ideal para quem deseja levar um peda\u00e7o da vida marinha para casa. Representa a riqueza cultural e a rela\u00e7\u00e3o das comunidades costeiras com o oceano, destacando a sua autenticidade como recorda\u00e7\u00e3o tropical. Na Ol\u00e9 Mosaic, orgulhamo-nos de ser distribuidores de objetos \u00fanicos e artesanais, oferecendo produtos que refletem a beleza das tradi\u00e7\u00f5es locais. Esta ta\u00e7a de tartaruga \u00e9 uma excelente op\u00e7\u00e3o para lojas de presentes tur\u00edsticos que procuram recorda\u00e7\u00f5es aut\u00eanticas e significativas da regi\u00e3o.<\/p>\n","protected":false},"excerpt":{"rendered":"<p>Ta\u00e7a de coco castanha decorada com um design de tartaruga, ideal para dar um toque tropical \u00e0 sua casa. Elaborada com material natural, esta ta\u00e7a apresenta um acabamento dourado que real\u00e7a as texturas e formas, criando um efeito visual atraente. A tartaruga, s\u00edmbolo da vida marinha, est\u00e1 representada com detalhes cuidados, o que a torna um elegante complemento decorativo. Perfeita para servir ou como objeto ornamental, evocando a ess\u00eancia dos oceanos.<\/p>\n","protected":false},"featured_media":10079,"template":"","meta":{"_acf_changed":false},"product_brand":[],"product_cat":[513],"product_tag":[516],"class_list":{"0":"post-37946","1":"product","2":"type-product","3":"status-publish","4":"has-post-thumbnail","6":"product_cat-bols","7":"product_tag-animais","8":"pa_motivo-tartarugas","10":"first","11":"instock","12":"shipping-taxable","13":"product-type-simple"},"acf":[],"_links":{"self":[{"href":"https:\/\/olemosaic.com\/pt-pt\/wp-json\/wp\/v2\/product\/37946","targetHints":{"allow":["GET"]}}],"collection":[{"href":"https:\/\/olemosaic.com\/pt-pt\/wp-json\/wp\/v2\/product"}],"about":[{"href":"https:\/\/olemosaic.com\/pt-pt\/wp-json\/wp\/v2\/types\/product"}],"wp:featuredmedia":[{"embeddable":true,"href":"https:\/\/olemosaic.com\/pt-pt\/wp-json\/wp\/v2\/media\/10079"}],"wp:attachment":[{"href":"https:\/\/olemosaic.com\/pt-pt\/wp-json\/wp\/v2\/media?parent=37946"}],"wp:term":[{"taxonomy":"product_brand","embeddable":true,"href":"https:\/\/olemosaic.com\/pt-pt\/wp-json\/wp\/v2\/product_brand?post=37946"},{"taxonomy":"product_cat","embeddable":true,"href":"https:\/\/olemosaic.com\/pt-pt\/wp-json\/wp\/v2\/product_cat?post=37946"},{"taxonomy":"product_tag","embeddable":true,"href":"https:\/\/olemosaic.com\/pt-pt\/wp-json\/wp\/v2\/product_tag?post=37946"}],"curies":[{"name":"wp","href":"https:\/\/api.w.org\/{rel}","templated":true}]}}