{"id":37944,"date":"2025-02-20T22:31:43","date_gmt":"2025-02-20T22:31:43","guid":{"rendered":"http:\/\/olemosaic.com\/producto\/bol-de-coco-beige-salamandra-menorca\/"},"modified":"2025-07-25T19:51:09","modified_gmt":"2025-07-25T17:51:09","slug":"taca-de-coco-bege-salamandra-menorca-pt-pt","status":"publish","type":"product","link":"https:\/\/olemosaic.com\/pt-pt\/produto\/taca-de-coco-bege-salamandra-menorca-pt-pt\/","title":{"rendered":"Ta\u00e7a de coco bege. Salamandra. Menorca."},"content":{"rendered":"<p>Esta elegante ta\u00e7a de coco bege, adornada com a emblem\u00e1tica imagem de uma salamandra, \u00e9 um aut\u00eantico s\u00edmbolo de Menorca. Com um acabamento suave em tons bege e decora\u00e7\u00f5es que evocam a rica cultura local, esta ta\u00e7a n\u00e3o \u00e9 apenas um objeto utilit\u00e1rio, mas uma extraordin\u00e1ria pe\u00e7a de arte que captura a ess\u00eancia da ilha. A salamandra, ilustrada com cores quentes, destaca-se no centro da ta\u00e7a, representando a liga\u00e7\u00e3o com a natureza e a biodiversidade que caracteriza Menorca. Em redor, o seu fundo apresenta um delicado design de mosaico que real\u00e7a a beleza artesanal da pe\u00e7a, conferindo-lhe um car\u00e1ter \u00fanico e especial.<\/p>\n<p>Esta ta\u00e7a \u00e9 vers\u00e1til, ideal para servir aperitivos, exibir frutas ou como elemento decorativo em qualquer casa. O seu design harmonioso e atraente torna-a uma excelente recorda\u00e7\u00e3o que guardar\u00e1 com carinho, al\u00e9m de ser um presente perfeito para quem procura um peda\u00e7o aut\u00eantico de Menorca. Na Ol\u00e9 Mosaic, somos especialistas na distribui\u00e7\u00e3o de recorda\u00e7\u00f5es por grosso, oferecendo produtos que representam a riqueza cultural e a tradi\u00e7\u00e3o de Espanha. Esta ta\u00e7a de coco bege \u00e9 uma op\u00e7\u00e3o de destaque para lojas de presentes tur\u00edsticos que desejem oferecer artigos que sejam n\u00e3o s\u00f3 bonitos, mas tamb\u00e9m culturalmente significativos.<\/p>\n","protected":false},"excerpt":{"rendered":"<p>Ta\u00e7a de coco bege com o emblem\u00e1tico design de uma salamandra, representativa de Menorca. Esta elegante ta\u00e7a apresenta um acabamento em tons bege com detalhes decorativos que evocam a cultura local. A salamandra est\u00e1 ilustrada com cores quentes, enquanto o fundo mostra um delicado mosaico que real\u00e7a a sua beleza artesanal. Ideal para m\u00faltiplas utiliza\u00e7\u00f5es, esta ta\u00e7a combina funcionalidade e arte, capturando a ess\u00eancia da ilha.<\/p>\n","protected":false},"featured_media":11903,"template":"","meta":{"_acf_changed":false},"product_brand":[],"product_cat":[513],"product_tag":[516],"class_list":{"0":"post-37944","1":"product","2":"type-product","3":"status-publish","4":"has-post-thumbnail","6":"product_cat-bols","7":"product_tag-animais","8":"pa_ciudad-menorca","9":"pa_motivo-salamandras","10":"pa_pais-espana","12":"first","13":"instock","14":"shipping-taxable","15":"product-type-simple"},"acf":[],"_links":{"self":[{"href":"https:\/\/olemosaic.com\/pt-pt\/wp-json\/wp\/v2\/product\/37944","targetHints":{"allow":["GET"]}}],"collection":[{"href":"https:\/\/olemosaic.com\/pt-pt\/wp-json\/wp\/v2\/product"}],"about":[{"href":"https:\/\/olemosaic.com\/pt-pt\/wp-json\/wp\/v2\/types\/product"}],"wp:featuredmedia":[{"embeddable":true,"href":"https:\/\/olemosaic.com\/pt-pt\/wp-json\/wp\/v2\/media\/11903"}],"wp:attachment":[{"href":"https:\/\/olemosaic.com\/pt-pt\/wp-json\/wp\/v2\/media?parent=37944"}],"wp:term":[{"taxonomy":"product_brand","embeddable":true,"href":"https:\/\/olemosaic.com\/pt-pt\/wp-json\/wp\/v2\/product_brand?post=37944"},{"taxonomy":"product_cat","embeddable":true,"href":"https:\/\/olemosaic.com\/pt-pt\/wp-json\/wp\/v2\/product_cat?post=37944"},{"taxonomy":"product_tag","embeddable":true,"href":"https:\/\/olemosaic.com\/pt-pt\/wp-json\/wp\/v2\/product_tag?post=37944"}],"curies":[{"name":"wp","href":"https:\/\/api.w.org\/{rel}","templated":true}]}}