{"id":37943,"date":"2025-02-20T23:31:43","date_gmt":"2025-02-20T22:31:43","guid":{"rendered":"http:\/\/olemosaic.com\/producto\/bol-de-coco-beige-salamandra-tenerife\/"},"modified":"2025-07-25T19:03:09","modified_gmt":"2025-07-25T17:03:09","slug":"taca-de-coco-bege-salamandra-tenerife-pt-pt","status":"publish","type":"product","link":"https:\/\/olemosaic.com\/pt-pt\/produto\/taca-de-coco-bege-salamandra-tenerife-pt-pt\/","title":{"rendered":"Ta\u00e7a de coco bege. Salamandra. Tenerife."},"content":{"rendered":"<p>Esta elegante ta\u00e7a de coco bege, decorada com um design distintivo de salamandra, \u00e9 um presente ideal que captura a ess\u00eancia de Tenerife. Com um acabamento natural e suave ao toque, esta ta\u00e7a combina harmoniosamente o seu apelo est\u00e9tico com a sua funcionalidade, tornando-se um excelente elemento decorativo para qualquer casa. No centro, a salamandra, representada num tom castanho quente, destaca-se sobre o fundo bege, criando um contraste visual que evoca a fauna aut\u00f3ctone das Ilhas Can\u00e1rias. Este motivo art\u00edstico n\u00e3o s\u00f3 confere um toque cultural \u00e0 ta\u00e7a, como tamb\u00e9m simboliza a riqueza da biodiversidade da regi\u00e3o.<\/p>\n<p>Concebida para ser vers\u00e1til, esta ta\u00e7a pode ser utilizada tanto \u00e0 mesa como na decora\u00e7\u00e3o de prateleiras ou mesas de apoio, adicionando uma nuance can\u00e1ria a qualquer ambiente. As recorda\u00e7\u00f5es de Tenerife, como esta, representam uma lembran\u00e7a aut\u00eantica para os turistas que desejam levar para casa um peda\u00e7o da cultura can\u00e1ria. Na Ol\u00e9 Mosaic, orgulhamo-nos de ser um distribuidor de recorda\u00e7\u00f5es por grosso, oferecendo produtos que fundem artesanato e tradi\u00e7\u00e3o. Esta ta\u00e7a de coco \u00e9 uma op\u00e7\u00e3o perfeita para lojas de presentes tur\u00edsticos que procuram artigos \u00fanicos e de qualidade, refletindo o melhor da cultura de Tenerife e o encanto das Ilhas Can\u00e1rias.<\/p>\n","protected":false},"excerpt":{"rendered":"<p>Ta\u00e7a de coco bege, decorada com um design muito especial de salamandra, t\u00edpico de Tenerife. Esta elegante ta\u00e7a apresenta uma textura suave e um acabamento natural, com um motivo art\u00edstico que lhe confere um toque cultural. A salamandra, representada num tom castanho quente, contrasta harmonicamente com os tons bege da ta\u00e7a, criando uma pe\u00e7a \u00fanica, ideal para dar um toque can\u00e1rio a qualquer casa. Perfeita como elemento decorativo ou pr\u00e1tico.<\/p>\n","protected":false},"featured_media":11923,"template":"","meta":{"_acf_changed":false},"product_brand":[],"product_cat":[513],"product_tag":[516],"class_list":{"0":"post-37943","1":"product","2":"type-product","3":"status-publish","4":"has-post-thumbnail","6":"product_cat-bols","7":"product_tag-animais","8":"pa_ciudad-tenerife","9":"pa_motivo-salamandras","10":"pa_pais-espana","12":"first","13":"instock","14":"shipping-taxable","15":"product-type-simple"},"acf":[],"_links":{"self":[{"href":"https:\/\/olemosaic.com\/pt-pt\/wp-json\/wp\/v2\/product\/37943","targetHints":{"allow":["GET"]}}],"collection":[{"href":"https:\/\/olemosaic.com\/pt-pt\/wp-json\/wp\/v2\/product"}],"about":[{"href":"https:\/\/olemosaic.com\/pt-pt\/wp-json\/wp\/v2\/types\/product"}],"wp:featuredmedia":[{"embeddable":true,"href":"https:\/\/olemosaic.com\/pt-pt\/wp-json\/wp\/v2\/media\/11923"}],"wp:attachment":[{"href":"https:\/\/olemosaic.com\/pt-pt\/wp-json\/wp\/v2\/media?parent=37943"}],"wp:term":[{"taxonomy":"product_brand","embeddable":true,"href":"https:\/\/olemosaic.com\/pt-pt\/wp-json\/wp\/v2\/product_brand?post=37943"},{"taxonomy":"product_cat","embeddable":true,"href":"https:\/\/olemosaic.com\/pt-pt\/wp-json\/wp\/v2\/product_cat?post=37943"},{"taxonomy":"product_tag","embeddable":true,"href":"https:\/\/olemosaic.com\/pt-pt\/wp-json\/wp\/v2\/product_tag?post=37943"}],"curies":[{"name":"wp","href":"https:\/\/api.w.org\/{rel}","templated":true}]}}