{"id":37942,"date":"2025-02-20T23:31:38","date_gmt":"2025-02-20T22:31:38","guid":{"rendered":"http:\/\/olemosaic.com\/producto\/cucharon-de-ceramica-punt-de-trobada-beige\/"},"modified":"2025-07-25T20:33:16","modified_gmt":"2025-07-25T18:33:16","slug":"concha-de-ceramica-punt-de-trobada-bege-pt-pt","status":"publish","type":"product","link":"https:\/\/olemosaic.com\/pt-pt\/produto\/concha-de-ceramica-punt-de-trobada-bege-pt-pt\/","title":{"rendered":"Concha de cer\u00e2mica. Punt de trobada. Bege"},"content":{"rendered":"<p>Esta concha de cer\u00e2mica pintada \u00e0 m\u00e3o, inspirada na obra &#8220;Punt de trobada&#8221;, \u00e9 uma pe\u00e7a \u00fanica que funde funcionalidade e arte. Com um elegante tom bege e bordas vermelhas vibrantes, apresenta um design abstrato e colorido, com formas org\u00e2nicas e detalhes decorativos em azul, verde, vermelho e preto, que evoca a ess\u00eancia do estilo art\u00edstico contempor\u00e2neo. Os intrincados padr\u00f5es d\u00e3o vida \u00e0 superf\u00edcie, criando um apelo visual que torna este utens\u00edlio uma obra de arte digna de ser exibida.<\/p>\n<p>Perfeita tanto para o uso na cozinha como para decorar qualquer espa\u00e7o, esta concha \u00e9 uma excelente recorda\u00e7\u00e3o da rica heran\u00e7a cultural e art\u00edstica da regi\u00e3o. O seu design n\u00e3o s\u00f3 reflete a criatividade dos artes\u00e3os locais, como tamb\u00e9m capta a ess\u00eancia da produ\u00e7\u00e3o cer\u00e2mica tradicional, tornando-a um souvenir aut\u00eantico e representativo. Na Ol\u00e9 Mosaic oferecemos esta concha de cer\u00e2mica como uma op\u00e7\u00e3o ideal para lojas de presentes tur\u00edsticos que procuram souvenirs aut\u00eanticos com um forte valor cultural. Como grossistas de conchas de cer\u00e2mica, garantimos que cada pe\u00e7a combine design, artesanato e autenticidade, sendo um presente memor\u00e1vel para quem deseja levar um peda\u00e7o de arte espanhola.<\/p>\n","protected":false},"excerpt":{"rendered":"<p>Concha de cer\u00e2mica de design artesanal, pintada \u00e0 m\u00e3o, inspirada na obra &#8220;Punt de trobada&#8221;. Esta singular concha, em tons bege com bordas vermelhas, exibe um colorido design abstrato com formas org\u00e2nicas e elementos decorativos em azul, verde, vermelho e preto, evocando o estilo art\u00edstico contempor\u00e2neo. Perfeita tanto para uso pr\u00e1tico como para decora\u00e7\u00e3o, esta concha \u00e9 uma excelente recorda\u00e7\u00e3o da arte e da cultura da regi\u00e3o.<\/p>\n","protected":false},"featured_media":10038,"template":"","meta":{"_acf_changed":false},"product_brand":[],"product_cat":[804],"product_tag":[515],"class_list":{"0":"post-37942","1":"product","2":"type-product","3":"status-publish","4":"has-post-thumbnail","6":"product_cat-conchas","7":"product_tag-ceramica","8":"pa_motivo-punt-de-trobada","10":"first","11":"instock","12":"shipping-taxable","13":"product-type-simple"},"acf":[],"_links":{"self":[{"href":"https:\/\/olemosaic.com\/pt-pt\/wp-json\/wp\/v2\/product\/37942","targetHints":{"allow":["GET"]}}],"collection":[{"href":"https:\/\/olemosaic.com\/pt-pt\/wp-json\/wp\/v2\/product"}],"about":[{"href":"https:\/\/olemosaic.com\/pt-pt\/wp-json\/wp\/v2\/types\/product"}],"wp:featuredmedia":[{"embeddable":true,"href":"https:\/\/olemosaic.com\/pt-pt\/wp-json\/wp\/v2\/media\/10038"}],"wp:attachment":[{"href":"https:\/\/olemosaic.com\/pt-pt\/wp-json\/wp\/v2\/media?parent=37942"}],"wp:term":[{"taxonomy":"product_brand","embeddable":true,"href":"https:\/\/olemosaic.com\/pt-pt\/wp-json\/wp\/v2\/product_brand?post=37942"},{"taxonomy":"product_cat","embeddable":true,"href":"https:\/\/olemosaic.com\/pt-pt\/wp-json\/wp\/v2\/product_cat?post=37942"},{"taxonomy":"product_tag","embeddable":true,"href":"https:\/\/olemosaic.com\/pt-pt\/wp-json\/wp\/v2\/product_tag?post=37942"}],"curies":[{"name":"wp","href":"https:\/\/api.w.org\/{rel}","templated":true}]}}