{"id":37941,"date":"2025-02-20T23:31:38","date_gmt":"2025-02-20T22:31:38","guid":{"rendered":"http:\/\/olemosaic.com\/producto\/cucharon-de-ceramica-bailaora-beige-2\/"},"modified":"2025-07-25T19:44:13","modified_gmt":"2025-07-25T17:44:13","slug":"concha-de-ceramica-bailarina-bege-2-pt-pt","status":"publish","type":"product","link":"https:\/\/olemosaic.com\/pt-pt\/produto\/concha-de-ceramica-bailarina-bege-2-pt-pt\/","title":{"rendered":"Concha de cer\u00e2mica. Bailarina. Arte flamenca. Bege"},"content":{"rendered":"<p>Esta concha de cer\u00e2mica pintada \u00e0 m\u00e3o \u00e9 uma pe\u00e7a excecional que capta a ess\u00eancia do flamenco espanhol. Desenhada sobre um vibrante fundo bege que cria um contraste perfeito, este utens\u00edlio artesanal apresenta no seu interior a colorida figura de uma bailarina, exibindo um traje cheio de matizes e paix\u00e3o. A ilustra\u00e7\u00e3o \u00e9 emoldurada por detalhes em laranja que acentuam a sua beleza, enquanto os motivos florais de cravos vermelhos adicionam um toque de simbolismo cultural, representando a tradi\u00e7\u00e3o e o amor espanhol.<\/p>\n<p>Cada concha \u00e9 uma obra \u00fanica que reflete a destreza dos artes\u00e3os, que emprestam o seu talento ao criar souvenirs representativos da cultura espanhola. Este design n\u00e3o s\u00f3 \u00e9 decorativo, como tamb\u00e9m tem uma profunda liga\u00e7\u00e3o com as tradi\u00e7\u00f5es culin\u00e1rias do pa\u00eds, tornando-a uma adi\u00e7\u00e3o encantadora para qualquer cozinha que queira evocar um ambiente festivo e aut\u00eantico.<\/p>\n<p>Na Ol\u00e9 Mosaic, estamos comprometidos com a distribui\u00e7\u00e3o de souvenirs de qualidade por grosso, oferecendo produtos que destacam a riqueza do folclore espanhol. Esta concha \u00e9 uma excelente op\u00e7\u00e3o para lojas de presentes tur\u00edsticos que procuram artigos distintivos e aut\u00eanticos. Como grossistas de cer\u00e2mica, garantimos a autenticidade de cada pe\u00e7a, tornando-a uma recorda\u00e7\u00e3o inesquec\u00edvel da sua visita a Espanha.<\/p>\n","protected":false},"excerpt":{"rendered":"<p>Concha de cer\u00e2mica de design artesanal, pintada \u00e0 m\u00e3o, decorada com a imagem de uma bailarina vestida com um vibrante traje de flamenco. Este atraente utens\u00edlio de cozinha apresenta um fundo bege emoldurado com detalhes em laranja e motivos florais, que evocam o colorido e a paix\u00e3o do flamenco espanhol. A figura da bailarina, rodeada de cravos vermelhos, confere um toque cultural que torna esta concha uma pe\u00e7a \u00fanica e decorativa.<\/p>\n","protected":false},"featured_media":7003,"template":"","meta":{"_acf_changed":false},"product_brand":[],"product_cat":[804],"product_tag":[515],"class_list":{"0":"post-37941","1":"product","2":"type-product","3":"status-publish","4":"has-post-thumbnail","6":"product_cat-conchas","7":"product_tag-ceramica","8":"pa_motivo-dancarinos","10":"first","11":"instock","12":"shipping-taxable","13":"product-type-simple"},"acf":[],"_links":{"self":[{"href":"https:\/\/olemosaic.com\/pt-pt\/wp-json\/wp\/v2\/product\/37941","targetHints":{"allow":["GET"]}}],"collection":[{"href":"https:\/\/olemosaic.com\/pt-pt\/wp-json\/wp\/v2\/product"}],"about":[{"href":"https:\/\/olemosaic.com\/pt-pt\/wp-json\/wp\/v2\/types\/product"}],"wp:featuredmedia":[{"embeddable":true,"href":"https:\/\/olemosaic.com\/pt-pt\/wp-json\/wp\/v2\/media\/7003"}],"wp:attachment":[{"href":"https:\/\/olemosaic.com\/pt-pt\/wp-json\/wp\/v2\/media?parent=37941"}],"wp:term":[{"taxonomy":"product_brand","embeddable":true,"href":"https:\/\/olemosaic.com\/pt-pt\/wp-json\/wp\/v2\/product_brand?post=37941"},{"taxonomy":"product_cat","embeddable":true,"href":"https:\/\/olemosaic.com\/pt-pt\/wp-json\/wp\/v2\/product_cat?post=37941"},{"taxonomy":"product_tag","embeddable":true,"href":"https:\/\/olemosaic.com\/pt-pt\/wp-json\/wp\/v2\/product_tag?post=37941"}],"curies":[{"name":"wp","href":"https:\/\/api.w.org\/{rel}","templated":true}]}}