{"id":37940,"date":"2025-02-20T23:31:38","date_gmt":"2025-02-20T22:31:38","guid":{"rendered":"http:\/\/olemosaic.com\/producto\/cucharon-de-ceramica-ronda-blanco\/"},"modified":"2025-07-25T20:07:01","modified_gmt":"2025-07-25T18:07:01","slug":"concha-de-ceramica-ronda-branco-pt-pt","status":"publish","type":"product","link":"https:\/\/olemosaic.com\/pt-pt\/produto\/concha-de-ceramica-ronda-branco-pt-pt\/","title":{"rendered":"Concha de cer\u00e2mica. Ronda. Branco"},"content":{"rendered":"<p>Esta concha de cer\u00e2mica pintada \u00e0 m\u00e3o \u00e9 uma requintada representa\u00e7\u00e3o da ic\u00f3nica cidade de Ronda, famosa pelas suas impressionantes paisagens e pelo seu rico patrim\u00f3nio cultural. Com um fundo branco que real\u00e7a o seu design vibrante, este utens\u00edlio combina est\u00e9tica funcional e decora\u00e7\u00e3o art\u00edstica, tornando-se uma pe\u00e7a ideal tanto para a cozinha como para exibi\u00e7\u00e3o. A ilustra\u00e7\u00e3o destaca a famosa ponte de Ronda, com os seus espetaculares arcos sobre o desfiladeiro, bem como cenas da vida local que captam o esp\u00edrito andaluz.<\/p>\n<p>Os detalhes do design em mosaico apresentam uma paleta de tons vermelhos, verdes e amarelos que evocam o calor do ambiente natural e arquitet\u00f3nico da zona. Esta pe\u00e7a n\u00e3o s\u00f3 \u00e9 um utens\u00edlio pr\u00e1tico, perfeito para servir os seus pratos favoritos, mas tamb\u00e9m uma bela recorda\u00e7\u00e3o que transporta os turistas para as ruas calcetadas e para o ambiente vibrante de Ronda. Como um aut\u00eantico souvenir de Ronda, esta concha \u00e9 uma excelente op\u00e7\u00e3o para quem procura levar um peda\u00e7o da cultura andaluza para casa.<\/p>\n<p>Na Ol\u00e9 Mosaic, especializamo-nos na distribui\u00e7\u00e3o por grosso de souvenirs aut\u00eanticos, e esta concha de cer\u00e2mica \u00e9 uma amostra perfeita da nossa oferta. Ideal para lojas de presentes tur\u00edsticos, este produto combina qualidade, artesanato e uma profunda liga\u00e7\u00e3o com a cultura local, o que o torna um atrativo irresist\u00edvel para os visitantes da regi\u00e3o.<\/p>\n","protected":false},"excerpt":{"rendered":"<p>Concha de cer\u00e2mica de design artesanal, pintada \u00e0 m\u00e3o, inspirada na bela cidade de Ronda. Este elegante utens\u00edlio apresenta uma ilustra\u00e7\u00e3o vibrante que capta a ess\u00eancia das suas panor\u00e2micas, com detalhes da sua famosa ponte e cenas da vida local. Com um design de mosaico em tons vermelhos, verdes e amarelos sobre fundo branco, \u00e9 tanto funcional como decorativo, ideal para adicionar um toque de cultura andaluza ao seu lar.<\/p>\n","protected":false},"featured_media":9990,"template":"","meta":{"_acf_changed":false},"product_brand":[],"product_cat":[804],"product_tag":[515],"class_list":{"0":"post-37940","1":"product","2":"type-product","3":"status-publish","4":"has-post-thumbnail","6":"product_cat-conchas","7":"product_tag-ceramica","8":"pa_ciudad-ronda","9":"pa_pais-espana","11":"first","12":"instock","13":"shipping-taxable","14":"product-type-simple"},"acf":[],"_links":{"self":[{"href":"https:\/\/olemosaic.com\/pt-pt\/wp-json\/wp\/v2\/product\/37940","targetHints":{"allow":["GET"]}}],"collection":[{"href":"https:\/\/olemosaic.com\/pt-pt\/wp-json\/wp\/v2\/product"}],"about":[{"href":"https:\/\/olemosaic.com\/pt-pt\/wp-json\/wp\/v2\/types\/product"}],"wp:featuredmedia":[{"embeddable":true,"href":"https:\/\/olemosaic.com\/pt-pt\/wp-json\/wp\/v2\/media\/9990"}],"wp:attachment":[{"href":"https:\/\/olemosaic.com\/pt-pt\/wp-json\/wp\/v2\/media?parent=37940"}],"wp:term":[{"taxonomy":"product_brand","embeddable":true,"href":"https:\/\/olemosaic.com\/pt-pt\/wp-json\/wp\/v2\/product_brand?post=37940"},{"taxonomy":"product_cat","embeddable":true,"href":"https:\/\/olemosaic.com\/pt-pt\/wp-json\/wp\/v2\/product_cat?post=37940"},{"taxonomy":"product_tag","embeddable":true,"href":"https:\/\/olemosaic.com\/pt-pt\/wp-json\/wp\/v2\/product_tag?post=37940"}],"curies":[{"name":"wp","href":"https:\/\/api.w.org\/{rel}","templated":true}]}}